{"id":10963,"date":"2018-01-03T09:17:14","date_gmt":"2018-01-03T08:17:14","guid":{"rendered":"https:\/\/inventusgroup.com\/efficient-professional-handling-of-new-used-it-equipment\/"},"modified":"2023-01-25T09:17:30","modified_gmt":"2023-01-25T08:17:30","slug":"efficient-professional-handling-of-new-used-it-equipment","status":"publish","type":"page","link":"https:\/\/inventusgroup.com\/da\/","title":{"rendered":"Effektiv &#038; professionel h\u00e5ndtering af nyt &#038; brugt IT-udstyr"},"content":{"rendered":"<div class=\"fusion-fullwidth fullwidth-box fusion-fullwidth-1  fusion-parallax-none\" style=\"border-color:#f6f6f6;border-bottom-width: 0px;border-top-width: 0px;border-bottom-style: solid;border-top-style: solid;padding-bottom:0px;padding-left:0px;padding-right:0px;padding-top:0px;background-color:#ffffff;background-position:left top;background-repeat:no-repeat;-webkit-background-size:cover;-moz-background-size:cover;-o-background-size:cover;background-size:cover;\"><style type=\"text\/css\" scoped=\"scoped\">.fusion-fullwidth-1 {\n\t\t\t\t\t\t\tpadding-left: 0px !important;\n\t\t\t\t\t\t\tpadding-right: 0px !important;\n\t\t\t\t\t\t}<\/style><div class=\"fusion-row\"><div class=\"fusion-content-boxes content-boxes columns fusion-columns-3 fusion-content-boxes-1 content-boxes-icon-with-title row content-left company-usps\" style=\"margin-top:0px;margin-bottom:60px;\"><div class=\"fusion-column content-box-column content-box-column-1 col-lg-4 col-md-4 col-sm-4\"><div class=\"col content-wrapper\"><div class=\"icon\"><i style=\"border-color:#e5b23f;background-color:#e5b23f;height:42px;width:42px;line-height:42px;font-size:21px;\" class=\"fa fontawesome-icon fa-bar-chart circle-yes\"><\/i><\/div><div class=\"content-box-content\"><div class=\"heading heading-with-icon icon-left\"><h2 class=\"content-box-heading\" style=\"font-size: 18px;line-height:20px;\">Brugt IT-udstyr<\/h2><\/div><div class=\"content-container\">\n<p>Skal dit firma gennemg\u00e5 en IT-opgradering? Lad os h\u00e5ndtere dit brugte IT-udstyr.<\/p>\n<\/div><\/div><\/div><\/div><div class=\"fusion-column content-box-column content-box-column-2 col-lg-4 col-md-4 col-sm-4\"><div class=\"col content-wrapper\"><div class=\"icon\"><i style=\"border-color:#e5b23f;background-color:#e5b23f;height:42px;width:42px;line-height:42px;font-size:21px;\" class=\"fa fontawesome-icon fa-globe circle-yes\"><\/i><\/div><div class=\"content-box-content\"><div class=\"heading heading-with-icon icon-left\"><h2 class=\"content-box-heading\" style=\"font-size: 18px;line-height:20px;\">CSR<\/h2><\/div><div class=\"content-container\">\n<p>Vi mener, at vi alle har et ansvar for at h\u00e5ndtere IT udstyr p\u00e5 en ansvarlig og b\u00e6redygtig m\u00e5de<\/p>\n<\/div><\/div><\/div><\/div><div class=\"fusion-column content-box-column content-box-column-3 col-lg-4 col-md-4 col-sm-4\"><div class=\"col content-wrapper\"><div class=\"icon\"><i style=\"border-color:#e5b23f;background-color:#e5b23f;height:42px;width:42px;line-height:42px;font-size:21px;\" class=\"fa fontawesome-icon fa-cog circle-yes\"><\/i><\/div><div class=\"content-box-content\"><div class=\"heading heading-with-icon icon-left\"><h2 class=\"content-box-heading\" style=\"font-size: 18px;line-height:20px;\">Professionel Service<\/h2><\/div><div class=\"content-container\">\n<p>Vi holder dig opdateret p\u00e5 processen og str\u00e6ber efter at v\u00e6re effektive og hurtige.<\/p>\n<\/div><\/div><\/div><\/div><div class=\"fusion-clearfix\"><\/div><div class=\"fusion-clearfix\"><\/div><\/div><div class=\"fusion-sep-clear\"><\/div><div class=\"fusion-separator fusion-full-width-sep sep-single\" style=\"border-color:#e0dede;border-top-width:1px;margin-left: auto;margin-right: auto;margin-top:-30px;margin-bottom:30px;\"><\/div><div class=\"fusion-one-half fusion-layout-column fusion-spacing-yes services-section\" style=\"margin-top:0px;margin-bottom:20px;\"><div class=\"fusion-column-wrapper\"><div class=\"fusion-title title fusion-title-size-two\"><h2 class=\"title-heading-left\">\n<p>Brugt IT-udstyr<\/p>\n<\/h2><div class=\"title-sep-container\"><div class=\"title-sep sep-double\"><\/div><\/div><\/div><div class=\"fusion-content-boxes content-boxes columns fusion-columns-1 fusion-content-boxes-2 content-boxes-icon-boxed row content-left service-box-item\" style=\"margin-top:0px;margin-bottom:20px;\"><div class=\"fusion-column content-box-column content-box-column-1 col-lg-12 col-md-12 col-sm-12\"><div class=\"col content-wrapper content-wrapper-boxed\"><div style=\"margin-left:-17.5px;top:-67.5px;\" class=\"image\"><img decoding=\"async\" src=\"https:\/\/inventusgroup.com\/wp-content\/uploads\/2017\/12\/sell-used-it-equipment.jpg\" width=\"35\" height=\"35\" alt=\"\" \/><\/div><div class=\"content-box-content\"><div class=\"heading heading-with-icon icon-left\"><h2 class=\"content-box-heading\" style=\"font-size: 18px;line-height:20px;\">S\u00e6lg brugt IT-udstyr<\/h2><\/div><div class=\"content-container\">\n<p>Vil du gerne s\u00e6lge dit brugte IT-udstyr? Vi kan hj\u00e6lpe dig.<\/p>\n<p><a href=\"https:\/\/inventusgroup.com\/da\/brugt-it-udstyr\/\">L\u00e6s mere<\/a><\/p>\n<\/div><\/div><\/div><\/div><div class=\"fusion-clearfix\"><\/div><div class=\"fusion-clearfix\"><\/div><\/div><div class=\"fusion-content-boxes content-boxes columns fusion-columns-1 fusion-content-boxes-3 content-boxes-icon-boxed row content-left service-box-item\" style=\"margin-top:0px;margin-bottom:20px;\"><div class=\"fusion-column content-box-column content-box-column-1 col-lg-12 col-md-12 col-sm-12\"><div class=\"col content-wrapper content-wrapper-boxed\"><div style=\"margin-left:-17.5px;top:-67.5px;\" class=\"image\"><img decoding=\"async\" src=\"https:\/\/inventusgroup.com\/wp-content\/uploads\/2017\/12\/it-equipment-disposal.jpg\" width=\"35\" height=\"35\" alt=\"\" \/><\/div><div class=\"content-box-content\"><div class=\"heading heading-with-icon icon-left\"><h2 class=\"content-box-heading\" style=\"font-size: 18px;line-height:20px;\">Bortskaffelse af IT-udstyr<\/h2><\/div><div class=\"content-container\">\n<p>Vi kan hj\u00e6lpe dig med at deponere dit brugte IT-udstyr p\u00e5 en b\u00e6redygtig m\u00e5de.<\/p>\n<p><a href=\"https:\/\/inventusgroup.com\/da\/bortskaffelse-af-it-udstyr\/\">L\u00e6s mere<\/a><\/p>\n<\/div><\/div><\/div><\/div><div class=\"fusion-clearfix\"><\/div><div class=\"fusion-clearfix\"><\/div><\/div><div class=\"fusion-content-boxes content-boxes columns fusion-columns-1 fusion-content-boxes-4 content-boxes-icon-boxed row content-left service-box-item\" style=\"margin-top:0px;margin-bottom:20px;\"><div class=\"fusion-column content-box-column content-box-column-1 col-lg-12 col-md-12 col-sm-12\"><div class=\"col content-wrapper content-wrapper-boxed\"><div style=\"margin-left:-17.5px;top:-67.5px;\" class=\"image\"><img decoding=\"async\" src=\"https:\/\/inventusgroup.com\/wp-content\/uploads\/2017\/12\/data-removal.jpg\" width=\"35\" height=\"35\" alt=\"\" \/><\/div><div class=\"content-box-content\"><div class=\"heading heading-with-icon icon-left\"><h2 class=\"content-box-heading\" style=\"font-size: 18px;line-height:20px;\">Datasletning<\/h2><\/div><div class=\"content-container\">\n<p>Vi s\u00f8rger for, at dit udstyr er professionelt renset &#8211; og dokumenterer det selvf\u00f8lgelig<\/p>\n<\/div><\/div><\/div><\/div><div class=\"fusion-clearfix\"><\/div><div class=\"fusion-clearfix\"><\/div><\/div><\/div><\/div><div class=\"fusion-one-half fusion-layout-column fusion-column-last fusion-spacing-yes services-section\" style=\"margin-top:0px;margin-bottom:20px;\"><div class=\"fusion-column-wrapper\"><div class=\"fusion-title title fusion-title-size-two\"><h2 class=\"title-heading-left\">\n<p>Nyt IT-udstyr<\/p>\n<\/h2><div class=\"title-sep-container\"><div class=\"title-sep sep-double\"><\/div><\/div><\/div><div class=\"fusion-content-boxes content-boxes columns fusion-columns-1 fusion-content-boxes-5 content-boxes-icon-boxed row content-left service-box-item\" style=\"margin-top:0px;margin-bottom:20px;\"><div class=\"fusion-column content-box-column content-box-column-1 col-lg-12 col-md-12 col-sm-12\"><div class=\"col content-wrapper content-wrapper-boxed\"><div style=\"margin-left:-17.5px;top:-67.5px;\" class=\"image\"><img decoding=\"async\" src=\"https:\/\/inventusgroup.com\/wp-content\/uploads\/2017\/12\/buy-new-it-equipment.jpg\" width=\"35\" height=\"35\" alt=\"\" \/><\/div><div class=\"content-box-content\"><div class=\"heading heading-with-icon icon-left\"><h2 class=\"content-box-heading\" style=\"font-size: 18px;line-height:20px;\">K\u00f8b nyt IT-udstyr<\/h2><\/div><div class=\"content-container\">\n<p>Har du brug for optioner til dit datacenter hurtigt? Lad os levere det for dig!<\/p>\n<p><a href=\"https:\/\/inventusgroup.com\/da\/nyt-it-udstyr\/\">L\u00e6s mere<\/a><\/p>\n<\/div><\/div><\/div><\/div><div class=\"fusion-clearfix\"><\/div><div class=\"fusion-clearfix\"><\/div><\/div><div class=\"fusion-content-boxes content-boxes columns fusion-columns-1 fusion-content-boxes-6 content-boxes-icon-boxed row content-left service-box-item\" style=\"margin-top:0px;margin-bottom:20px;\"><div class=\"fusion-column content-box-column content-box-column-1 col-lg-12 col-md-12 col-sm-12\"><div class=\"col content-wrapper content-wrapper-boxed\"><div style=\"margin-left:-17.5px;top:-67.5px;\" class=\"image\"><img decoding=\"async\" src=\"https:\/\/inventusgroup.com\/wp-content\/uploads\/2017\/12\/ebay-store.jpg\" width=\"35\" height=\"35\" alt=\"\" \/><\/div><div class=\"content-box-content\"><div class=\"heading heading-with-icon icon-left\"><h2 class=\"content-box-heading\" style=\"font-size: 18px;line-height:20px;\">Bes\u00f8g vores eBay butik<\/h2><\/div><div class=\"content-container\">\n<p>Vi f\u00e5r leveret nye produkter hver dag. Giv os gerne et kald for en opdateret lagersituation.<\/p>\n<p><a href=\"https:\/\/inventusgroup.com\/da\/ebay-store\/\">L\u00e6s mere<\/a><\/p>\n<\/div><\/div><\/div><\/div><div class=\"fusion-clearfix\"><\/div><div class=\"fusion-clearfix\"><\/div><\/div><div class=\"fusion-content-boxes content-boxes columns fusion-columns-1 fusion-content-boxes-7 content-boxes-icon-boxed row content-left service-box-item\" style=\"margin-top:0px;margin-bottom:20px;\"><div class=\"fusion-column content-box-column content-box-column-1 col-lg-12 col-md-12 col-sm-12\"><div class=\"col content-wrapper content-wrapper-boxed\"><div style=\"margin-left:-17.5px;top:-67.5px;\" class=\"image\"><img decoding=\"async\" src=\"https:\/\/inventusgroup.com\/wp-content\/uploads\/2017\/12\/collaborations.jpg\" width=\"35\" height=\"35\" alt=\"\" \/><\/div><div class=\"content-box-content\"><div class=\"heading heading-with-icon icon-left\"><h2 class=\"content-box-heading\" style=\"font-size: 18px;line-height:20px;\">Samarbejdspartnere<\/h2><\/div><div class=\"content-container\">\n<p>Vi samarbejder med mange forskellige IT-distribut\u00f8rer og kan leveret nyt IT-udstyr til dig.<\/p>\n<p><a href=\"https:\/\/inventusgroup.com\/da\/nyt-it-udstyr\/\">L\u00e6s mere<\/a><\/p>\n<\/div><\/div><\/div><\/div><div class=\"fusion-clearfix\"><\/div><div class=\"fusion-clearfix\"><\/div><\/div><\/div><\/div><div class=\"fusion-clearfix\"><\/div><\/div><\/div><div class=\"fusion-fullwidth fullwidth-box fusion-fullwidth-2  fusion-parallax-none\" style=\"border-color:#eae9e9;border-bottom-width: 0px;border-top-width: 0px;border-bottom-style: solid;border-top-style: solid;padding-bottom:0px;padding-left:0px;padding-right:0px;padding-top:20px;background-color:#ffffff;background-position:left top;background-repeat:no-repeat;-webkit-background-size:cover;-moz-background-size:cover;-o-background-size:cover;background-size:cover;\"><style type=\"text\/css\" scoped=\"scoped\">.fusion-fullwidth-2 {\n\t\t\t\t\t\t\tpadding-left: 0px !important;\n\t\t\t\t\t\t\tpadding-right: 0px !important;\n\t\t\t\t\t\t}<\/style><div class=\"fusion-row\"><div class=\"fusion-title title fusion-title-size-two\"><h2 class=\"title-heading-left\">\n<\/h2><div class=\"title-sep-container\"><div class=\"title-sep sep-double\" style=\"border-color:#e0dede;\"><\/div><\/div><\/div><div class=\"fusion-one-half fusion-layout-column fusion-spacing-yes\" style=\"margin-top:0px;margin-bottom:20px;\"><div class=\"fusion-column-wrapper\"><h2 style=\"text-align: center;\"><em><strong>Inventus Group <\/strong>blev grundlagt i 2004 med et m\u00e5l om at indk\u00f8be det <a href=\"https:\/\/inventusgroup.com\/da\/brugt-it-udstyr\/\">bedste brugte IT-udstyr <\/a> til deres kunder.<\/em><\/h2>\n<h2 style=\"text-align: center;\"><em>Siden da har Inventus Group vokset sig til en global forretning, der hj\u00e6lper mange kunder rundt om i verden.<\/em><\/h2>\n<h4 style=\"text-align: center;\"><a href=\"https:\/\/inventusgroup.com\/da\/about-us\/\"><strong><em>Klik her for at l\u00e6se mere om Inventus Group!\u00a0<\/em><\/strong><\/a><\/h4>\n<\/div><\/div><div class=\"fusion-one-half fusion-layout-column fusion-column-last fusion-spacing-yes\" style=\"margin-top:0px;margin-bottom:20px;\"><div class=\"fusion-column-wrapper\"><span class=\"fusion-imageframe imageframe-none imageframe-1\"><img decoding=\"async\" src=\"https:\/\/inventusgroup.com\/wp-content\/uploads\/2019\/09\/Gruppe-2-min-2-cropped.jpg\" class=\"img-responsive\"\/>\u00a0<\/span><\/div><\/div><div class=\"fusion-clearfix\"><\/div><\/div><\/div>\n","protected":false},"excerpt":{"rendered":"","protected":false},"author":1,"featured_media":0,"parent":0,"menu_order":0,"comment_status":"closed","ping_status":"closed","template":"home.php","meta":{"footnotes":""},"class_list":["post-10963","page","type-page","status-publish","hentry"],"yoast_head":"<!-- This site is optimized with the Yoast SEO plugin v27.0 - https:\/\/yoast.com\/product\/yoast-seo-wordpress\/ -->\n<title>\u2192 S\u00e6lg os dit brugte IT-udstyr eller k\u00f8be nye \u2190 Se mere!<\/title>\n<meta name=\"description\" content=\"S\u00e6lg dit brugte IT-udstyr til os \u2714 K\u00f8be nyt IT-udstyr \u2714 100% data sikkerhed \u2714 H\u00f8jeste kreditv\u00e6rdighed \u2714 Konkurrencedygtige priser \u2714 \u260e Kontakt os i dag!\" \/>\n<meta name=\"robots\" content=\"index, follow, max-snippet:-1, max-image-preview:large, max-video-preview:-1\" \/>\n<link rel=\"canonical\" href=\"https:\/\/inventusgroup.com\/da\/\" \/>\n<meta property=\"og:locale\" content=\"da_DK\" \/>\n<meta property=\"og:type\" content=\"article\" \/>\n<meta property=\"og:title\" content=\"\u2192 S\u00e6lg os dit brugte IT-udstyr eller k\u00f8be nye \u2190 Se mere!\" \/>\n<meta property=\"og:description\" content=\"S\u00e6lg dit brugte IT-udstyr til os \u2714 K\u00f8be nyt IT-udstyr \u2714 100% data sikkerhed \u2714 H\u00f8jeste kreditv\u00e6rdighed \u2714 Konkurrencedygtige priser \u2714 \u260e Kontakt os i dag!\" \/>\n<meta property=\"og:url\" content=\"https:\/\/inventusgroup.com\/da\/\" \/>\n<meta property=\"og:site_name\" content=\"Inventus Group A\/S\" \/>\n<meta property=\"article:modified_time\" content=\"2023-01-25T08:17:30+00:00\" \/>\n<meta property=\"og:image\" content=\"https:\/\/inventusgroup.com\/wp-content\/uploads\/2019\/09\/Gruppe-2-min-2-cropped.jpg\" \/>\n<meta name=\"twitter:card\" content=\"summary_large_image\" \/>\n<meta name=\"twitter:label1\" content=\"Estimeret l\u00e6setid\" \/>\n\t<meta name=\"twitter:data1\" content=\"6 minutter\" \/>\n<script type=\"application\/ld+json\" class=\"yoast-schema-graph\">{\"@context\":\"https:\/\/schema.org\",\"@graph\":[{\"@type\":\"WebPage\",\"@id\":\"https:\/\/inventusgroup.com\/da\/\",\"url\":\"https:\/\/inventusgroup.com\/da\/\",\"name\":\"\u2192 S\u00e6lg os dit brugte IT-udstyr eller k\u00f8be nye \u2190 Se mere!\",\"isPartOf\":{\"@id\":\"https:\/\/inventusgroup.com\/da\/#website\"},\"primaryImageOfPage\":{\"@id\":\"https:\/\/inventusgroup.com\/da\/#primaryimage\"},\"image\":{\"@id\":\"https:\/\/inventusgroup.com\/da\/#primaryimage\"},\"thumbnailUrl\":\"https:\/\/inventusgroup.com\/wp-content\/uploads\/2019\/09\/Gruppe-2-min-2-cropped.jpg\",\"datePublished\":\"2018-01-03T08:17:14+00:00\",\"dateModified\":\"2023-01-25T08:17:30+00:00\",\"description\":\"S\u00e6lg dit brugte IT-udstyr til os \u2714 K\u00f8be nyt IT-udstyr \u2714 100% data sikkerhed \u2714 H\u00f8jeste kreditv\u00e6rdighed \u2714 Konkurrencedygtige priser \u2714 \u260e Kontakt os i dag!\",\"breadcrumb\":{\"@id\":\"https:\/\/inventusgroup.com\/da\/#breadcrumb\"},\"inLanguage\":\"da-DK\",\"potentialAction\":[{\"@type\":\"ReadAction\",\"target\":[\"https:\/\/inventusgroup.com\/da\/\"]}]},{\"@type\":\"ImageObject\",\"inLanguage\":\"da-DK\",\"@id\":\"https:\/\/inventusgroup.com\/da\/#primaryimage\",\"url\":\"https:\/\/inventusgroup.com\/wp-content\/uploads\/2019\/09\/Gruppe-2-min-2-cropped.jpg\",\"contentUrl\":\"https:\/\/inventusgroup.com\/wp-content\/uploads\/2019\/09\/Gruppe-2-min-2-cropped.jpg\"},{\"@type\":\"BreadcrumbList\",\"@id\":\"https:\/\/inventusgroup.com\/da\/#breadcrumb\",\"itemListElement\":[{\"@type\":\"ListItem\",\"position\":1,\"name\":\"Hjem\",\"item\":\"https:\/\/inventusgroup.com\/da\/\"},{\"@type\":\"ListItem\",\"position\":2,\"name\":\"Effektiv &#038; professionel h\u00e5ndtering af nyt &#038; brugt IT-udstyr\"}]},{\"@type\":\"WebSite\",\"@id\":\"https:\/\/inventusgroup.com\/da\/#website\",\"url\":\"https:\/\/inventusgroup.com\/da\/\",\"name\":\"Inventus Group A\/S\",\"description\":\"Your IT provider and reseller of used IT Infrastructure equipment\",\"potentialAction\":[{\"@type\":\"SearchAction\",\"target\":{\"@type\":\"EntryPoint\",\"urlTemplate\":\"https:\/\/inventusgroup.com\/da\/?s={search_term_string}\"},\"query-input\":{\"@type\":\"PropertyValueSpecification\",\"valueRequired\":true,\"valueName\":\"search_term_string\"}}],\"inLanguage\":\"da-DK\"}]}<\/script>\n<!-- \/ Yoast SEO plugin. -->","yoast_head_json":{"title":"\u2192 S\u00e6lg os dit brugte IT-udstyr eller k\u00f8be nye \u2190 Se mere!","description":"S\u00e6lg dit brugte IT-udstyr til os \u2714 K\u00f8be nyt IT-udstyr \u2714 100% data sikkerhed \u2714 H\u00f8jeste kreditv\u00e6rdighed \u2714 Konkurrencedygtige priser \u2714 \u260e Kontakt os i dag!","robots":{"index":"index","follow":"follow","max-snippet":"max-snippet:-1","max-image-preview":"max-image-preview:large","max-video-preview":"max-video-preview:-1"},"canonical":"https:\/\/inventusgroup.com\/da\/","og_locale":"da_DK","og_type":"article","og_title":"\u2192 S\u00e6lg os dit brugte IT-udstyr eller k\u00f8be nye \u2190 Se mere!","og_description":"S\u00e6lg dit brugte IT-udstyr til os \u2714 K\u00f8be nyt IT-udstyr \u2714 100% data sikkerhed \u2714 H\u00f8jeste kreditv\u00e6rdighed \u2714 Konkurrencedygtige priser \u2714 \u260e Kontakt os i dag!","og_url":"https:\/\/inventusgroup.com\/da\/","og_site_name":"Inventus Group A\/S","article_modified_time":"2023-01-25T08:17:30+00:00","og_image":[{"url":"https:\/\/inventusgroup.com\/wp-content\/uploads\/2019\/09\/Gruppe-2-min-2-cropped.jpg","type":"","width":"","height":""}],"twitter_card":"summary_large_image","twitter_misc":{"Estimeret l\u00e6setid":"6 minutter"},"schema":{"@context":"https:\/\/schema.org","@graph":[{"@type":"WebPage","@id":"https:\/\/inventusgroup.com\/da\/","url":"https:\/\/inventusgroup.com\/da\/","name":"\u2192 S\u00e6lg os dit brugte IT-udstyr eller k\u00f8be nye \u2190 Se mere!","isPartOf":{"@id":"https:\/\/inventusgroup.com\/da\/#website"},"primaryImageOfPage":{"@id":"https:\/\/inventusgroup.com\/da\/#primaryimage"},"image":{"@id":"https:\/\/inventusgroup.com\/da\/#primaryimage"},"thumbnailUrl":"https:\/\/inventusgroup.com\/wp-content\/uploads\/2019\/09\/Gruppe-2-min-2-cropped.jpg","datePublished":"2018-01-03T08:17:14+00:00","dateModified":"2023-01-25T08:17:30+00:00","description":"S\u00e6lg dit brugte IT-udstyr til os \u2714 K\u00f8be nyt IT-udstyr \u2714 100% data sikkerhed \u2714 H\u00f8jeste kreditv\u00e6rdighed \u2714 Konkurrencedygtige priser \u2714 \u260e Kontakt os i dag!","breadcrumb":{"@id":"https:\/\/inventusgroup.com\/da\/#breadcrumb"},"inLanguage":"da-DK","potentialAction":[{"@type":"ReadAction","target":["https:\/\/inventusgroup.com\/da\/"]}]},{"@type":"ImageObject","inLanguage":"da-DK","@id":"https:\/\/inventusgroup.com\/da\/#primaryimage","url":"https:\/\/inventusgroup.com\/wp-content\/uploads\/2019\/09\/Gruppe-2-min-2-cropped.jpg","contentUrl":"https:\/\/inventusgroup.com\/wp-content\/uploads\/2019\/09\/Gruppe-2-min-2-cropped.jpg"},{"@type":"BreadcrumbList","@id":"https:\/\/inventusgroup.com\/da\/#breadcrumb","itemListElement":[{"@type":"ListItem","position":1,"name":"Hjem","item":"https:\/\/inventusgroup.com\/da\/"},{"@type":"ListItem","position":2,"name":"Effektiv &#038; professionel h\u00e5ndtering af nyt &#038; brugt IT-udstyr"}]},{"@type":"WebSite","@id":"https:\/\/inventusgroup.com\/da\/#website","url":"https:\/\/inventusgroup.com\/da\/","name":"Inventus Group A\/S","description":"Your IT provider and reseller of used IT Infrastructure equipment","potentialAction":[{"@type":"SearchAction","target":{"@type":"EntryPoint","urlTemplate":"https:\/\/inventusgroup.com\/da\/?s={search_term_string}"},"query-input":{"@type":"PropertyValueSpecification","valueRequired":true,"valueName":"search_term_string"}}],"inLanguage":"da-DK"}]}},"_links":{"self":[{"href":"https:\/\/inventusgroup.com\/da\/wp-json\/wp\/v2\/pages\/10963","targetHints":{"allow":["GET"]}}],"collection":[{"href":"https:\/\/inventusgroup.com\/da\/wp-json\/wp\/v2\/pages"}],"about":[{"href":"https:\/\/inventusgroup.com\/da\/wp-json\/wp\/v2\/types\/page"}],"author":[{"embeddable":true,"href":"https:\/\/inventusgroup.com\/da\/wp-json\/wp\/v2\/users\/1"}],"replies":[{"embeddable":true,"href":"https:\/\/inventusgroup.com\/da\/wp-json\/wp\/v2\/comments?post=10963"}],"version-history":[{"count":4,"href":"https:\/\/inventusgroup.com\/da\/wp-json\/wp\/v2\/pages\/10963\/revisions"}],"predecessor-version":[{"id":14707,"href":"https:\/\/inventusgroup.com\/da\/wp-json\/wp\/v2\/pages\/10963\/revisions\/14707"}],"wp:attachment":[{"href":"https:\/\/inventusgroup.com\/da\/wp-json\/wp\/v2\/media?parent=10963"}],"curies":[{"name":"wp","href":"https:\/\/api.w.org\/{rel}","templated":true}]}}