{"id":10969,"date":"2012-07-31T02:15:48","date_gmt":"2012-07-31T00:15:48","guid":{"rendered":"https:\/\/inventusgroup.com\/about-us\/"},"modified":"2023-01-25T11:01:07","modified_gmt":"2023-01-25T10:01:07","slug":"about-us","status":"publish","type":"page","link":"https:\/\/inventusgroup.com\/da\/about-us\/","title":{"rendered":"Om os"},"content":{"rendered":"<div class=\"fusion-fullwidth fullwidth-box fusion-fullwidth-1  fusion-parallax-none\" style=\"border-color:#eae9e9;border-bottom-width: 0px;border-top-width: 0px;border-bottom-style: solid;border-top-style: solid;padding-bottom:20px;padding-left:0px;padding-right:0px;padding-top:0px;background-color:#ffffff;background-position:left top;background-repeat:no-repeat;-webkit-background-size:cover;-moz-background-size:cover;-o-background-size:cover;background-size:cover;\"><style type=\"text\/css\" scoped=\"scoped\">.fusion-fullwidth-1 {\n\t\t\t\t\t\t\tpadding-left: 0px !important;\n\t\t\t\t\t\t\tpadding-right: 0px !important;\n\t\t\t\t\t\t}<\/style><div class=\"fusion-row\"><div class=\"fusion-one-full fusion-layout-column fusion-column-last fusion-spacing-yes\" style=\"margin-top:0px;margin-bottom:20px;\"><div class=\"fusion-column-wrapper\"><div class=\"fusion-title title fusion-title-size-one centered\"><h1 class=\"title-heading-left\">\n<p>Velkommen til Inventus<\/p>\n<\/h1><div class=\"title-sep-container\"><div class=\"title-sep sep-double\" style=\"border-color:#e0dede;\"><\/div><\/div><\/div><p style=\"text-align: center;\"><em>Inventus Group blev grundlagt i 2004 med et m\u00e5l om at indk\u00f8be det bedste brugte IT-udstyr til sine kunder. Siden da har Inventus Group vokset sig til en global forretning, der hj\u00e6lper mange kunder og leverand\u00f8rer rundt om i verden.<\/em><\/p>\n<p style=\"text-align: center;\"><em>Inventus Group er uafh\u00e6ngig af producenterne, og vi s\u00f8ger i hele verden for at finde de produkter, du s\u00f8ger. Uanset om det er nyt eller brugt. Vores forretningsmodel er at levere produkter af h\u00f8jeste kvalitet, hurtigt og til en konkurrencedygtig pris. Alle vores produkter gennemg\u00e5r derfor en kvalitetskontrol p\u00e5 vores lager for at sikre, at vi leverer produkter af h\u00f8jeste kvalitet. Denne forretningsmodel har givet v\u00e6rdi, ikke kun til Inventus Group, men ogs\u00e5 til vores kunder. Vi tror p\u00e5 det!<\/em><\/p>\n<p style=\"text-align: center;\"><em>Med vores store erfaring i branchen, har vi samlet en stor ekspertise og udviklet store og vigtige forretningsforbindelser p\u00e5 verdensplan.<\/em><\/p>\n<\/div><\/div><div class=\"fusion-clearfix\"><\/div><\/div><\/div><div class=\"fusion-fullwidth fullwidth-box fusion-fullwidth-2  fusion-parallax-none\" style=\"border-color:#eae9e9;border-bottom-width: 0px;border-top-width: 0px;border-bottom-style: solid;border-top-style: solid;padding-bottom:0px;padding-left:0px;padding-right:0px;padding-top:20px;background-color:#ffffff;background-position:left top;background-repeat:no-repeat;-webkit-background-size:cover;-moz-background-size:cover;-o-background-size:cover;background-size:cover;\"><style type=\"text\/css\" scoped=\"scoped\">.fusion-fullwidth-2 {\n\t\t\t\t\t\t\tpadding-left: 0px !important;\n\t\t\t\t\t\t\tpadding-right: 0px !important;\n\t\t\t\t\t\t}<\/style><div class=\"fusion-row\"><div class=\"fusion-one-third one_third fusion-layout-column fusion-spacing-yes company-vision-mission\" style=\"margin-top:0px;margin-bottom:20px;\"><div class=\"fusion-column-wrapper\"><div class=\"fusion-title title fusion-title-size-two\"><h2 class=\"title-heading-left\">\n<h2>Mission<\/h2>\n<\/h2><div class=\"title-sep-container\"><div class=\"title-sep sep-double\" style=\"border-color:#f18f1c;\"><\/div><\/div><\/div><p>Hos Inventus Group er vores mission at k\u00f8be og s\u00e6lge nyt og brugt IT-udstyr over hele verden.<\/p>\n<p>Vi mener, at personlige kontakt er vigtig i vores branche, og vi \u00f8nsker at vores kunder og leverand\u00f8rer stoler p\u00e5 vores ekspertise og ydelser.<\/p>\n<ul>\n<li>Konkurrencedygtige priser<\/li>\n<li>Professionel konsulentvirksomhed<\/li>\n<li>Levering til tiden<\/li>\n<li>H\u00f8j kvalitetspakning<\/li>\n<li>Kundetilfredshed<\/li>\n<\/ul>\n<p>Vi lytter til vores kunders behov og \u00f8nsker, og vi bruger vores globale netv\u00e6rk af leverand\u00f8rer til at s\u00f8ge efter de produkter, der er n\u00f8dvendige \u2013 hvad enten de er brugte eller er nye.<\/p>\n<p>Vi tr\u00e6kker p\u00e5 vores globale netv\u00e6rk af leverand\u00f8rer til at skaffe de produkter, vores kunder eftersp\u00f8rger. Ligeledes bruger vi hele vores netv\u00e6rk, n\u00e5r vores kunder og partnere \u00f8nsker at s\u00e6lge deres gamle funktionelle IT-udstyr.<\/p>\n<\/div><\/div><div class=\"fusion-one-third one_third fusion-layout-column fusion-spacing-yes company-clients-say\" style=\"margin-top:0px;margin-bottom:20px;\"><div class=\"fusion-column-wrapper\"><div class=\"fusion-title title fusion-title-size-two\"><h2 class=\"title-heading-left\">\n<h2>Vision<\/h2>\n<\/h2><div class=\"title-sep-container\"><div class=\"title-sep sep-double\" style=\"border-color:#f18f1c;\"><\/div><\/div><\/div><p>Vores vision er at v\u00e6re den bedste professionelle partner for vores kunder og leverand\u00f8rer, n\u00e5r det drejer sig om at levere brugt og nyt IT-udstyr.<\/p>\n<p>Vi str\u00e6ber efter at fortjene vores kunders loyalitet ved at give dem viden og st\u00f8tte i alle aspekter af vores f\u00e6lles forretning.<\/p>\n<\/div><\/div><div class=\"fusion-one-third one_third fusion-layout-column fusion-column-last fusion-spacing-yes company-clients-say\" style=\"margin-top:0px;margin-bottom:20px;\"><div class=\"fusion-column-wrapper\"><div class=\"fusion-title title fusion-title-size-two\"><h2 class=\"title-heading-left\">\n<h2>V\u00e6rdier<\/h2>\n<\/h2><div class=\"title-sep-container\"><div class=\"title-sep sep-double\" style=\"border-color:#f18f1c;\"><\/div><\/div><\/div><p>Hos Inventus Group arbejder vi med f\u00f8lgende kernev\u00e6rdiger: En god langsigtet forretningsforbindelse, p\u00e5lidelige produkter og ydelser, levering til tiden og professionalisme.<\/p>\n<p>Vi har en flad, organisatorisk struktur og l\u00e6gger v\u00e6rdi i de relationer, vi har med vores medarbejdere, kunder og leverand\u00f8rer.<\/p>\n<p>Andre v\u00e6rdier, som vi fokuserer p\u00e5 hos Inventus Group er:<\/p>\n<ul>\n<li>Tilg\u00e6ngelighed for vores kunder i hele verden<\/li>\n<li>CSR<\/li>\n<li>L\u00f8sningsorienterede.<\/li>\n<\/ul>\n<p>Vi er ikke tilfredse, f\u00f8r du er. Samtidig er det vigtigt for os, at vores kunder ved, at ingen opgave er for stor eller for lille.<\/p>\n<\/div><\/div><div class=\"fusion-clearfix\"><\/div><div class=\"fusion-one-full fusion-layout-column fusion-column-last fusion-spacing-yes company-clients-say\" style=\"margin-top:0px;margin-bottom:20px;\"><div class=\"fusion-column-wrapper\"><div class=\"fusion-title title fusion-title-size-two\"><h2 class=\"title-heading-left\">\n<h2>Hvad siger vores kunder:<\/h2>\n<\/h2><div class=\"title-sep-container\"><div class=\"title-sep sep-double\" style=\"border-color:#f18f1c;\"><\/div><\/div><\/div><div class=\"fusion-testimonials classic fusion-testimonials-1\" data-random=\"1\"><style type='text\/css' scoped='scoped'>\n\t\t#fusion-testimonials-1 a{border-color: #747474;}#fusion-testimonials-1 a:hover, #fusion-testimonials-1 .activeSlide{background-color: #747474;}\n\t\t.fusion-testimonials.classic.fusion-testimonials-1 .author:after{border-top-color:#f6f6f6 !important;}<\/style><div class=\"reviews\"><div class=\"review no-avatar\"><blockquote><q style=\"background-color:#f6f6f6;color:#747474;\">Great company to work with. Very Professional <\/q><\/blockquote><div class=\"author\" style=\"color:#747474;\"><span class=\"company-name\"><strong>Karine<\/strong>, <span>Acssa Informatique<\/span><\/span><\/div><\/div><div class=\"review no-avatar\"><blockquote><q style=\"background-color:#f6f6f6;color:#747474;\">Very Professional, reliable, and has a very strong pricing setup<\/q><\/blockquote><div class=\"author\" style=\"color:#747474;\"><span class=\"company-name\"><strong>Niels-Peter<\/strong>, <span>Npvision Group A\/S<\/span><\/span><\/div><\/div><div class=\"review no-avatar\"><blockquote><q style=\"background-color:#f6f6f6;color:#747474;\">Great product, great price. Highly recommended to deal with<\/q><\/blockquote><div class=\"author\" style=\"color:#747474;\"><span class=\"company-name\"><strong>Tony<\/strong>, <span>Interbyte Pty Ltd.<\/span><\/span><\/div><\/div><div class=\"review no-avatar\"><blockquote><q style=\"background-color:#f6f6f6;color:#747474;\">Exceptional level of service and very knowledgable<\/q><\/blockquote><div class=\"author\" style=\"color:#747474;\"><span class=\"company-name\"><strong>Chris<\/strong>, <span>Techbuyer Europe<\/span><\/span><\/div><\/div><div class=\"review no-avatar\"><blockquote><q style=\"background-color:#f6f6f6;color:#747474;\">Great company to deal with. Thanks guys!<\/q><\/blockquote><div class=\"author\" style=\"color:#747474;\"><span class=\"company-name\"><strong>Sabine<\/strong>, <span>Infradax<\/span><\/span><\/div><\/div><div class=\"review no-avatar\"><blockquote><q style=\"background-color:#f6f6f6;color:#747474;\">Great service, excellent prices and good quality.<\/q><\/blockquote><div class=\"author\" style=\"color:#747474;\"><span class=\"company-name\"><strong>Dawid<\/strong>, <span>LAN-EXPERT<\/span><\/span><\/div><\/div><div class=\"review no-avatar\"><blockquote><q style=\"background-color:#f6f6f6;color:#747474;\">Very professional! Everything as promised.<\/q><\/blockquote><div class=\"author\" style=\"color:#747474;\"><span class=\"company-name\"><strong>Stanislav<\/strong>, <span>Netrise Solution GmbH<\/span><\/span><\/div><\/div><div class=\"review no-avatar\"><blockquote><q style=\"background-color:#f6f6f6;color:#747474;\">Very professional and enjoyable to work with!!<\/q><\/blockquote><div class=\"author\" style=\"color:#747474;\"><span class=\"company-name\"><strong>Jeff<\/strong>, <span>Dedicated Networks Inc.<\/span><\/span><\/div><\/div><div class=\"review no-avatar\"><blockquote><q style=\"background-color:#f6f6f6;color:#747474;\">Quick response times, and great service<\/q><\/blockquote><div class=\"author\" style=\"color:#747474;\"><span class=\"company-name\"><strong>Melissa<\/strong>, <span>Vista IT<\/span><\/span><\/div><\/div> <div class=\"review no-avatar\"><blockquote><q style=\"background-color:#f6f6f6;color:#747474;\">Good and easy business with Daniel. Good communications<\/q><\/blockquote><div class=\"author\" style=\"color:#747474;\"><span class=\"company-name\"><strong>Martin<\/strong>, <span>Computer Egloff<\/span><\/span><\/div><\/div> <div class=\"review no-avatar\"><blockquote><q style=\"background-color:#f6f6f6;color:#747474;\">great to deal with!<\/q><\/blockquote><div class=\"author\" style=\"color:#747474;\"><span class=\"company-name\"><strong>Lewis<\/strong>, <span>PSDC<\/span><\/span><\/div><\/div> <div class=\"review no-avatar\"><blockquote><q style=\"background-color:#f6f6f6;color:#747474;\">Certificate for Excellence? If there is any, they deserves it<\/q><\/blockquote><div class=\"author\" style=\"color:#747474;\"><span class=\"company-name\"><strong>Roman<\/strong>, <span>ITK-Consulting<\/span><\/span><\/div><\/div><\/div><\/div><\/div><\/div><div class=\"fusion-clearfix\"><\/div><\/div><\/div>\n","protected":false},"excerpt":{"rendered":"","protected":false},"author":1,"featured_media":0,"parent":0,"menu_order":0,"comment_status":"closed","ping_status":"closed","template":"","meta":{"footnotes":""},"class_list":["post-10969","page","type-page","status-publish","hentry"],"yoast_head":"<!-- This site is optimized with the Yoast SEO plugin v27.0 - https:\/\/yoast.com\/product\/yoast-seo-wordpress\/ -->\n<title>\u2192 Velkommen til Inventus Group \u2190 Grundlagt i Danmark i 2004<\/title>\n<meta name=\"description\" content=\"Inventus Groups form\u00e5l er at k\u00f8be &amp; s\u00e6lger nyt og brugt IT-udstyr. Er vi din n\u00e6ste professionelle partner? For mere info klik her\" \/>\n<meta name=\"robots\" content=\"index, follow, max-snippet:-1, max-image-preview:large, max-video-preview:-1\" \/>\n<link rel=\"canonical\" href=\"https:\/\/inventusgroup.com\/da\/about-us\/\" \/>\n<meta property=\"og:locale\" content=\"da_DK\" \/>\n<meta property=\"og:type\" content=\"article\" \/>\n<meta property=\"og:title\" content=\"\u2192 Velkommen til Inventus Group \u2190 Grundlagt i Danmark i 2004\" \/>\n<meta property=\"og:description\" content=\"Inventus Groups form\u00e5l er at k\u00f8be &amp; s\u00e6lger nyt og brugt IT-udstyr. Er vi din n\u00e6ste professionelle partner? For mere info klik her\" \/>\n<meta property=\"og:url\" content=\"https:\/\/inventusgroup.com\/da\/about-us\/\" \/>\n<meta property=\"og:site_name\" content=\"Inventus Group A\/S\" \/>\n<meta property=\"article:modified_time\" content=\"2023-01-25T10:01:07+00:00\" \/>\n<meta name=\"twitter:card\" content=\"summary_large_image\" \/>\n<meta name=\"twitter:label1\" content=\"Estimeret l\u00e6setid\" \/>\n\t<meta name=\"twitter:data1\" content=\"6 minutter\" \/>\n<script type=\"application\/ld+json\" class=\"yoast-schema-graph\">{\"@context\":\"https:\/\/schema.org\",\"@graph\":[{\"@type\":\"WebPage\",\"@id\":\"https:\/\/inventusgroup.com\/da\/about-us\/\",\"url\":\"https:\/\/inventusgroup.com\/da\/about-us\/\",\"name\":\"\u2192 Velkommen til Inventus Group \u2190 Grundlagt i Danmark i 2004\",\"isPartOf\":{\"@id\":\"https:\/\/inventusgroup.com\/da\/#website\"},\"datePublished\":\"2012-07-31T00:15:48+00:00\",\"dateModified\":\"2023-01-25T10:01:07+00:00\",\"description\":\"Inventus Groups form\u00e5l er at k\u00f8be & s\u00e6lger nyt og brugt IT-udstyr. Er vi din n\u00e6ste professionelle partner? For mere info klik her\",\"breadcrumb\":{\"@id\":\"https:\/\/inventusgroup.com\/da\/about-us\/#breadcrumb\"},\"inLanguage\":\"da-DK\",\"potentialAction\":[{\"@type\":\"ReadAction\",\"target\":[\"https:\/\/inventusgroup.com\/da\/about-us\/\"]}]},{\"@type\":\"BreadcrumbList\",\"@id\":\"https:\/\/inventusgroup.com\/da\/about-us\/#breadcrumb\",\"itemListElement\":[{\"@type\":\"ListItem\",\"position\":1,\"name\":\"Hjem\",\"item\":\"https:\/\/inventusgroup.com\/da\/\"},{\"@type\":\"ListItem\",\"position\":2,\"name\":\"Om os\"}]},{\"@type\":\"WebSite\",\"@id\":\"https:\/\/inventusgroup.com\/da\/#website\",\"url\":\"https:\/\/inventusgroup.com\/da\/\",\"name\":\"Inventus Group A\/S\",\"description\":\"Your IT provider and reseller of used IT Infrastructure equipment\",\"potentialAction\":[{\"@type\":\"SearchAction\",\"target\":{\"@type\":\"EntryPoint\",\"urlTemplate\":\"https:\/\/inventusgroup.com\/da\/?s={search_term_string}\"},\"query-input\":{\"@type\":\"PropertyValueSpecification\",\"valueRequired\":true,\"valueName\":\"search_term_string\"}}],\"inLanguage\":\"da-DK\"}]}<\/script>\n<!-- \/ Yoast SEO plugin. -->","yoast_head_json":{"title":"\u2192 Velkommen til Inventus Group \u2190 Grundlagt i Danmark i 2004","description":"Inventus Groups form\u00e5l er at k\u00f8be & s\u00e6lger nyt og brugt IT-udstyr. Er vi din n\u00e6ste professionelle partner? For mere info klik her","robots":{"index":"index","follow":"follow","max-snippet":"max-snippet:-1","max-image-preview":"max-image-preview:large","max-video-preview":"max-video-preview:-1"},"canonical":"https:\/\/inventusgroup.com\/da\/about-us\/","og_locale":"da_DK","og_type":"article","og_title":"\u2192 Velkommen til Inventus Group \u2190 Grundlagt i Danmark i 2004","og_description":"Inventus Groups form\u00e5l er at k\u00f8be & s\u00e6lger nyt og brugt IT-udstyr. Er vi din n\u00e6ste professionelle partner? For mere info klik her","og_url":"https:\/\/inventusgroup.com\/da\/about-us\/","og_site_name":"Inventus Group A\/S","article_modified_time":"2023-01-25T10:01:07+00:00","twitter_card":"summary_large_image","twitter_misc":{"Estimeret l\u00e6setid":"6 minutter"},"schema":{"@context":"https:\/\/schema.org","@graph":[{"@type":"WebPage","@id":"https:\/\/inventusgroup.com\/da\/about-us\/","url":"https:\/\/inventusgroup.com\/da\/about-us\/","name":"\u2192 Velkommen til Inventus Group \u2190 Grundlagt i Danmark i 2004","isPartOf":{"@id":"https:\/\/inventusgroup.com\/da\/#website"},"datePublished":"2012-07-31T00:15:48+00:00","dateModified":"2023-01-25T10:01:07+00:00","description":"Inventus Groups form\u00e5l er at k\u00f8be & s\u00e6lger nyt og brugt IT-udstyr. Er vi din n\u00e6ste professionelle partner? For mere info klik her","breadcrumb":{"@id":"https:\/\/inventusgroup.com\/da\/about-us\/#breadcrumb"},"inLanguage":"da-DK","potentialAction":[{"@type":"ReadAction","target":["https:\/\/inventusgroup.com\/da\/about-us\/"]}]},{"@type":"BreadcrumbList","@id":"https:\/\/inventusgroup.com\/da\/about-us\/#breadcrumb","itemListElement":[{"@type":"ListItem","position":1,"name":"Hjem","item":"https:\/\/inventusgroup.com\/da\/"},{"@type":"ListItem","position":2,"name":"Om os"}]},{"@type":"WebSite","@id":"https:\/\/inventusgroup.com\/da\/#website","url":"https:\/\/inventusgroup.com\/da\/","name":"Inventus Group A\/S","description":"Your IT provider and reseller of used IT Infrastructure equipment","potentialAction":[{"@type":"SearchAction","target":{"@type":"EntryPoint","urlTemplate":"https:\/\/inventusgroup.com\/da\/?s={search_term_string}"},"query-input":{"@type":"PropertyValueSpecification","valueRequired":true,"valueName":"search_term_string"}}],"inLanguage":"da-DK"}]}},"_links":{"self":[{"href":"https:\/\/inventusgroup.com\/da\/wp-json\/wp\/v2\/pages\/10969","targetHints":{"allow":["GET"]}}],"collection":[{"href":"https:\/\/inventusgroup.com\/da\/wp-json\/wp\/v2\/pages"}],"about":[{"href":"https:\/\/inventusgroup.com\/da\/wp-json\/wp\/v2\/types\/page"}],"author":[{"embeddable":true,"href":"https:\/\/inventusgroup.com\/da\/wp-json\/wp\/v2\/users\/1"}],"replies":[{"embeddable":true,"href":"https:\/\/inventusgroup.com\/da\/wp-json\/wp\/v2\/comments?post=10969"}],"version-history":[{"count":4,"href":"https:\/\/inventusgroup.com\/da\/wp-json\/wp\/v2\/pages\/10969\/revisions"}],"predecessor-version":[{"id":14734,"href":"https:\/\/inventusgroup.com\/da\/wp-json\/wp\/v2\/pages\/10969\/revisions\/14734"}],"wp:attachment":[{"href":"https:\/\/inventusgroup.com\/da\/wp-json\/wp\/v2\/media?parent=10969"}],"curies":[{"name":"wp","href":"https:\/\/api.w.org\/{rel}","templated":true}]}}