{"id":10976,"date":"2017-11-25T07:35:13","date_gmt":"2017-11-25T06:35:13","guid":{"rendered":"https:\/\/inventusgroup.com\/used-it-equipment\/"},"modified":"2023-01-25T09:34:28","modified_gmt":"2023-01-25T08:34:28","slug":"brugt-it-udstyr","status":"publish","type":"page","link":"https:\/\/inventusgroup.com\/da\/brugt-it-udstyr\/","title":{"rendered":"Brugt IT-udstyr"},"content":{"rendered":"<div class=\"fusion-one-full fusion-layout-column fusion-column-last fusion-spacing-yes\" style=\"margin-top:0px;margin-bottom:20px;\"><div class=\"fusion-column-wrapper\"><div class=\"fusion-title title fusion-title-size-one\"><h1 class=\"title-heading-left\">\n<h1>Brugt IT-udstyr<\/h1>\n<\/h1><div class=\"title-sep-container\"><div class=\"title-sep sep-double\" style=\"border-color:#f18f1c;\"><\/div><\/div><\/div><\/div><\/div><div class=\"fusion-clearfix\"><\/div><div class=\"fusion-three-fourth fusion-layout-column fusion-spacing-yes\" style=\"margin-top:0px;margin-bottom:20px;\"><div class=\"fusion-column-wrapper\"><h2 style=\"text-align: left;\">Hos Inventus Group h\u00e5ndterer vi alle typer af brugt IT-udstyr<\/h2>\n<p style=\"text-align: left;\">N\u00e5r vi har modtaget dit brugte IT-udstyr, kan vi relativt hurtigt pr\u00e6sentere dig for v\u00e6rdien. Som med alt andet elektronik, besidder det dog st\u00f8rst v\u00e6rdi, jo yngre det er.<\/p>\n<p style=\"text-align: left;\">Hvis du p\u00e5t\u00e6nker at videres\u00e6lge dit brugte it-udstyr\/infrastruktur, s\u00e5 kontakt os med det samme. Vi hj\u00e6lper dig i alle faser af transaktionen, og vi maksimerer v\u00e6rdien, f\u00f8r udstyret bliver for gammelt.<\/p>\n<p>Vi kan oms\u00e6tte alle typer af brugt IT-udstyr. Udstyret skal dog v\u00e6re fuldt funktionelt og rimelig velholdt.<\/p>\n<\/div><\/div><div class=\"fusion-one-fourth fusion-layout-column fusion-column-last fusion-spacing-yes\" style=\"margin-top:0px;margin-bottom:20px;\"><div class=\"fusion-column-wrapper\"><h2><\/h2>\n<h2 style=\"text-align: center;\"><em><br \/>\nHar du nogensinde spekuleret p\u00e5, om du kunne videres\u00e6lge dit brugte IT-udstyr i stedet for at skrotte det?<\/em><\/h2>\n<\/div><\/div><div class=\"fusion-clearfix\"><\/div><h2><strong>Vores prim\u00e6re fokusomr\u00e5der er:<\/strong><\/h2>\n<div class=\"fusion-one-fifth fusion-layout-column fusion-spacing-yes\" style=\"margin-top:0px;margin-bottom:20px;\"><div class=\"fusion-column-wrapper\"><div class=\"imageframe-align-center\"><span class=\"fusion-imageframe imageframe-none imageframe-1\"> <img decoding=\"async\" src=\"https:\/\/inventusgroup.com\/wp-content\/uploads\/2018\/01\/Storage.jpg\" alt=\"Storage\" class=\"img-responsive\"\/><\/span><\/div><\/div><\/div><div class=\"fusion-one-fifth fusion-layout-column fusion-spacing-yes\" style=\"margin-top:0px;margin-bottom:20px;\"><div class=\"fusion-column-wrapper\"><div class=\"imageframe-align-center\"><span class=\"fusion-imageframe imageframe-none imageframe-2\"> <img decoding=\"async\" src=\"https:\/\/inventusgroup.com\/wp-content\/uploads\/2018\/01\/Servers.jpg\" alt=\"Servers\" class=\"img-responsive\"\/><\/span><\/div><\/div><\/div><div class=\"fusion-one-fifth fusion-layout-column fusion-spacing-yes\" style=\"margin-top:0px;margin-bottom:20px;\"><div class=\"fusion-column-wrapper\"><div class=\"imageframe-align-center\"><span class=\"fusion-imageframe imageframe-none imageframe-3\"> <img decoding=\"async\" src=\"https:\/\/inventusgroup.com\/wp-content\/uploads\/2018\/01\/Mobile-phones.jpg\" alt=\"Mobile phones\" class=\"img-responsive\"\/><\/span><\/div><\/div><\/div><div class=\"fusion-one-fifth fusion-layout-column fusion-spacing-yes\" style=\"margin-top:0px;margin-bottom:20px;\"><div class=\"fusion-column-wrapper\"><div class=\"imageframe-align-center\"><span class=\"fusion-imageframe imageframe-none imageframe-4\"> <img decoding=\"async\" src=\"https:\/\/inventusgroup.com\/wp-content\/uploads\/2018\/01\/Networking-equipment.jpg\" alt=\"Networking equipment\" class=\"img-responsive\"\/><\/span><\/div><\/div><\/div><div class=\"fusion-one-fifth fusion-layout-column fusion-column-last fusion-spacing-yes\" style=\"margin-top:0px;margin-bottom:20px;\"><div class=\"fusion-column-wrapper\"><div class=\"imageframe-align-center\"><span class=\"fusion-imageframe imageframe-none imageframe-5\"> <img decoding=\"async\" src=\"https:\/\/inventusgroup.com\/wp-content\/uploads\/2018\/01\/Point-of-sales.jpg\" alt=\"Point of sales\" class=\"img-responsive\"\/><\/span><\/div><\/div><\/div><div class=\"fusion-clearfix\"><\/div><div class=\"fusion-one-full fusion-layout-column fusion-column-last fusion-spacing-yes\" style=\"margin-top:20px.;margin-bottom:20px;\"><div class=\"fusion-column-wrapper\"><h2><\/h2>\n<h2>Vi har kunder til alt brugt IT-udstyr &#8211; uanset producent.<\/h2>\n<p>Sourcing er en af vores kernekompetencer. Vi ser et stort potentiale i videresalg af funktionelt brugt IT infrastruktur, som virksomheder udfaser. Vi vil ogs\u00e5 gerne hj\u00e6lpe dig med at tilf\u00f8re v\u00e6rdi til dit udfasede IT-infrastruktur fra din virksomhed. Vi har et st\u00e6rkt globalt netv\u00e6rk, som vi b\u00e5de bruger ved salg og k\u00f8b af brugt IT-udstyr. Vi har derfor mange muligheder for at videres\u00e6lge dit IT-udstyr, s\u00e5 l\u00e6nge det er funktionelt.<\/p>\n<\/div><\/div><div class=\"fusion-clearfix\"><\/div><div class=\"fusion-three-fifth fusion-layout-column fusion-spacing-yes\" style=\"margin-top:0px;margin-bottom:20px;\"><div class=\"fusion-column-wrapper\"><p>Hvis dit brugte IT-udstyr ikke har nogen videresalgsv\u00e6rdi, og er kategoriseret som skrot, kan vi hj\u00e6lpe dig med at deponere dine produkter p\u00e5 en b\u00e6redygtig m\u00e5de. Du kan l\u00e6se mere om, hvordan vi kan hj\u00e6lpe dig med at bortskaffe dit brugte IT-udstyr <a href=\"https:\/\/inventusgroup.com\/da\/brugt-it-udstyr\/\" target=\"_blank\" rel=\"noopener noreferrer\">her.<\/a><\/p>\n<\/div><\/div><div class=\"fusion-two-fifth fusion-layout-column fusion-column-last fusion-spacing-yes\" style=\"margin-top:0px;margin-bottom:20px;\"><div class=\"fusion-column-wrapper\"><div class=\"fusion-button-wrapper fusion-alignright\"><style type=\"text\/css\" scoped=\"scoped\">.fusion-button.button-1{border-width:1px;color:#ffffff;border-color:#ffffff;}.fusion-button.button-1:hover,.fusion-button.button-1:focus,.fusion-button.button-1:active{border-width:1px;border-color:#785510;color:#785510;}.fusion-button.button-1{background: #949a1a;}.fusion-button.button-1:hover,.button-1:focus,.fusion-button.button-1:active{background: #ffffff;}<\/style><a class=\"fusion-button button-flat button-square button-large button-custom button-1 fusion-animated\" data-animationType=\"fadeInLeft\" data-animationDuration=\"1\" target=\"_self\" href=\"https:\/\/inventusgroup.com\/da\/fa-en-prisliste\/\"><i class=\"fa fa-phone button-icon-left\"><\/i><span class=\"fusion-button-text\">Interesseret? &#8211; F\u00e5 tilsendt en prisliste <\/span><\/a><\/div><\/div><\/div><div class=\"fusion-clearfix\"><\/div>\n","protected":false},"excerpt":{"rendered":"","protected":false},"author":1,"featured_media":0,"parent":0,"menu_order":0,"comment_status":"closed","ping_status":"closed","template":"","meta":{"footnotes":""},"class_list":["post-10976","page","type-page","status-publish","hentry"],"yoast_head":"<!-- This site is optimized with the Yoast SEO plugin v27.0 - https:\/\/yoast.com\/product\/yoast-seo-wordpress\/ -->\n<title>\u00d8nsker du at s\u00e6lge brugt IT-udstyr? Vi kan hj\u00e6lpe dig med salget<\/title>\n<meta name=\"description\" content=\"Har du brugt IT-udstyr st\u00e5ende p\u00e5 lageret? Lad os s\u00e6lge det for dig. Vi garanterer 100% datasikkerhed \u2022 \u260e Kontakt os i dag for et tilbud\" \/>\n<meta name=\"robots\" content=\"index, follow, max-snippet:-1, max-image-preview:large, max-video-preview:-1\" \/>\n<link rel=\"canonical\" href=\"https:\/\/inventusgroup.com\/da\/brugt-it-udstyr\/\" \/>\n<meta property=\"og:locale\" content=\"da_DK\" \/>\n<meta property=\"og:type\" content=\"article\" \/>\n<meta property=\"og:title\" content=\"\u00d8nsker du at s\u00e6lge brugt IT-udstyr? Vi kan hj\u00e6lpe dig med salget\" \/>\n<meta property=\"og:description\" content=\"Har du brugt IT-udstyr st\u00e5ende p\u00e5 lageret? Lad os s\u00e6lge det for dig. Vi garanterer 100% datasikkerhed \u2022 \u260e Kontakt os i dag for et tilbud\" \/>\n<meta property=\"og:url\" content=\"https:\/\/inventusgroup.com\/da\/brugt-it-udstyr\/\" \/>\n<meta property=\"og:site_name\" content=\"Inventus Group A\/S\" \/>\n<meta property=\"article:modified_time\" content=\"2023-01-25T08:34:28+00:00\" \/>\n<meta property=\"og:image\" content=\"https:\/\/inventusgroup.com\/wp-content\/uploads\/2018\/01\/Storage.jpg\" \/>\n<meta name=\"twitter:card\" content=\"summary_large_image\" \/>\n<meta name=\"twitter:label1\" content=\"Estimeret l\u00e6setid\" \/>\n\t<meta name=\"twitter:data1\" content=\"5 minutter\" \/>\n<script type=\"application\/ld+json\" class=\"yoast-schema-graph\">{\"@context\":\"https:\/\/schema.org\",\"@graph\":[{\"@type\":\"WebPage\",\"@id\":\"https:\/\/inventusgroup.com\/da\/brugt-it-udstyr\/\",\"url\":\"https:\/\/inventusgroup.com\/da\/brugt-it-udstyr\/\",\"name\":\"\u00d8nsker du at s\u00e6lge brugt IT-udstyr? Vi kan hj\u00e6lpe dig med salget\",\"isPartOf\":{\"@id\":\"https:\/\/inventusgroup.com\/da\/#website\"},\"primaryImageOfPage\":{\"@id\":\"https:\/\/inventusgroup.com\/da\/brugt-it-udstyr\/#primaryimage\"},\"image\":{\"@id\":\"https:\/\/inventusgroup.com\/da\/brugt-it-udstyr\/#primaryimage\"},\"thumbnailUrl\":\"https:\/\/inventusgroup.com\/wp-content\/uploads\/2018\/01\/Storage.jpg\",\"datePublished\":\"2017-11-25T06:35:13+00:00\",\"dateModified\":\"2023-01-25T08:34:28+00:00\",\"description\":\"Har du brugt IT-udstyr st\u00e5ende p\u00e5 lageret? Lad os s\u00e6lge det for dig. Vi garanterer 100% datasikkerhed \u2022 \u260e Kontakt os i dag for et tilbud\",\"breadcrumb\":{\"@id\":\"https:\/\/inventusgroup.com\/da\/brugt-it-udstyr\/#breadcrumb\"},\"inLanguage\":\"da-DK\",\"potentialAction\":[{\"@type\":\"ReadAction\",\"target\":[\"https:\/\/inventusgroup.com\/da\/brugt-it-udstyr\/\"]}]},{\"@type\":\"ImageObject\",\"inLanguage\":\"da-DK\",\"@id\":\"https:\/\/inventusgroup.com\/da\/brugt-it-udstyr\/#primaryimage\",\"url\":\"https:\/\/inventusgroup.com\/wp-content\/uploads\/2018\/01\/Storage.jpg\",\"contentUrl\":\"https:\/\/inventusgroup.com\/wp-content\/uploads\/2018\/01\/Storage.jpg\"},{\"@type\":\"BreadcrumbList\",\"@id\":\"https:\/\/inventusgroup.com\/da\/brugt-it-udstyr\/#breadcrumb\",\"itemListElement\":[{\"@type\":\"ListItem\",\"position\":1,\"name\":\"Hjem\",\"item\":\"https:\/\/inventusgroup.com\/da\/\"},{\"@type\":\"ListItem\",\"position\":2,\"name\":\"Brugt IT-udstyr\"}]},{\"@type\":\"WebSite\",\"@id\":\"https:\/\/inventusgroup.com\/da\/#website\",\"url\":\"https:\/\/inventusgroup.com\/da\/\",\"name\":\"Inventus Group A\/S\",\"description\":\"Your IT provider and reseller of used IT Infrastructure equipment\",\"potentialAction\":[{\"@type\":\"SearchAction\",\"target\":{\"@type\":\"EntryPoint\",\"urlTemplate\":\"https:\/\/inventusgroup.com\/da\/?s={search_term_string}\"},\"query-input\":{\"@type\":\"PropertyValueSpecification\",\"valueRequired\":true,\"valueName\":\"search_term_string\"}}],\"inLanguage\":\"da-DK\"}]}<\/script>\n<!-- \/ Yoast SEO plugin. -->","yoast_head_json":{"title":"\u00d8nsker du at s\u00e6lge brugt IT-udstyr? Vi kan hj\u00e6lpe dig med salget","description":"Har du brugt IT-udstyr st\u00e5ende p\u00e5 lageret? Lad os s\u00e6lge det for dig. Vi garanterer 100% datasikkerhed \u2022 \u260e Kontakt os i dag for et tilbud","robots":{"index":"index","follow":"follow","max-snippet":"max-snippet:-1","max-image-preview":"max-image-preview:large","max-video-preview":"max-video-preview:-1"},"canonical":"https:\/\/inventusgroup.com\/da\/brugt-it-udstyr\/","og_locale":"da_DK","og_type":"article","og_title":"\u00d8nsker du at s\u00e6lge brugt IT-udstyr? Vi kan hj\u00e6lpe dig med salget","og_description":"Har du brugt IT-udstyr st\u00e5ende p\u00e5 lageret? Lad os s\u00e6lge det for dig. Vi garanterer 100% datasikkerhed \u2022 \u260e Kontakt os i dag for et tilbud","og_url":"https:\/\/inventusgroup.com\/da\/brugt-it-udstyr\/","og_site_name":"Inventus Group A\/S","article_modified_time":"2023-01-25T08:34:28+00:00","og_image":[{"url":"https:\/\/inventusgroup.com\/wp-content\/uploads\/2018\/01\/Storage.jpg","type":"","width":"","height":""}],"twitter_card":"summary_large_image","twitter_misc":{"Estimeret l\u00e6setid":"5 minutter"},"schema":{"@context":"https:\/\/schema.org","@graph":[{"@type":"WebPage","@id":"https:\/\/inventusgroup.com\/da\/brugt-it-udstyr\/","url":"https:\/\/inventusgroup.com\/da\/brugt-it-udstyr\/","name":"\u00d8nsker du at s\u00e6lge brugt IT-udstyr? Vi kan hj\u00e6lpe dig med salget","isPartOf":{"@id":"https:\/\/inventusgroup.com\/da\/#website"},"primaryImageOfPage":{"@id":"https:\/\/inventusgroup.com\/da\/brugt-it-udstyr\/#primaryimage"},"image":{"@id":"https:\/\/inventusgroup.com\/da\/brugt-it-udstyr\/#primaryimage"},"thumbnailUrl":"https:\/\/inventusgroup.com\/wp-content\/uploads\/2018\/01\/Storage.jpg","datePublished":"2017-11-25T06:35:13+00:00","dateModified":"2023-01-25T08:34:28+00:00","description":"Har du brugt IT-udstyr st\u00e5ende p\u00e5 lageret? Lad os s\u00e6lge det for dig. Vi garanterer 100% datasikkerhed \u2022 \u260e Kontakt os i dag for et tilbud","breadcrumb":{"@id":"https:\/\/inventusgroup.com\/da\/brugt-it-udstyr\/#breadcrumb"},"inLanguage":"da-DK","potentialAction":[{"@type":"ReadAction","target":["https:\/\/inventusgroup.com\/da\/brugt-it-udstyr\/"]}]},{"@type":"ImageObject","inLanguage":"da-DK","@id":"https:\/\/inventusgroup.com\/da\/brugt-it-udstyr\/#primaryimage","url":"https:\/\/inventusgroup.com\/wp-content\/uploads\/2018\/01\/Storage.jpg","contentUrl":"https:\/\/inventusgroup.com\/wp-content\/uploads\/2018\/01\/Storage.jpg"},{"@type":"BreadcrumbList","@id":"https:\/\/inventusgroup.com\/da\/brugt-it-udstyr\/#breadcrumb","itemListElement":[{"@type":"ListItem","position":1,"name":"Hjem","item":"https:\/\/inventusgroup.com\/da\/"},{"@type":"ListItem","position":2,"name":"Brugt IT-udstyr"}]},{"@type":"WebSite","@id":"https:\/\/inventusgroup.com\/da\/#website","url":"https:\/\/inventusgroup.com\/da\/","name":"Inventus Group A\/S","description":"Your IT provider and reseller of used IT Infrastructure equipment","potentialAction":[{"@type":"SearchAction","target":{"@type":"EntryPoint","urlTemplate":"https:\/\/inventusgroup.com\/da\/?s={search_term_string}"},"query-input":{"@type":"PropertyValueSpecification","valueRequired":true,"valueName":"search_term_string"}}],"inLanguage":"da-DK"}]}},"_links":{"self":[{"href":"https:\/\/inventusgroup.com\/da\/wp-json\/wp\/v2\/pages\/10976","targetHints":{"allow":["GET"]}}],"collection":[{"href":"https:\/\/inventusgroup.com\/da\/wp-json\/wp\/v2\/pages"}],"about":[{"href":"https:\/\/inventusgroup.com\/da\/wp-json\/wp\/v2\/types\/page"}],"author":[{"embeddable":true,"href":"https:\/\/inventusgroup.com\/da\/wp-json\/wp\/v2\/users\/1"}],"replies":[{"embeddable":true,"href":"https:\/\/inventusgroup.com\/da\/wp-json\/wp\/v2\/comments?post=10976"}],"version-history":[{"count":5,"href":"https:\/\/inventusgroup.com\/da\/wp-json\/wp\/v2\/pages\/10976\/revisions"}],"predecessor-version":[{"id":14711,"href":"https:\/\/inventusgroup.com\/da\/wp-json\/wp\/v2\/pages\/10976\/revisions\/14711"}],"wp:attachment":[{"href":"https:\/\/inventusgroup.com\/da\/wp-json\/wp\/v2\/media?parent=10976"}],"curies":[{"name":"wp","href":"https:\/\/api.w.org\/{rel}","templated":true}]}}