{"id":12666,"date":"2019-08-15T13:31:55","date_gmt":"2019-08-15T11:31:55","guid":{"rendered":"https:\/\/inventusgroup.com\/fortrolighedspolitik\/"},"modified":"2020-03-06T13:55:31","modified_gmt":"2020-03-06T12:55:31","slug":"fortrolighedspolitik","status":"publish","type":"page","link":"https:\/\/inventusgroup.com\/da\/fortrolighedspolitik\/","title":{"rendered":"Fortrolighedspolitik"},"content":{"rendered":"<div class=\"fusion-one-full fusion-layout-column fusion-column-last fusion-spacing-yes\" style=\"margin-top:0px;margin-bottom:20px;\"><div class=\"fusion-column-wrapper\"><div class=\"fusion-title title fusion-title-size-one\"><h1 class=\"title-heading-left\">\n<p>Privacy policy<\/p>\n<\/h1><div class=\"title-sep-container\"><div class=\"title-sep sep-double\" style=\"border-color:#f18f1c;\"><\/div><\/div><\/div><\/div><\/div><div class=\"fusion-clearfix\"><\/div><div class=\"fusion-one-full fusion-layout-column fusion-column-last fusion-spacing-yes\" style=\"margin-top:0px;margin-bottom:20px;\"><div class=\"fusion-column-wrapper\"><p>Vi v\u00e6rds\u00e6tter beskyttelsen af personoplysninger, og vi l\u00e6gger stor v\u00e6gt p\u00e5 at beskytte dit privatliv. Denne fortrolighedspolitik forklarer, hvordan vi som dataansvarlig behandler potentielle kunders og kunders personoplysninger i henhold til (EU) 2016\/279, den generelle forordning om databeskyttelse (GDPR). Denne politik g\u00e6lder i situationer, hvor Inventus Group A\/S behandler personlige oplysninger indsamlet fra vores hjemmeside og nyhedsbreve. Ved at bruge vores hjemmeside og nyhedsbreve accepterer du, at dine personlige oplysninger behandles i overensstemmelse med denne fortrolighedspolitik.<\/p>\n<p><strong>Hvad er personoplysninger?<\/strong><br \/>\nPersonoplysninger er alle oplysninger, der kan bruges til at identificere en person &#8211; fx navn, adresse, telefonnummer, e-mail, identifikationsnummer.<\/p>\n<p><strong>Indsamling af personoplysninger<\/strong><br \/>\nDe personlige oplysninger, du giver, er data, som du aktivt giver os ved:<\/p>\n<ul>\n<li>Udfylde formularer<\/li>\n<li>Ved bestilling af produkter<\/li>\n<li>Ved at bruge tjenester fra os<\/li>\n<li>Tilmelding til arrangementer<\/li>\n<li>Indsendelse af ans\u00f8gninger<\/li>\n<li>Osv.<\/li>\n<\/ul>\n<p>Vi indsamler data om, hvordan bes\u00f8gende bruger vores nyhedsbreve og hjemmeside &#8211; via IP-adresse, browserindstillinger, operativsystem osv. Disse oplysninger har en legitim interesse og bruges til at udvikle vores nyhedsbreve, hjemmesidefunktioner og indhold generelt.<\/p>\n<p><strong>Behandling af personoplysninger<\/strong><br \/>\nDe oplysninger, vi indsamler fra dig, kan bruges til et af f\u00f8lgende form\u00e5l:<\/p>\n<ul>\n<li>Giver dig en mere personlig service<\/li>\n<li>Forbedre og optimere vores hjemmeside<\/li>\n<li>Forbedre vores kundeservice og support<\/li>\n<li>Levere de varer og tjenester, du har k\u00f8bt hos os<\/li>\n<li>Forbedre vores kommunikation. Den e-mail, du angiver, kan bruges til at sende dig oplysninger og opdateringer om din ordre, firmanyheder, opdateringer, oplysninger om andre lignende produkter og tjenester, begivenheder osv. Det er gratis, og du kan afmelde dig til hver en tid.<\/li>\n<\/ul>\n<p><strong>Modtagere af personoplysningerne<\/strong><br \/>\nVi kan videregive dine personlige oplysninger til alle virksomheder i vores gruppe (dvs. holdingselskab og datterselskaber), i det omfang det med rimelighed er n\u00f8dvendigt til de form\u00e5l, der er angivet i denne fortrolighedspolitik.<\/p>\n<p>Vi s\u00e6lger, handler eller overf\u00f8rer p\u00e5 anden m\u00e5de ikke dine personlige oplysninger til tredjeparter. Undtagelser er betroede tredjeparter, der hj\u00e6lper os med at drive vores hjemmeside, forretning, levere de varer, du bestiller eller yder service, s\u00e5 l\u00e6nge disse parter er enige om at holde oplysningerne fortrolige og ikke bruge dem til andre form\u00e5l, der ikke er aftalt. Vi kan ogs\u00e5 videregive dine personlige oplysninger, hvor vi finder det n\u00f8dvendigt at overholde lovm\u00e6ssige krav, vedligeholde webstedets politikker eller beskytte vores eller andres rettigheder, ejendom eller sikkerhed. Ikke-personligt identificerbare oplysninger indsamlet fra hjemmesiden om bes\u00f8gende kan dog gives til tredjemand til markedsf\u00f8ring, reklame eller anden brug.<\/p>\n<p>Vi har aftaler med tredjepartstjenesteudbydere for at hj\u00e6lpe os med at f\u00e5 et bedre overblik over de bes\u00f8gende p\u00e5 webstedet. Disse tjenesteudbydere m\u00e5 ikke bruge de oplysninger, de indsamler p\u00e5 vores vegne, til andet end at hj\u00e6lpe os med at drive og forbedre vores forretning. Hvis dine personoplysninger vil blive videregivet med andre modtagere end angivet i denne fortrolighedspolitik, vil vi give dig oplysninger om videregivelsen p\u00e5 det tidspunkt, hvor du indsamler dine personoplysninger og indhenter dit samtykke.<\/p>\n<p><strong>Links til tredjeparter<\/strong><br \/>\nVi kan efter eget sk\u00f8n offentligg\u00f8re eller tilbyde tredjepartsprodukter p\u00e5 vores hjemmeside. Disse tredjepartsprodukter har deres egne, uafh\u00e6ngige privatlivspolitikker. Vi p\u00e5tager os derfor intet ansvar for indholdet og aktiviteterne p\u00e5 disse linkede hjemmesider.<\/p>\n<p><strong>\u00c6ndringer i politikken for beskyttelse af personlige oplysninger<\/strong><br \/>\nVi forbeholder os ret til at opdatere eller \u00e6ndre denne fortrolighedspolitik til enhver tid, og du b\u00f8r derfor bes\u00f8ge denne side for at f\u00e5 den nyeste version.<\/p>\n<p><strong>Personlige rettigheder<\/strong><br \/>\nDu har ret til at anmode om en rapport om, hvilke personlige oplysninger vi har om dig, ved at anmode om et s\u00e5kaldt registeruddrag. Du har ogs\u00e5 ret til at anmode om, at ukorrekte oplysninger om dig bliver rettet, samt muligheden for at anmode om fjernelse af dine personlige oplysninger. Du har ret til at indgive eventuelle klager over behandling af dine personoplysninger til den nationale tilsynsmyndighed.<\/p>\n<p><strong>Kontakt os<\/strong><br \/>\nHvis du har sp\u00f8rgsm\u00e5l vedr\u00f8rende denne fortrolighedspolitik eller vores behandling af personoplysninger, eller \u00f8nsker at kontakte os vedr\u00f8rende dine personoplysninger,&nbsp;eller \u00f8nsker at kontakte os vedr\u00f8rende dine personoplysninger, bedes du kontakte <a href=\"mailto:info@inventusgroup.com\">info@inventusgroup.com<\/a><\/p>\n<\/div><\/div><div class=\"fusion-clearfix\"><\/div><div class=\"fusion-one-full fusion-layout-column fusion-column-last fusion-spacing-yes\" style=\"margin-top:0px;margin-bottom:20px;\"><div class=\"fusion-column-wrapper\"><\/div><\/div><div class=\"fusion-clearfix\"><\/div>\n<p><strong>Cookie Policy<\/strong><br \/>\nCookies are small files that a website or service provider sends to the hard disk of your computer through the browser (if you allow) and which causes the site to recognize your browser and can retrieve and remember certain information. We use cookies to execute some essential functionalities and improve the user experience as well as compile statistics on traffic and communication on the website.<\/p>\n<p>Cookies are used for communicational purposes to improve our customer communication as well as measuring the website analytics. Cookies tell us where our site&#8217;s users have visited, help us measure and target our advertising and marketing activities as well as search results through internet search engines, and provide us with information about our users so that we can develop our online services. If you have enabled cookies in your browser, your cookie information can be used to improve our communication with you through emails, newsletters and such.<\/p>\n<p>You have the right to withdraw your consent to process and use your personal information for direct marketing purposes.<\/p>\n","protected":false},"excerpt":{"rendered":"<p>Cookie Policy Cookies are small files that a website or service provider sends to the hard disk of your computer through the browser (if you allow) and which causes the site to recognize your browser and can retrieve and remember certain information. We use cookies to execute some essential functionalities and improve the user experience [&hellip;]<\/p>\n","protected":false},"author":1,"featured_media":0,"parent":0,"menu_order":0,"comment_status":"closed","ping_status":"closed","template":"","meta":{"footnotes":""},"class_list":["post-12666","page","type-page","status-publish","hentry"],"yoast_head":"<!-- This site is optimized with the Yoast SEO plugin v27.0 - https:\/\/yoast.com\/product\/yoast-seo-wordpress\/ -->\n<title>\u2192 Vi v\u00e6rds\u00e6tter dit privatliv \u2190 Inventus Group A\/S<\/title>\n<meta name=\"description\" content=\"Vi v\u00e6rds\u00e6tter dit privatliv. Vi overholder GDPR og respekterer dine private data!\" \/>\n<meta name=\"robots\" content=\"index, follow, max-snippet:-1, max-image-preview:large, max-video-preview:-1\" \/>\n<link rel=\"canonical\" href=\"https:\/\/inventusgroup.com\/da\/fortrolighedspolitik\/\" \/>\n<meta property=\"og:locale\" content=\"da_DK\" \/>\n<meta property=\"og:type\" content=\"article\" \/>\n<meta property=\"og:title\" content=\"\u2192 Vi v\u00e6rds\u00e6tter dit privatliv \u2190 Inventus Group A\/S\" \/>\n<meta property=\"og:description\" content=\"Vi v\u00e6rds\u00e6tter dit privatliv. Vi overholder GDPR og respekterer dine private data!\" \/>\n<meta property=\"og:url\" content=\"https:\/\/inventusgroup.com\/da\/fortrolighedspolitik\/\" \/>\n<meta property=\"og:site_name\" content=\"Inventus Group A\/S\" \/>\n<meta property=\"article:modified_time\" content=\"2020-03-06T12:55:31+00:00\" \/>\n<meta name=\"twitter:card\" content=\"summary_large_image\" \/>\n<meta name=\"twitter:label1\" content=\"Estimeret l\u00e6setid\" \/>\n\t<meta name=\"twitter:data1\" content=\"5 minutter\" \/>\n<script type=\"application\/ld+json\" class=\"yoast-schema-graph\">{\"@context\":\"https:\/\/schema.org\",\"@graph\":[{\"@type\":\"WebPage\",\"@id\":\"https:\/\/inventusgroup.com\/da\/fortrolighedspolitik\/\",\"url\":\"https:\/\/inventusgroup.com\/da\/fortrolighedspolitik\/\",\"name\":\"\u2192 Vi v\u00e6rds\u00e6tter dit privatliv \u2190 Inventus Group A\/S\",\"isPartOf\":{\"@id\":\"https:\/\/inventusgroup.com\/da\/#website\"},\"datePublished\":\"2019-08-15T11:31:55+00:00\",\"dateModified\":\"2020-03-06T12:55:31+00:00\",\"description\":\"Vi v\u00e6rds\u00e6tter dit privatliv. Vi overholder GDPR og respekterer dine private data!\",\"breadcrumb\":{\"@id\":\"https:\/\/inventusgroup.com\/da\/fortrolighedspolitik\/#breadcrumb\"},\"inLanguage\":\"da-DK\",\"potentialAction\":[{\"@type\":\"ReadAction\",\"target\":[\"https:\/\/inventusgroup.com\/da\/fortrolighedspolitik\/\"]}]},{\"@type\":\"BreadcrumbList\",\"@id\":\"https:\/\/inventusgroup.com\/da\/fortrolighedspolitik\/#breadcrumb\",\"itemListElement\":[{\"@type\":\"ListItem\",\"position\":1,\"name\":\"Hjem\",\"item\":\"https:\/\/inventusgroup.com\/da\/\"},{\"@type\":\"ListItem\",\"position\":2,\"name\":\"Fortrolighedspolitik\"}]},{\"@type\":\"WebSite\",\"@id\":\"https:\/\/inventusgroup.com\/da\/#website\",\"url\":\"https:\/\/inventusgroup.com\/da\/\",\"name\":\"Inventus Group A\/S\",\"description\":\"Your IT provider and reseller of used IT Infrastructure equipment\",\"potentialAction\":[{\"@type\":\"SearchAction\",\"target\":{\"@type\":\"EntryPoint\",\"urlTemplate\":\"https:\/\/inventusgroup.com\/da\/?s={search_term_string}\"},\"query-input\":{\"@type\":\"PropertyValueSpecification\",\"valueRequired\":true,\"valueName\":\"search_term_string\"}}],\"inLanguage\":\"da-DK\"}]}<\/script>\n<!-- \/ Yoast SEO plugin. -->","yoast_head_json":{"title":"\u2192 Vi v\u00e6rds\u00e6tter dit privatliv \u2190 Inventus Group A\/S","description":"Vi v\u00e6rds\u00e6tter dit privatliv. Vi overholder GDPR og respekterer dine private data!","robots":{"index":"index","follow":"follow","max-snippet":"max-snippet:-1","max-image-preview":"max-image-preview:large","max-video-preview":"max-video-preview:-1"},"canonical":"https:\/\/inventusgroup.com\/da\/fortrolighedspolitik\/","og_locale":"da_DK","og_type":"article","og_title":"\u2192 Vi v\u00e6rds\u00e6tter dit privatliv \u2190 Inventus Group A\/S","og_description":"Vi v\u00e6rds\u00e6tter dit privatliv. Vi overholder GDPR og respekterer dine private data!","og_url":"https:\/\/inventusgroup.com\/da\/fortrolighedspolitik\/","og_site_name":"Inventus Group A\/S","article_modified_time":"2020-03-06T12:55:31+00:00","twitter_card":"summary_large_image","twitter_misc":{"Estimeret l\u00e6setid":"5 minutter"},"schema":{"@context":"https:\/\/schema.org","@graph":[{"@type":"WebPage","@id":"https:\/\/inventusgroup.com\/da\/fortrolighedspolitik\/","url":"https:\/\/inventusgroup.com\/da\/fortrolighedspolitik\/","name":"\u2192 Vi v\u00e6rds\u00e6tter dit privatliv \u2190 Inventus Group A\/S","isPartOf":{"@id":"https:\/\/inventusgroup.com\/da\/#website"},"datePublished":"2019-08-15T11:31:55+00:00","dateModified":"2020-03-06T12:55:31+00:00","description":"Vi v\u00e6rds\u00e6tter dit privatliv. Vi overholder GDPR og respekterer dine private data!","breadcrumb":{"@id":"https:\/\/inventusgroup.com\/da\/fortrolighedspolitik\/#breadcrumb"},"inLanguage":"da-DK","potentialAction":[{"@type":"ReadAction","target":["https:\/\/inventusgroup.com\/da\/fortrolighedspolitik\/"]}]},{"@type":"BreadcrumbList","@id":"https:\/\/inventusgroup.com\/da\/fortrolighedspolitik\/#breadcrumb","itemListElement":[{"@type":"ListItem","position":1,"name":"Hjem","item":"https:\/\/inventusgroup.com\/da\/"},{"@type":"ListItem","position":2,"name":"Fortrolighedspolitik"}]},{"@type":"WebSite","@id":"https:\/\/inventusgroup.com\/da\/#website","url":"https:\/\/inventusgroup.com\/da\/","name":"Inventus Group A\/S","description":"Your IT provider and reseller of used IT Infrastructure equipment","potentialAction":[{"@type":"SearchAction","target":{"@type":"EntryPoint","urlTemplate":"https:\/\/inventusgroup.com\/da\/?s={search_term_string}"},"query-input":{"@type":"PropertyValueSpecification","valueRequired":true,"valueName":"search_term_string"}}],"inLanguage":"da-DK"}]}},"_links":{"self":[{"href":"https:\/\/inventusgroup.com\/da\/wp-json\/wp\/v2\/pages\/12666","targetHints":{"allow":["GET"]}}],"collection":[{"href":"https:\/\/inventusgroup.com\/da\/wp-json\/wp\/v2\/pages"}],"about":[{"href":"https:\/\/inventusgroup.com\/da\/wp-json\/wp\/v2\/types\/page"}],"author":[{"embeddable":true,"href":"https:\/\/inventusgroup.com\/da\/wp-json\/wp\/v2\/users\/1"}],"replies":[{"embeddable":true,"href":"https:\/\/inventusgroup.com\/da\/wp-json\/wp\/v2\/comments?post=12666"}],"version-history":[{"count":1,"href":"https:\/\/inventusgroup.com\/da\/wp-json\/wp\/v2\/pages\/12666\/revisions"}],"predecessor-version":[{"id":14245,"href":"https:\/\/inventusgroup.com\/da\/wp-json\/wp\/v2\/pages\/12666\/revisions\/14245"}],"wp:attachment":[{"href":"https:\/\/inventusgroup.com\/da\/wp-json\/wp\/v2\/media?parent=12666"}],"curies":[{"name":"wp","href":"https:\/\/api.w.org\/{rel}","templated":true}]}}