{"id":12668,"date":"2019-08-15T13:44:48","date_gmt":"2019-08-15T11:44:48","guid":{"rendered":"https:\/\/inventusgroup.com\/csr\/"},"modified":"2023-01-25T11:20:09","modified_gmt":"2023-01-25T10:20:09","slug":"csr","status":"publish","type":"page","link":"https:\/\/inventusgroup.com\/da\/csr\/","title":{"rendered":"CSR"},"content":{"rendered":"<div class=\"fusion-title title fusion-title-size-one\"><h1 class=\"title-heading-left\">\n<p>CSR &#8211; Corporate Social Responsibility<\/p>\n<\/h1><div class=\"title-sep-container\"><div class=\"title-sep sep-double\" style=\"border-color:#f18f1c;\"><\/div><\/div><\/div><div class=\"fusion-fullwidth fullwidth-box fusion-fullwidth-1  fusion-parallax-none\" style=\"border-color:#e0dede;border-bottom-width: 0px;border-top-width: 0px;border-bottom-style: solid;border-top-style: solid;padding-bottom:20px;padding-left:0px;padding-right:0px;padding-top:20px;background-color:#ffffff;background-position:left top;background-repeat:no-repeat;-webkit-background-size:cover;-moz-background-size:cover;-o-background-size:cover;background-size:cover;\"><style type=\"text\/css\" scoped=\"scoped\">.fusion-fullwidth-1 {\n\t\t\t\t\t\t\tpadding-left: 0px !important;\n\t\t\t\t\t\t\tpadding-right: 0px !important;\n\t\t\t\t\t\t}<\/style><div class=\"fusion-row\"><p>Hos Inventus Group tror vi p\u00e5, at vi alle er n\u00f8dt til at tage et ansvar for vores omgivelser og samfundet p\u00e5 en b\u00e6redygtig m\u00e5de. Derfor har vi en formel virksomhedsstrategi, som er vores CSR. CSR er en forkortelse for Corporate Social Responsibility og agerer som en selvreguleret retningslinje, der skrives ind i virksomheden. CSR-strategier tilskynder virksomheden til at have en positiv indvirkning p\u00e5 milj\u00f8et og interessenter, herunder forbrugere, medarbejdere, investorer, lokalsamfund og andre.<\/p>\n<h2>Vi tror p\u00e5 CSR<\/h2>\n<p>Vi f\u00f8ler, at virksomheder b\u00f8r have en overv\u00e5genhed om milj\u00f8et, holde en h\u00f8j etisk standard og generelt f\u00f8lge de internationale normer inden for b\u00e6redygtighed. Vi str\u00e6ber efter at v\u00e6re milj\u00f8m\u00e6ssige- og socialt ansvarlige og altid s\u00f8rge for vores forretning har en minimal indvirkning p\u00e5 milj\u00f8et. Inventus Group st\u00f8tter ogs\u00e5 velg\u00f8rende organisationer, der hj\u00e6lper b\u00f8rn og mennesker med sv\u00e6re diagnoser.<\/p>\n<div class=\"fusion-one-full fusion-layout-column fusion-column-last fusion-spacing-yes\" style=\"margin-top:0px;margin-bottom:20px;\"><div class=\"fusion-column-wrapper\"><table class=\"csr-matrix\">\n<tbody>\n<tr>\n<td>\n<table>\n<tbody>\n<tr>\n<td class=\"text-cell\">\n<h3><span style=\"color: #54705b;\">B\u00e6redygtig forretning<\/span><\/h3>\n<p>Fornyet IT-udstyr er kernen i vores virksomhed, og i samarbejde med os sikrer vi, at din virksomheds brugte IT-udstyr enten videres\u00e6lges til fornyet brug eller bortskaffes p\u00e5 en b\u00e6redygtig m\u00e5de. Det betyder, at dit IT-udstyr ikke vil ende i en losseplads, hvor det vil forurene jorden, hvorfor din virksomhed vil have reduceret den milj\u00f8m\u00e6ssige p\u00e5virkning.<\/td>\n<td class=\"image-cell\"><img decoding=\"async\" class=\"alignleft wp-image-11049 size-full\" src=\"https:\/\/inventusgroup.com\/wp-content\/uploads\/2018\/01\/baeredygtig-forretning.jpg\" alt=\"\" width=\"189\" height=\"189\" srcset=\"https:\/\/inventusgroup.com\/wp-content\/uploads\/2018\/01\/baeredygtig-forretning.jpg 189w, https:\/\/inventusgroup.com\/wp-content\/uploads\/2018\/01\/baeredygtig-forretning-150x150.jpg 150w, https:\/\/inventusgroup.com\/wp-content\/uploads\/2018\/01\/baeredygtig-forretning-66x66.jpg 66w\" sizes=\"(max-width: 189px) 100vw, 189px\" \/><\/td>\n<\/tr>\n<\/tbody>\n<\/table>\n<\/td>\n<td>\n<table>\n<tbody>\n<tr>\n<td class=\"image-cell\"><img decoding=\"async\" class=\"alignleft wp-image-11050 size-full\" src=\"https:\/\/inventusgroup.com\/wp-content\/uploads\/2018\/01\/paalidelig-virksomhed.jpg\" alt=\"\" width=\"189\" height=\"189\" srcset=\"https:\/\/inventusgroup.com\/wp-content\/uploads\/2018\/01\/paalidelig-virksomhed.jpg 189w, https:\/\/inventusgroup.com\/wp-content\/uploads\/2018\/01\/paalidelig-virksomhed-150x150.jpg 150w, https:\/\/inventusgroup.com\/wp-content\/uploads\/2018\/01\/paalidelig-virksomhed-66x66.jpg 66w\" sizes=\"(max-width: 189px) 100vw, 189px\" \/><\/td>\n<td class=\"text-cell\">\n<h3 style=\"text-align: right;\"><span style=\"color: #566d72;\">En v\u00e6rdsat virksomhed<\/span><\/h3>\n<p style=\"text-align: right;\">Samarbejd med os og du kan forvente en p\u00e5lidelig partner, der s\u00e6tter pris p\u00e5 gode forretningsforbindelser. Vi v\u00e6rds\u00e6tter og er engageret i et langsigtet partnerskab, der er gavnligt for os begge. Vi leverer produkter af h\u00f8j kvalitet, der er konkurrencedygtige i priser, med levering til tiden. Vi g\u00f8r vores bedste for at h\u00e5ndtere dit udstyr med respekt og fortrolighed.<\/p>\n<\/td>\n<\/tr>\n<\/tbody>\n<\/table>\n<\/td>\n<\/tr>\n<tr>\n<td>\n<table>\n<tbody>\n<tr>\n<td class=\"text-cell\">\n<h3><span style=\"color: #565c72;\">Socialt ansvar<\/span><\/h3>\n<p>Vi st\u00f8tter UNICEF, fordi vi tror p\u00e5 deres centrale budskab om, at alle b\u00f8rn har ret til at v\u00e6re sunde og beskyttet. Vi st\u00f8tter Kr\u00e6ftens Bek\u00e6mpelse, fordi 1 ud af 3 danskere f\u00e5r kr\u00e6ft p\u00e5 et eller andet tidspunkt i deres liv og 2 ud af 3 har et familiemedlem med kr\u00e6ft. Vi nyder sport -s\u00e5 vi st\u00f8tter vores lokale fodboldhold AGF.<\/td>\n<td class=\"image-cell\"><img decoding=\"async\" class=\"alignleft wp-image-11052 size-full\" src=\"https:\/\/inventusgroup.com\/wp-content\/uploads\/2018\/01\/social-ansvarlig.jpg\" alt=\"\" width=\"189\" height=\"189\" srcset=\"https:\/\/inventusgroup.com\/wp-content\/uploads\/2018\/01\/social-ansvarlig.jpg 189w, https:\/\/inventusgroup.com\/wp-content\/uploads\/2018\/01\/social-ansvarlig-150x150.jpg 150w, https:\/\/inventusgroup.com\/wp-content\/uploads\/2018\/01\/social-ansvarlig-66x66.jpg 66w\" sizes=\"(max-width: 189px) 100vw, 189px\" \/><\/td>\n<\/tr>\n<\/tbody>\n<\/table>\n<\/td>\n<td>\n<table>\n<tbody>\n<tr>\n<td class=\"image-cell\"><img decoding=\"async\" class=\"alignleft wp-image-11051 size-full\" src=\"https:\/\/inventusgroup.com\/wp-content\/uploads\/2018\/01\/positivt-image.jpg\" alt=\"\" width=\"189\" height=\"189\" srcset=\"https:\/\/inventusgroup.com\/wp-content\/uploads\/2018\/01\/positivt-image.jpg 189w, https:\/\/inventusgroup.com\/wp-content\/uploads\/2018\/01\/positivt-image-150x150.jpg 150w, https:\/\/inventusgroup.com\/wp-content\/uploads\/2018\/01\/positivt-image-66x66.jpg 66w\" sizes=\"(max-width: 189px) 100vw, 189px\" \/><\/td>\n<td class=\"text-cell\">\n<h3 style=\"text-align: right;\"><span style=\"color: #6d6f54;\">Et positivt billede<\/span><\/h3>\n<p style=\"text-align: right;\">At have et positivt image som forretningspartner er meget vigtigt for os. Derfor indeholder vores CSR-strategi betingelser, som skal overvejes, n\u00e5r vi handler sammen. Vi er ikke tilfredse med vores arbejde hvis du ikke er tilfreds. Vi str\u00e6ber efter at v\u00e6re en p\u00e5lidelig og langsigtet partner.<\/p>\n<\/td>\n<\/tr>\n<\/tbody>\n<\/table>\n<\/td>\n<\/tr>\n<\/tbody>\n<\/table>\n<\/div><\/div><div class=\"fusion-clearfix\"><\/div><\/div><\/div>\n","protected":false},"excerpt":{"rendered":"","protected":false},"author":1,"featured_media":0,"parent":0,"menu_order":0,"comment_status":"closed","ping_status":"closed","template":"","meta":{"footnotes":""},"class_list":["post-12668","page","type-page","status-publish","hentry"],"yoast_head":"<!-- This site is optimized with the Yoast SEO plugin v27.0 - https:\/\/yoast.com\/product\/yoast-seo-wordpress\/ -->\n<title>Corporate Social Responsibility - Vi tager et ansvar<\/title>\n<meta name=\"description\" content=\"L\u00e6s vores CSR. Hos Inventus Group har vi et stort fokus p\u00e5 social- og milj\u00f8m\u00e6ssig ansvarlighed. L\u00e6s om vores tiltag her.\" \/>\n<meta name=\"robots\" content=\"index, follow, max-snippet:-1, max-image-preview:large, max-video-preview:-1\" \/>\n<link rel=\"canonical\" href=\"https:\/\/inventusgroup.com\/da\/csr\/\" \/>\n<meta property=\"og:locale\" content=\"da_DK\" \/>\n<meta property=\"og:type\" content=\"article\" \/>\n<meta property=\"og:title\" content=\"Corporate Social Responsibility - Vi tager et ansvar\" \/>\n<meta property=\"og:description\" content=\"L\u00e6s vores CSR. Hos Inventus Group har vi et stort fokus p\u00e5 social- og milj\u00f8m\u00e6ssig ansvarlighed. L\u00e6s om vores tiltag her.\" \/>\n<meta property=\"og:url\" content=\"https:\/\/inventusgroup.com\/da\/csr\/\" \/>\n<meta property=\"og:site_name\" content=\"Inventus Group A\/S\" \/>\n<meta property=\"article:modified_time\" content=\"2023-01-25T10:20:09+00:00\" \/>\n<meta property=\"og:image\" content=\"https:\/\/inventusgroup.com\/wp-content\/uploads\/2018\/01\/baeredygtig-forretning.jpg\" \/>\n<meta name=\"twitter:card\" content=\"summary_large_image\" \/>\n<meta name=\"twitter:label1\" content=\"Estimeret l\u00e6setid\" \/>\n\t<meta name=\"twitter:data1\" content=\"3 minutter\" \/>\n<script type=\"application\/ld+json\" class=\"yoast-schema-graph\">{\"@context\":\"https:\/\/schema.org\",\"@graph\":[{\"@type\":\"WebPage\",\"@id\":\"https:\/\/inventusgroup.com\/da\/csr\/\",\"url\":\"https:\/\/inventusgroup.com\/da\/csr\/\",\"name\":\"Corporate Social Responsibility - Vi tager et ansvar\",\"isPartOf\":{\"@id\":\"https:\/\/inventusgroup.com\/da\/#website\"},\"primaryImageOfPage\":{\"@id\":\"https:\/\/inventusgroup.com\/da\/csr\/#primaryimage\"},\"image\":{\"@id\":\"https:\/\/inventusgroup.com\/da\/csr\/#primaryimage\"},\"thumbnailUrl\":\"https:\/\/inventusgroup.com\/wp-content\/uploads\/2018\/01\/baeredygtig-forretning.jpg\",\"datePublished\":\"2019-08-15T11:44:48+00:00\",\"dateModified\":\"2023-01-25T10:20:09+00:00\",\"description\":\"L\u00e6s vores CSR. Hos Inventus Group har vi et stort fokus p\u00e5 social- og milj\u00f8m\u00e6ssig ansvarlighed. L\u00e6s om vores tiltag her.\",\"breadcrumb\":{\"@id\":\"https:\/\/inventusgroup.com\/da\/csr\/#breadcrumb\"},\"inLanguage\":\"da-DK\",\"potentialAction\":[{\"@type\":\"ReadAction\",\"target\":[\"https:\/\/inventusgroup.com\/da\/csr\/\"]}]},{\"@type\":\"ImageObject\",\"inLanguage\":\"da-DK\",\"@id\":\"https:\/\/inventusgroup.com\/da\/csr\/#primaryimage\",\"url\":\"https:\/\/inventusgroup.com\/wp-content\/uploads\/2018\/01\/baeredygtig-forretning.jpg\",\"contentUrl\":\"https:\/\/inventusgroup.com\/wp-content\/uploads\/2018\/01\/baeredygtig-forretning.jpg\"},{\"@type\":\"BreadcrumbList\",\"@id\":\"https:\/\/inventusgroup.com\/da\/csr\/#breadcrumb\",\"itemListElement\":[{\"@type\":\"ListItem\",\"position\":1,\"name\":\"Hjem\",\"item\":\"https:\/\/inventusgroup.com\/da\/\"},{\"@type\":\"ListItem\",\"position\":2,\"name\":\"CSR\"}]},{\"@type\":\"WebSite\",\"@id\":\"https:\/\/inventusgroup.com\/da\/#website\",\"url\":\"https:\/\/inventusgroup.com\/da\/\",\"name\":\"Inventus Group A\/S\",\"description\":\"Your IT provider and reseller of used IT Infrastructure equipment\",\"potentialAction\":[{\"@type\":\"SearchAction\",\"target\":{\"@type\":\"EntryPoint\",\"urlTemplate\":\"https:\/\/inventusgroup.com\/da\/?s={search_term_string}\"},\"query-input\":{\"@type\":\"PropertyValueSpecification\",\"valueRequired\":true,\"valueName\":\"search_term_string\"}}],\"inLanguage\":\"da-DK\"}]}<\/script>\n<!-- \/ Yoast SEO plugin. -->","yoast_head_json":{"title":"Corporate Social Responsibility - Vi tager et ansvar","description":"L\u00e6s vores CSR. Hos Inventus Group har vi et stort fokus p\u00e5 social- og milj\u00f8m\u00e6ssig ansvarlighed. L\u00e6s om vores tiltag her.","robots":{"index":"index","follow":"follow","max-snippet":"max-snippet:-1","max-image-preview":"max-image-preview:large","max-video-preview":"max-video-preview:-1"},"canonical":"https:\/\/inventusgroup.com\/da\/csr\/","og_locale":"da_DK","og_type":"article","og_title":"Corporate Social Responsibility - Vi tager et ansvar","og_description":"L\u00e6s vores CSR. Hos Inventus Group har vi et stort fokus p\u00e5 social- og milj\u00f8m\u00e6ssig ansvarlighed. L\u00e6s om vores tiltag her.","og_url":"https:\/\/inventusgroup.com\/da\/csr\/","og_site_name":"Inventus Group A\/S","article_modified_time":"2023-01-25T10:20:09+00:00","og_image":[{"url":"https:\/\/inventusgroup.com\/wp-content\/uploads\/2018\/01\/baeredygtig-forretning.jpg","type":"","width":"","height":""}],"twitter_card":"summary_large_image","twitter_misc":{"Estimeret l\u00e6setid":"3 minutter"},"schema":{"@context":"https:\/\/schema.org","@graph":[{"@type":"WebPage","@id":"https:\/\/inventusgroup.com\/da\/csr\/","url":"https:\/\/inventusgroup.com\/da\/csr\/","name":"Corporate Social Responsibility - Vi tager et ansvar","isPartOf":{"@id":"https:\/\/inventusgroup.com\/da\/#website"},"primaryImageOfPage":{"@id":"https:\/\/inventusgroup.com\/da\/csr\/#primaryimage"},"image":{"@id":"https:\/\/inventusgroup.com\/da\/csr\/#primaryimage"},"thumbnailUrl":"https:\/\/inventusgroup.com\/wp-content\/uploads\/2018\/01\/baeredygtig-forretning.jpg","datePublished":"2019-08-15T11:44:48+00:00","dateModified":"2023-01-25T10:20:09+00:00","description":"L\u00e6s vores CSR. Hos Inventus Group har vi et stort fokus p\u00e5 social- og milj\u00f8m\u00e6ssig ansvarlighed. L\u00e6s om vores tiltag her.","breadcrumb":{"@id":"https:\/\/inventusgroup.com\/da\/csr\/#breadcrumb"},"inLanguage":"da-DK","potentialAction":[{"@type":"ReadAction","target":["https:\/\/inventusgroup.com\/da\/csr\/"]}]},{"@type":"ImageObject","inLanguage":"da-DK","@id":"https:\/\/inventusgroup.com\/da\/csr\/#primaryimage","url":"https:\/\/inventusgroup.com\/wp-content\/uploads\/2018\/01\/baeredygtig-forretning.jpg","contentUrl":"https:\/\/inventusgroup.com\/wp-content\/uploads\/2018\/01\/baeredygtig-forretning.jpg"},{"@type":"BreadcrumbList","@id":"https:\/\/inventusgroup.com\/da\/csr\/#breadcrumb","itemListElement":[{"@type":"ListItem","position":1,"name":"Hjem","item":"https:\/\/inventusgroup.com\/da\/"},{"@type":"ListItem","position":2,"name":"CSR"}]},{"@type":"WebSite","@id":"https:\/\/inventusgroup.com\/da\/#website","url":"https:\/\/inventusgroup.com\/da\/","name":"Inventus Group A\/S","description":"Your IT provider and reseller of used IT Infrastructure equipment","potentialAction":[{"@type":"SearchAction","target":{"@type":"EntryPoint","urlTemplate":"https:\/\/inventusgroup.com\/da\/?s={search_term_string}"},"query-input":{"@type":"PropertyValueSpecification","valueRequired":true,"valueName":"search_term_string"}}],"inLanguage":"da-DK"}]}},"_links":{"self":[{"href":"https:\/\/inventusgroup.com\/da\/wp-json\/wp\/v2\/pages\/12668","targetHints":{"allow":["GET"]}}],"collection":[{"href":"https:\/\/inventusgroup.com\/da\/wp-json\/wp\/v2\/pages"}],"about":[{"href":"https:\/\/inventusgroup.com\/da\/wp-json\/wp\/v2\/types\/page"}],"author":[{"embeddable":true,"href":"https:\/\/inventusgroup.com\/da\/wp-json\/wp\/v2\/users\/1"}],"replies":[{"embeddable":true,"href":"https:\/\/inventusgroup.com\/da\/wp-json\/wp\/v2\/comments?post=12668"}],"version-history":[{"count":4,"href":"https:\/\/inventusgroup.com\/da\/wp-json\/wp\/v2\/pages\/12668\/revisions"}],"predecessor-version":[{"id":14739,"href":"https:\/\/inventusgroup.com\/da\/wp-json\/wp\/v2\/pages\/12668\/revisions\/14739"}],"wp:attachment":[{"href":"https:\/\/inventusgroup.com\/da\/wp-json\/wp\/v2\/media?parent=12668"}],"curies":[{"name":"wp","href":"https:\/\/api.w.org\/{rel}","templated":true}]}}