{"id":12671,"date":"2019-08-15T14:49:57","date_gmt":"2019-08-15T12:49:57","guid":{"rendered":"https:\/\/inventusgroup.com\/samarbejde-med-os\/"},"modified":"2023-01-25T09:47:13","modified_gmt":"2023-01-25T08:47:13","slug":"samarbejde-med-os","status":"publish","type":"page","link":"https:\/\/inventusgroup.com\/da\/samarbejde-med-os\/","title":{"rendered":"Indg\u00e5 et samarbejde med os"},"content":{"rendered":"<div class=\"fusion-title title fusion-title-size-one\"><h1 class=\"title-heading-left\">\n<h1>Indg\u00e5 et samarbejde med os<\/h1>\n<\/h1><div class=\"title-sep-container\"><div class=\"title-sep sep-double\" style=\"border-color:#f18f1c;\"><\/div><\/div><\/div><div class=\"fusion-one-full fusion-layout-column fusion-column-last fusion-spacing-yes\" style=\"margin-top:0px;margin-bottom:20px;\"><div class=\"fusion-column-wrapper\"><p>N\u00e5r du samarbejder med Inventus Group, om at s\u00e6lge din virksomheds brugte IT-infrastruktur, er du garanteret en professionel og p\u00e5lidelig samarbejdspartner. Vi v\u00e6rds\u00e6tter vores forhold til kunderne og str\u00e6ber efter at levere en service af h\u00f8jeste kvalitet. Herunder kan de se, hvordan det foreg\u00e5r, n\u00e5r du indg\u00e5r et samarbejde med os. Det er en step by step guide, som sikrer os, at du altid ved, hvor vi er i processen.<\/p>\n<\/div><\/div><div class=\"fusion-clearfix\"><\/div><div class=\"fusion-one-third one_third fusion-layout-column fusion-spacing-yes\" style=\"margin-top:0px;margin-bottom:50px;\"><div class=\"fusion-column-wrapper\" style=\"border:2px solid #e0dede;padding: 30px 0;\"><div class=\"imageframe-align-center\"><span class=\"fusion-imageframe imageframe-none imageframe-1\"> <img decoding=\"async\" src=\"https:\/\/inventusgroup.com\/wp-content\/uploads\/2017\/12\/phase-1.png\" alt=\"\" class=\"img-responsive\"\/><\/span><\/div><\/div><\/div><div class=\"fusion-two-third fusion-layout-column fusion-column-last fusion-spacing-yes\" style=\"margin-top:0px;margin-bottom:20px;\"><div class=\"fusion-column-wrapper\"><h2>Fase 1 | Pr\u00e6cisering &amp;\u00a0partnerskab<\/h2>\n<p>Det f\u00f8rste skridt er at afg\u00f8re, om dit IT-udstyr er egnet til videresalg. Er det velegnet til videresalg, laver vi en formel aftale, hvor Inventus Group A\/S vil finde en potentiel k\u00f8ber til dit udstyr.<\/p>\n<\/div><\/div><div class=\"fusion-clearfix\"><\/div><div class=\"fusion-sep-clear\"><\/div><div class=\"fusion-separator fusion-full-width-sep sep-single\" style=\"border-color:#e0dede;border-top-width:1px;margin-left: auto;margin-right: auto;margin-top:px;margin-bottom:50px;\"><\/div><div class=\"fusion-one-third one_third fusion-layout-column fusion-spacing-yes\" style=\"margin-top:0px;margin-bottom:50px;\"><div class=\"fusion-column-wrapper\" style=\"border:2px solid #e0dede;padding:30px 0;\"><div class=\"imageframe-align-center\"><span class=\"fusion-imageframe imageframe-none imageframe-2\"> <img decoding=\"async\" src=\"https:\/\/inventusgroup.com\/wp-content\/uploads\/2017\/12\/phase-2-1.png\" alt=\"\" class=\"img-responsive\"\/><\/span><\/div><\/div><\/div><div class=\"fusion-two-third fusion-layout-column fusion-column-last fusion-spacing-yes\" style=\"margin-top:0px;margin-bottom:20px;\"><div class=\"fusion-column-wrapper\"><h2>Fase 2 | Registrering &amp; test \u2013 datasletning \u2013 dokumentation<\/h2>\n<p>N\u00e5r vi har fundet en potentiel k\u00f8ber, bliver vi enige om k\u00f8bsprisen, forsendelsesomkostninger og afhentningsdato. Vi vil ogs\u00e5 acceptere vilk\u00e5r, hvis dit udstyr af en eller anden grund ikke er funktionelt eller har kosmetiske skader. N\u00e5r aftalen er indg\u00e5et, vil vi afhente dit brugte IT-udstyr.<\/p>\n<h4><\/h4>\n<\/div><\/div><div class=\"fusion-clearfix\"><\/div><div class=\"fusion-sep-clear\"><\/div><div class=\"fusion-separator fusion-full-width-sep sep-single\" style=\"border-color:#e0dede;border-top-width:1px;margin-left: auto;margin-right: auto;margin-top:px;margin-bottom:50px;\"><\/div><div class=\"fusion-one-third one_third fusion-layout-column fusion-spacing-yes\" style=\"margin-top:0px;margin-bottom:50px;\"><div class=\"fusion-column-wrapper\" style=\"border:2px solid #e0dede;padding:30px 0;\"><div class=\"imageframe-align-center\"><span class=\"fusion-imageframe imageframe-none imageframe-3\"> <img decoding=\"async\" src=\"https:\/\/inventusgroup.com\/wp-content\/uploads\/2017\/12\/phase-3.png\" alt=\"\" class=\"img-responsive\"\/><\/span><\/div><\/div><\/div><div class=\"fusion-two-third fusion-layout-column fusion-column-last fusion-spacing-yes\" style=\"margin-top:0px;margin-bottom:20px;\"><div class=\"fusion-column-wrapper\"><h2>Fase 3 | Bortskaffelse af ikke-funktionelt udstyr<\/h2>\n<p>N\u00e5r det brugte IT-udstyr ankommer til vores lager, registrerer og tester vi dit IT-udstyr. Hvis du ikke har foretaget datasletning i henhold til lovgivningen, vil vi tilbyde dig at slette alt data p\u00e5 enhederne og danne en dokumentationsrapport for datasletningen. Dette sker mod betaling af et ekstra gebyr.<\/p>\n<p>Hvis udstyret af en eller anden grund ikke er funktionelt, vil vi bortskaffe det p\u00e5 en b\u00e6redygtig m\u00e5de med minimal milj\u00f8p\u00e5virkning. Du kan l\u00e6se mere om denne proces <a href=\"https:\/\/inventusgroup.com\/da\/brugt-it-udstyr\/\" target=\"_blank\" rel=\"noopener noreferrer\">her<\/a>.<\/p>\n<\/div><\/div><div class=\"fusion-clearfix\"><\/div><div class=\"fusion-sep-clear\"><\/div><div class=\"fusion-separator fusion-full-width-sep sep-single\" style=\"border-color:#e0dede;border-top-width:1px;margin-left: auto;margin-right: auto;margin-top:px;margin-bottom:50px;\"><\/div><div class=\"fusion-one-third one_third fusion-layout-column fusion-spacing-yes\" style=\"margin-top:0px;margin-bottom:50px;\"><div class=\"fusion-column-wrapper\" style=\"border:2px solid #e0dede;padding:30px 0;\"><div class=\"imageframe-align-center\"><span class=\"fusion-imageframe imageframe-none imageframe-4\"> <img decoding=\"async\" src=\"https:\/\/inventusgroup.com\/wp-content\/uploads\/2017\/12\/phase-4.png\" alt=\"\" class=\"img-responsive\"\/><\/span><\/div><\/div><\/div><div class=\"fusion-two-third fusion-layout-column fusion-column-last fusion-spacing-yes\" style=\"margin-top:0px;margin-bottom:20px;\"><div class=\"fusion-column-wrapper\"><h2>Fase 4 | Videresalg af funktionelt udstyr<\/h2>\n<p>Dit brugte IT-udstyr er nu ryddet for data, og det sendes herefter til k\u00f8beren af udstyret. N\u00e5r k\u00f8beren modtager partiet, vil de have en kort periode til at g\u00e5 gennemg\u00e5 udstyret. P\u00e5 den m\u00e5de sikrer vi, at det lever op til forventningerne.<\/p>\n<\/div><\/div><div class=\"fusion-clearfix\"><\/div><div class=\"fusion-sep-clear\"><\/div><div class=\"fusion-separator fusion-full-width-sep sep-single\" style=\"border-color:#e0dede;border-top-width:1px;margin-left: auto;margin-right: auto;margin-top:px;margin-bottom:50px;\"><\/div><div class=\"fusion-one-third one_third fusion-layout-column fusion-spacing-yes\" style=\"margin-top:0px;margin-bottom:50px;\"><div class=\"fusion-column-wrapper\" style=\"border:2px solid #e0dede;padding:30px 0;\"><div class=\"imageframe-align-center\"><span class=\"fusion-imageframe imageframe-none imageframe-5\"> <img decoding=\"async\" src=\"https:\/\/inventusgroup.com\/wp-content\/uploads\/2017\/12\/phase-5.png\" alt=\"\" class=\"img-responsive\"\/><\/span><\/div><\/div><\/div><div class=\"fusion-two-third fusion-layout-column fusion-column-last fusion-spacing-yes\" style=\"margin-top:0px;margin-bottom:20px;\"><div class=\"fusion-column-wrapper\"><h2>Fase 5 | Kontoen g\u00f8res op<\/h2>\n<p>Vi er n\u00e5et til den del, der handler om at gennemg\u00e5 vores aftale. Vi gennemg\u00e5r vores aftale trin for trin og sikrer os, at alt i vores aftale er blevet fulgt til d\u00f8rs.<\/p>\n<div class=\"fusion-button-wrapper fusion-alignright\"><style type=\"text\/css\" scoped=\"scoped\">.fusion-button.button-1{border-width:1px;color:#ffffff;border-color:#ffffff;}.fusion-button.button-1:hover,.fusion-button.button-1:focus,.fusion-button.button-1:active{border-width:1px;border-color:#785510;color:#785510;}.fusion-button.button-1{background: #949a1a;}.fusion-button.button-1:hover,.button-1:focus,.fusion-button.button-1:active{background: #ffffff;}<\/style><a class=\"fusion-button button-flat button-square button-large button-custom button-1 fusion-animated\" data-animationType=\"fadeInLeft\" data-animationDuration=\"1\" target=\"_self\" href=\"https:\/\/inventusgroup.com\/da\/kontakt\/\"><i class=\"fa fa-arrow-circle-right button-icon-left\"><\/i><span class=\"fusion-button-text\">Lad os samarbejde!<\/span><\/a><\/div><\/div><\/div><div class=\"fusion-clearfix\"><\/div>\n","protected":false},"excerpt":{"rendered":"","protected":false},"author":1,"featured_media":0,"parent":0,"menu_order":0,"comment_status":"closed","ping_status":"closed","template":"","meta":{"footnotes":""},"class_list":["post-12671","page","type-page","status-publish","hentry"],"yoast_head":"<!-- This site is optimized with the Yoast SEO plugin v27.0 - https:\/\/yoast.com\/product\/yoast-seo-wordpress\/ -->\n<title>Samarbejd med os - Sammen f\u00e5r vi mere ud af dit brugte IT-udstyr<\/title>\n<meta name=\"description\" content=\"Lad os h\u00e5ndtere dit brugte IT-udstyr: Konkurrencedygtige Priser \u2714 Professionel R\u00e5dgivning \u2714 Levering til Tiden \u2714 H\u00f8j Kvalitet\" \/>\n<meta name=\"robots\" content=\"index, follow, max-snippet:-1, max-image-preview:large, max-video-preview:-1\" \/>\n<link rel=\"canonical\" href=\"https:\/\/inventusgroup.com\/da\/samarbejde-med-os\/\" \/>\n<meta property=\"og:locale\" content=\"da_DK\" \/>\n<meta property=\"og:type\" content=\"article\" \/>\n<meta property=\"og:title\" content=\"Samarbejd med os - Sammen f\u00e5r vi mere ud af dit brugte IT-udstyr\" \/>\n<meta property=\"og:description\" content=\"Lad os h\u00e5ndtere dit brugte IT-udstyr: Konkurrencedygtige Priser \u2714 Professionel R\u00e5dgivning \u2714 Levering til Tiden \u2714 H\u00f8j Kvalitet\" \/>\n<meta property=\"og:url\" content=\"https:\/\/inventusgroup.com\/da\/samarbejde-med-os\/\" \/>\n<meta property=\"og:site_name\" content=\"Inventus Group A\/S\" \/>\n<meta property=\"article:modified_time\" content=\"2023-01-25T08:47:13+00:00\" \/>\n<meta property=\"og:image\" content=\"https:\/\/inventusgroup.com\/wp-content\/uploads\/2017\/12\/phase-1.png\" \/>\n<meta name=\"twitter:card\" content=\"summary_large_image\" \/>\n<meta name=\"twitter:label1\" content=\"Estimeret l\u00e6setid\" \/>\n\t<meta name=\"twitter:data1\" content=\"6 minutter\" \/>\n<script type=\"application\/ld+json\" class=\"yoast-schema-graph\">{\"@context\":\"https:\/\/schema.org\",\"@graph\":[{\"@type\":\"WebPage\",\"@id\":\"https:\/\/inventusgroup.com\/da\/samarbejde-med-os\/\",\"url\":\"https:\/\/inventusgroup.com\/da\/samarbejde-med-os\/\",\"name\":\"Samarbejd med os - Sammen f\u00e5r vi mere ud af dit brugte IT-udstyr\",\"isPartOf\":{\"@id\":\"https:\/\/inventusgroup.com\/da\/#website\"},\"primaryImageOfPage\":{\"@id\":\"https:\/\/inventusgroup.com\/da\/samarbejde-med-os\/#primaryimage\"},\"image\":{\"@id\":\"https:\/\/inventusgroup.com\/da\/samarbejde-med-os\/#primaryimage\"},\"thumbnailUrl\":\"https:\/\/inventusgroup.com\/wp-content\/uploads\/2017\/12\/phase-1.png\",\"datePublished\":\"2019-08-15T12:49:57+00:00\",\"dateModified\":\"2023-01-25T08:47:13+00:00\",\"description\":\"Lad os h\u00e5ndtere dit brugte IT-udstyr: Konkurrencedygtige Priser \u2714 Professionel R\u00e5dgivning \u2714 Levering til Tiden \u2714 H\u00f8j Kvalitet\",\"breadcrumb\":{\"@id\":\"https:\/\/inventusgroup.com\/da\/samarbejde-med-os\/#breadcrumb\"},\"inLanguage\":\"da-DK\",\"potentialAction\":[{\"@type\":\"ReadAction\",\"target\":[\"https:\/\/inventusgroup.com\/da\/samarbejde-med-os\/\"]}]},{\"@type\":\"ImageObject\",\"inLanguage\":\"da-DK\",\"@id\":\"https:\/\/inventusgroup.com\/da\/samarbejde-med-os\/#primaryimage\",\"url\":\"https:\/\/inventusgroup.com\/wp-content\/uploads\/2017\/12\/phase-1.png\",\"contentUrl\":\"https:\/\/inventusgroup.com\/wp-content\/uploads\/2017\/12\/phase-1.png\"},{\"@type\":\"BreadcrumbList\",\"@id\":\"https:\/\/inventusgroup.com\/da\/samarbejde-med-os\/#breadcrumb\",\"itemListElement\":[{\"@type\":\"ListItem\",\"position\":1,\"name\":\"Hjem\",\"item\":\"https:\/\/inventusgroup.com\/da\/\"},{\"@type\":\"ListItem\",\"position\":2,\"name\":\"Indg\u00e5 et samarbejde med os\"}]},{\"@type\":\"WebSite\",\"@id\":\"https:\/\/inventusgroup.com\/da\/#website\",\"url\":\"https:\/\/inventusgroup.com\/da\/\",\"name\":\"Inventus Group A\/S\",\"description\":\"Your IT provider and reseller of used IT Infrastructure equipment\",\"potentialAction\":[{\"@type\":\"SearchAction\",\"target\":{\"@type\":\"EntryPoint\",\"urlTemplate\":\"https:\/\/inventusgroup.com\/da\/?s={search_term_string}\"},\"query-input\":{\"@type\":\"PropertyValueSpecification\",\"valueRequired\":true,\"valueName\":\"search_term_string\"}}],\"inLanguage\":\"da-DK\"}]}<\/script>\n<!-- \/ Yoast SEO plugin. -->","yoast_head_json":{"title":"Samarbejd med os - Sammen f\u00e5r vi mere ud af dit brugte IT-udstyr","description":"Lad os h\u00e5ndtere dit brugte IT-udstyr: Konkurrencedygtige Priser \u2714 Professionel R\u00e5dgivning \u2714 Levering til Tiden \u2714 H\u00f8j Kvalitet","robots":{"index":"index","follow":"follow","max-snippet":"max-snippet:-1","max-image-preview":"max-image-preview:large","max-video-preview":"max-video-preview:-1"},"canonical":"https:\/\/inventusgroup.com\/da\/samarbejde-med-os\/","og_locale":"da_DK","og_type":"article","og_title":"Samarbejd med os - Sammen f\u00e5r vi mere ud af dit brugte IT-udstyr","og_description":"Lad os h\u00e5ndtere dit brugte IT-udstyr: Konkurrencedygtige Priser \u2714 Professionel R\u00e5dgivning \u2714 Levering til Tiden \u2714 H\u00f8j Kvalitet","og_url":"https:\/\/inventusgroup.com\/da\/samarbejde-med-os\/","og_site_name":"Inventus Group A\/S","article_modified_time":"2023-01-25T08:47:13+00:00","og_image":[{"url":"https:\/\/inventusgroup.com\/wp-content\/uploads\/2017\/12\/phase-1.png","type":"","width":"","height":""}],"twitter_card":"summary_large_image","twitter_misc":{"Estimeret l\u00e6setid":"6 minutter"},"schema":{"@context":"https:\/\/schema.org","@graph":[{"@type":"WebPage","@id":"https:\/\/inventusgroup.com\/da\/samarbejde-med-os\/","url":"https:\/\/inventusgroup.com\/da\/samarbejde-med-os\/","name":"Samarbejd med os - Sammen f\u00e5r vi mere ud af dit brugte IT-udstyr","isPartOf":{"@id":"https:\/\/inventusgroup.com\/da\/#website"},"primaryImageOfPage":{"@id":"https:\/\/inventusgroup.com\/da\/samarbejde-med-os\/#primaryimage"},"image":{"@id":"https:\/\/inventusgroup.com\/da\/samarbejde-med-os\/#primaryimage"},"thumbnailUrl":"https:\/\/inventusgroup.com\/wp-content\/uploads\/2017\/12\/phase-1.png","datePublished":"2019-08-15T12:49:57+00:00","dateModified":"2023-01-25T08:47:13+00:00","description":"Lad os h\u00e5ndtere dit brugte IT-udstyr: Konkurrencedygtige Priser \u2714 Professionel R\u00e5dgivning \u2714 Levering til Tiden \u2714 H\u00f8j Kvalitet","breadcrumb":{"@id":"https:\/\/inventusgroup.com\/da\/samarbejde-med-os\/#breadcrumb"},"inLanguage":"da-DK","potentialAction":[{"@type":"ReadAction","target":["https:\/\/inventusgroup.com\/da\/samarbejde-med-os\/"]}]},{"@type":"ImageObject","inLanguage":"da-DK","@id":"https:\/\/inventusgroup.com\/da\/samarbejde-med-os\/#primaryimage","url":"https:\/\/inventusgroup.com\/wp-content\/uploads\/2017\/12\/phase-1.png","contentUrl":"https:\/\/inventusgroup.com\/wp-content\/uploads\/2017\/12\/phase-1.png"},{"@type":"BreadcrumbList","@id":"https:\/\/inventusgroup.com\/da\/samarbejde-med-os\/#breadcrumb","itemListElement":[{"@type":"ListItem","position":1,"name":"Hjem","item":"https:\/\/inventusgroup.com\/da\/"},{"@type":"ListItem","position":2,"name":"Indg\u00e5 et samarbejde med os"}]},{"@type":"WebSite","@id":"https:\/\/inventusgroup.com\/da\/#website","url":"https:\/\/inventusgroup.com\/da\/","name":"Inventus Group A\/S","description":"Your IT provider and reseller of used IT Infrastructure equipment","potentialAction":[{"@type":"SearchAction","target":{"@type":"EntryPoint","urlTemplate":"https:\/\/inventusgroup.com\/da\/?s={search_term_string}"},"query-input":{"@type":"PropertyValueSpecification","valueRequired":true,"valueName":"search_term_string"}}],"inLanguage":"da-DK"}]}},"_links":{"self":[{"href":"https:\/\/inventusgroup.com\/da\/wp-json\/wp\/v2\/pages\/12671","targetHints":{"allow":["GET"]}}],"collection":[{"href":"https:\/\/inventusgroup.com\/da\/wp-json\/wp\/v2\/pages"}],"about":[{"href":"https:\/\/inventusgroup.com\/da\/wp-json\/wp\/v2\/types\/page"}],"author":[{"embeddable":true,"href":"https:\/\/inventusgroup.com\/da\/wp-json\/wp\/v2\/users\/1"}],"replies":[{"embeddable":true,"href":"https:\/\/inventusgroup.com\/da\/wp-json\/wp\/v2\/comments?post=12671"}],"version-history":[{"count":6,"href":"https:\/\/inventusgroup.com\/da\/wp-json\/wp\/v2\/pages\/12671\/revisions"}],"predecessor-version":[{"id":14715,"href":"https:\/\/inventusgroup.com\/da\/wp-json\/wp\/v2\/pages\/12671\/revisions\/14715"}],"wp:attachment":[{"href":"https:\/\/inventusgroup.com\/da\/wp-json\/wp\/v2\/media?parent=12671"}],"curies":[{"name":"wp","href":"https:\/\/api.w.org\/{rel}","templated":true}]}}