{"id":12744,"date":"2019-08-16T11:24:34","date_gmt":"2019-08-16T09:24:34","guid":{"rendered":"https:\/\/inventusgroup.com\/fjernelse-af-data-datasletning\/"},"modified":"2023-01-25T10:15:18","modified_gmt":"2023-01-25T09:15:18","slug":"fjernelse-af-data-datasletning","status":"publish","type":"page","link":"https:\/\/inventusgroup.com\/da\/fjernelse-af-data-datasletning\/","title":{"rendered":"Fjernelse af data (datasletning)"},"content":{"rendered":"<div class=\"fusion-title title fusion-title-size-one\"><h1 class=\"title-heading-left\">\n<p>Sletning af data (Data erasure)<\/p>\n<\/h1><div class=\"title-sep-container\"><div class=\"title-sep sep-double\" style=\"border-color:#f18f1c;\"><\/div><\/div><\/div><div class=\"fusion-three-fifth fusion-layout-column fusion-spacing-yes\" style=\"margin-top:0px;margin-bottom:20px;\"><div class=\"fusion-column-wrapper\"><h2>Slet data p\u00e5 tv\u00e6rs af alle IT-aktiver<\/h2>\n<p>F\u00f8lsom data kan v\u00e6re en udfordring for mange virksomheder. Derfor er det ofte sv\u00e6rt for virksomhederne at komme af med deres gamle IT-udstyr, fordi det indeholder data omkring kunder, som ikke m\u00e5 lande i de forkerte h\u00e6nder.<\/p>\n<p>Hos Inventus Group kan vi hj\u00e6lpe dig med at slette data p\u00e5 dine enheder &#8211; p\u00e5 en sikker m\u00e5de og korrekt m\u00e5de.<\/p>\n<p>Vi samarbejder med f\u00f8rende datasletningsvirksomheder, som er n\u00f8je udvalgt efter ISO-forskrifterne. Al datasletning udf\u00f8res af specialiseret personale for at sikre, at dine f\u00f8lsomme data er blevet slettet permanent med dokumentation.<\/p>\n<p>Er du interesseret i at h\u00f8re, hvordan vi kan hj\u00e6lpe dig? S\u00e5 kontakt os i dag.<\/p>\n<div class=\"fusion-button-wrapper fusion-alignleft\"><style type=\"text\/css\" scoped=\"scoped\">.fusion-button.button-1{border-width:1px;color:#ffffff;border-color:#ffffff;}.fusion-button.button-1:hover,.fusion-button.button-1:focus,.fusion-button.button-1:active{border-width:1px;border-color:#785510;color:#785510;}.fusion-button.button-1{background: #949a1a;}.fusion-button.button-1:hover,.button-1:focus,.fusion-button.button-1:active{background: #ffffff;}<\/style><a class=\"fusion-button button-flat button-square button-large button-custom button-1 fusion-animated\" data-animationType=\"fadeInLeft\" data-animationDuration=\"1\" target=\"_self\" href=\"https:\/\/inventusgroup.com\/contact\/\"><i class=\"fa fa-arrow-right button-icon-left\"><\/i><span class=\"fusion-button-text\">Let us help you<\/span><\/a><\/div><\/div><\/div><div class=\"fusion-two-fifth fusion-layout-column fusion-column-last fusion-spacing-yes\" style=\"margin-top:0px;margin-bottom:20px;\"><div class=\"fusion-column-wrapper\"><span class=\"fusion-imageframe imageframe-none imageframe-1\"> <img decoding=\"async\" style=\"font-size: inherit;\" src=\"https:\/\/inventusgroup.com\/wp-content\/uploads\/2018\/01\/Data-removal.jpg\" alt=\"Data removal\" class=\"img-responsive\"\/><span style=\"font-size: inherit;\"><\/span><\/div><\/div><div class=\"fusion-clearfix\"><\/div><\/span><\/p>\n","protected":false},"excerpt":{"rendered":"","protected":false},"author":1,"featured_media":0,"parent":0,"menu_order":0,"comment_status":"closed","ping_status":"closed","template":"","meta":{"footnotes":""},"class_list":["post-12744","page","type-page","status-publish","hentry"],"yoast_head":"<!-- This site is optimized with the Yoast SEO plugin v27.0 - https:\/\/yoast.com\/product\/yoast-seo-wordpress\/ -->\n<title>Datasletning - Vi s\u00f8rger for at rydde dit brugte IT-udstyr for data<\/title>\n<meta name=\"description\" content=\"Lad os fjerne alt data sikkert fra dit IT-udstyr f\u00f8r bortskaffelse. Vi leverer et datadestruktionscertifikat for hver ordre. Kontakt os i dag\" \/>\n<meta name=\"robots\" content=\"index, follow, max-snippet:-1, max-image-preview:large, max-video-preview:-1\" \/>\n<link rel=\"canonical\" href=\"https:\/\/inventusgroup.com\/da\/fjernelse-af-data-datasletning\/\" \/>\n<meta property=\"og:locale\" content=\"da_DK\" \/>\n<meta property=\"og:type\" content=\"article\" \/>\n<meta property=\"og:title\" content=\"Datasletning - Vi s\u00f8rger for at rydde dit brugte IT-udstyr for data\" \/>\n<meta property=\"og:description\" content=\"Lad os fjerne alt data sikkert fra dit IT-udstyr f\u00f8r bortskaffelse. Vi leverer et datadestruktionscertifikat for hver ordre. Kontakt os i dag\" \/>\n<meta property=\"og:url\" content=\"https:\/\/inventusgroup.com\/da\/fjernelse-af-data-datasletning\/\" \/>\n<meta property=\"og:site_name\" content=\"Inventus Group A\/S\" \/>\n<meta property=\"article:modified_time\" content=\"2023-01-25T09:15:18+00:00\" \/>\n<meta property=\"og:image\" content=\"https:\/\/inventusgroup.com\/wp-content\/uploads\/2018\/01\/Data-removal.jpg\" \/>\n<meta name=\"twitter:card\" content=\"summary_large_image\" \/>\n<meta name=\"twitter:label1\" content=\"Estimeret l\u00e6setid\" \/>\n\t<meta name=\"twitter:data1\" content=\"2 minutter\" \/>\n<script type=\"application\/ld+json\" class=\"yoast-schema-graph\">{\"@context\":\"https:\/\/schema.org\",\"@graph\":[{\"@type\":\"WebPage\",\"@id\":\"https:\/\/inventusgroup.com\/da\/fjernelse-af-data-datasletning\/\",\"url\":\"https:\/\/inventusgroup.com\/da\/fjernelse-af-data-datasletning\/\",\"name\":\"Datasletning - Vi s\u00f8rger for at rydde dit brugte IT-udstyr for data\",\"isPartOf\":{\"@id\":\"https:\/\/inventusgroup.com\/da\/#website\"},\"primaryImageOfPage\":{\"@id\":\"https:\/\/inventusgroup.com\/da\/fjernelse-af-data-datasletning\/#primaryimage\"},\"image\":{\"@id\":\"https:\/\/inventusgroup.com\/da\/fjernelse-af-data-datasletning\/#primaryimage\"},\"thumbnailUrl\":\"https:\/\/inventusgroup.com\/wp-content\/uploads\/2018\/01\/Data-removal.jpg\",\"datePublished\":\"2019-08-16T09:24:34+00:00\",\"dateModified\":\"2023-01-25T09:15:18+00:00\",\"description\":\"Lad os fjerne alt data sikkert fra dit IT-udstyr f\u00f8r bortskaffelse. Vi leverer et datadestruktionscertifikat for hver ordre. Kontakt os i dag\",\"breadcrumb\":{\"@id\":\"https:\/\/inventusgroup.com\/da\/fjernelse-af-data-datasletning\/#breadcrumb\"},\"inLanguage\":\"da-DK\",\"potentialAction\":[{\"@type\":\"ReadAction\",\"target\":[\"https:\/\/inventusgroup.com\/da\/fjernelse-af-data-datasletning\/\"]}]},{\"@type\":\"ImageObject\",\"inLanguage\":\"da-DK\",\"@id\":\"https:\/\/inventusgroup.com\/da\/fjernelse-af-data-datasletning\/#primaryimage\",\"url\":\"https:\/\/inventusgroup.com\/wp-content\/uploads\/2018\/01\/Data-removal.jpg\",\"contentUrl\":\"https:\/\/inventusgroup.com\/wp-content\/uploads\/2018\/01\/Data-removal.jpg\"},{\"@type\":\"BreadcrumbList\",\"@id\":\"https:\/\/inventusgroup.com\/da\/fjernelse-af-data-datasletning\/#breadcrumb\",\"itemListElement\":[{\"@type\":\"ListItem\",\"position\":1,\"name\":\"Hjem\",\"item\":\"https:\/\/inventusgroup.com\/da\/\"},{\"@type\":\"ListItem\",\"position\":2,\"name\":\"Fjernelse af data (datasletning)\"}]},{\"@type\":\"WebSite\",\"@id\":\"https:\/\/inventusgroup.com\/da\/#website\",\"url\":\"https:\/\/inventusgroup.com\/da\/\",\"name\":\"Inventus Group A\/S\",\"description\":\"Your IT provider and reseller of used IT Infrastructure equipment\",\"potentialAction\":[{\"@type\":\"SearchAction\",\"target\":{\"@type\":\"EntryPoint\",\"urlTemplate\":\"https:\/\/inventusgroup.com\/da\/?s={search_term_string}\"},\"query-input\":{\"@type\":\"PropertyValueSpecification\",\"valueRequired\":true,\"valueName\":\"search_term_string\"}}],\"inLanguage\":\"da-DK\"}]}<\/script>\n<!-- \/ Yoast SEO plugin. -->","yoast_head_json":{"title":"Datasletning - Vi s\u00f8rger for at rydde dit brugte IT-udstyr for data","description":"Lad os fjerne alt data sikkert fra dit IT-udstyr f\u00f8r bortskaffelse. Vi leverer et datadestruktionscertifikat for hver ordre. Kontakt os i dag","robots":{"index":"index","follow":"follow","max-snippet":"max-snippet:-1","max-image-preview":"max-image-preview:large","max-video-preview":"max-video-preview:-1"},"canonical":"https:\/\/inventusgroup.com\/da\/fjernelse-af-data-datasletning\/","og_locale":"da_DK","og_type":"article","og_title":"Datasletning - Vi s\u00f8rger for at rydde dit brugte IT-udstyr for data","og_description":"Lad os fjerne alt data sikkert fra dit IT-udstyr f\u00f8r bortskaffelse. Vi leverer et datadestruktionscertifikat for hver ordre. Kontakt os i dag","og_url":"https:\/\/inventusgroup.com\/da\/fjernelse-af-data-datasletning\/","og_site_name":"Inventus Group A\/S","article_modified_time":"2023-01-25T09:15:18+00:00","og_image":[{"url":"https:\/\/inventusgroup.com\/wp-content\/uploads\/2018\/01\/Data-removal.jpg","type":"","width":"","height":""}],"twitter_card":"summary_large_image","twitter_misc":{"Estimeret l\u00e6setid":"2 minutter"},"schema":{"@context":"https:\/\/schema.org","@graph":[{"@type":"WebPage","@id":"https:\/\/inventusgroup.com\/da\/fjernelse-af-data-datasletning\/","url":"https:\/\/inventusgroup.com\/da\/fjernelse-af-data-datasletning\/","name":"Datasletning - Vi s\u00f8rger for at rydde dit brugte IT-udstyr for data","isPartOf":{"@id":"https:\/\/inventusgroup.com\/da\/#website"},"primaryImageOfPage":{"@id":"https:\/\/inventusgroup.com\/da\/fjernelse-af-data-datasletning\/#primaryimage"},"image":{"@id":"https:\/\/inventusgroup.com\/da\/fjernelse-af-data-datasletning\/#primaryimage"},"thumbnailUrl":"https:\/\/inventusgroup.com\/wp-content\/uploads\/2018\/01\/Data-removal.jpg","datePublished":"2019-08-16T09:24:34+00:00","dateModified":"2023-01-25T09:15:18+00:00","description":"Lad os fjerne alt data sikkert fra dit IT-udstyr f\u00f8r bortskaffelse. Vi leverer et datadestruktionscertifikat for hver ordre. Kontakt os i dag","breadcrumb":{"@id":"https:\/\/inventusgroup.com\/da\/fjernelse-af-data-datasletning\/#breadcrumb"},"inLanguage":"da-DK","potentialAction":[{"@type":"ReadAction","target":["https:\/\/inventusgroup.com\/da\/fjernelse-af-data-datasletning\/"]}]},{"@type":"ImageObject","inLanguage":"da-DK","@id":"https:\/\/inventusgroup.com\/da\/fjernelse-af-data-datasletning\/#primaryimage","url":"https:\/\/inventusgroup.com\/wp-content\/uploads\/2018\/01\/Data-removal.jpg","contentUrl":"https:\/\/inventusgroup.com\/wp-content\/uploads\/2018\/01\/Data-removal.jpg"},{"@type":"BreadcrumbList","@id":"https:\/\/inventusgroup.com\/da\/fjernelse-af-data-datasletning\/#breadcrumb","itemListElement":[{"@type":"ListItem","position":1,"name":"Hjem","item":"https:\/\/inventusgroup.com\/da\/"},{"@type":"ListItem","position":2,"name":"Fjernelse af data (datasletning)"}]},{"@type":"WebSite","@id":"https:\/\/inventusgroup.com\/da\/#website","url":"https:\/\/inventusgroup.com\/da\/","name":"Inventus Group A\/S","description":"Your IT provider and reseller of used IT Infrastructure equipment","potentialAction":[{"@type":"SearchAction","target":{"@type":"EntryPoint","urlTemplate":"https:\/\/inventusgroup.com\/da\/?s={search_term_string}"},"query-input":{"@type":"PropertyValueSpecification","valueRequired":true,"valueName":"search_term_string"}}],"inLanguage":"da-DK"}]}},"_links":{"self":[{"href":"https:\/\/inventusgroup.com\/da\/wp-json\/wp\/v2\/pages\/12744","targetHints":{"allow":["GET"]}}],"collection":[{"href":"https:\/\/inventusgroup.com\/da\/wp-json\/wp\/v2\/pages"}],"about":[{"href":"https:\/\/inventusgroup.com\/da\/wp-json\/wp\/v2\/types\/page"}],"author":[{"embeddable":true,"href":"https:\/\/inventusgroup.com\/da\/wp-json\/wp\/v2\/users\/1"}],"replies":[{"embeddable":true,"href":"https:\/\/inventusgroup.com\/da\/wp-json\/wp\/v2\/comments?post=12744"}],"version-history":[{"count":4,"href":"https:\/\/inventusgroup.com\/da\/wp-json\/wp\/v2\/pages\/12744\/revisions"}],"predecessor-version":[{"id":14722,"href":"https:\/\/inventusgroup.com\/da\/wp-json\/wp\/v2\/pages\/12744\/revisions\/14722"}],"wp:attachment":[{"href":"https:\/\/inventusgroup.com\/da\/wp-json\/wp\/v2\/media?parent=12744"}],"curies":[{"name":"wp","href":"https:\/\/api.w.org\/{rel}","templated":true}]}}