{"id":13645,"date":"2019-10-14T10:45:11","date_gmt":"2019-10-14T08:45:11","guid":{"rendered":"https:\/\/inventusgroup.com\/gebrauchte-it-ausstattung\/"},"modified":"2019-11-11T10:04:49","modified_gmt":"2019-11-11T09:04:49","slug":"gebrauchte-it-ausstattung","status":"publish","type":"page","link":"https:\/\/inventusgroup.com\/de\/gebrauchte-it-ausstattung\/","title":{"rendered":"Gebrauchte IT-Ausstattung"},"content":{"rendered":"<div class=\"fusion-one-full fusion-layout-column fusion-column-last fusion-spacing-yes\" style=\"margin-top:0px;margin-bottom:20px;\"><div class=\"fusion-column-wrapper\"><div class=\"fusion-title title fusion-title-size-one\"><h1 class=\"title-heading-left\">\n<p>Gebrauchte IT-Ausstattung<\/p>\n<\/h1><div class=\"title-sep-container\"><div class=\"title-sep sep-double\" style=\"border-color:#f18f1c;\"><\/div><\/div><\/div><\/div><\/div><div class=\"fusion-clearfix\"><\/div><div class=\"fusion-three-fourth fusion-layout-column fusion-spacing-yes\" style=\"margin-top:0px;margin-bottom:20px;\"><div class=\"fusion-column-wrapper\"><h2 style=\"text-align: left;\">M\u00f6chte Ihr Unternehmen gebrauchte IT-Ausstattung verkaufen?<\/h2>\n<p style=\"text-align: left;\">Wir, die Inventus Group, k\u00fcmmern uns um alle Arten von IT und sind sowohl national in D\u00e4nemark, als auch international t\u00e4tig. Daher k\u00f6nnen wir Ihnen helfen, die beste L\u00f6sung f\u00fcr den Verkauf von gebrauchter IT-Ausstattung zu finden.<\/p>\n<p>Mit mehr als 15 Jahren Erfahrung als IT-H\u00e4ndler k\u00f6nnen wir Ihnen relativ schnell einen ersten Ankaufswert Ihrer gebrauchten IT-Ger\u00e4te mitteilen. Bedenken Sie jedoch, dass IT-Ausstattung, wie auch viele andere Dinge in jungen Jahren ihren Wert besser bewahrt.<\/p>\n<p>Daher ist es am besten, wenn Sie uns bereits in der Fr\u00fchphase des Wiederverkaufs kontaktieren, damit wir Sie in allen Transaktionsphasen des Verkaufs Ihrer gebrauchten IT-Ausr\u00fcstung beraten k\u00f6nnen. Somit k\u00f6nnen wir Ihnen helfen den Wert Ihrer IT-Produkte zu maximieren, bevor diese zu alt werden.<\/p>\n<p>Im Allgemeinen sind wir in der Lage, alle Arten von gebrauchten IT-Ger\u00e4ten zu behandeln, allerdings m\u00fcssen diese voll funktionsf\u00e4hig und angemessen gewartet sein.<\/p>\n<\/div><\/div><div class=\"fusion-one-fourth fusion-layout-column fusion-column-last fusion-spacing-yes\" style=\"margin-top:0px;margin-bottom:20px;\"><div class=\"fusion-column-wrapper\"><h2><\/h2>\n<h2 style=\"text-align: center;\"><em><br \/>\nHaben Sie sich jemals gefragt, ob Sie Ihre gebrauchten IT-Ger\u00e4te weiterverkaufen k\u00f6nnen, anstatt sie zu verschrotten?<\/em><\/h2>\n<\/div><\/div><div class=\"fusion-clearfix\"><\/div><h2><strong>Unsere prim\u00e4ren Produktschwerpunkte sind:<\/strong><\/h2>\n<div class=\"fusion-one-fifth fusion-layout-column fusion-spacing-yes\" style=\"margin-top:0px;margin-bottom:20px;\"><div class=\"fusion-column-wrapper\"><div class=\"imageframe-align-center\"><span class=\"fusion-imageframe imageframe-none imageframe-1\"> <img decoding=\"async\" src=\"https:\/\/inventusgroup.com\/wp-content\/uploads\/2018\/01\/Storage.jpg\" alt=\"Storage\" class=\"img-responsive\"\/><\/span><\/div><\/div><\/div><div class=\"fusion-one-fifth fusion-layout-column fusion-spacing-yes\" style=\"margin-top:0px;margin-bottom:20px;\"><div class=\"fusion-column-wrapper\"><div class=\"imageframe-align-center\"><span class=\"fusion-imageframe imageframe-none imageframe-2\"> <img decoding=\"async\" src=\"https:\/\/inventusgroup.com\/wp-content\/uploads\/2018\/01\/Servers.jpg\" alt=\"Servers\" class=\"img-responsive\"\/><\/span><\/div><\/div><\/div><div class=\"fusion-one-fifth fusion-layout-column fusion-spacing-yes\" style=\"margin-top:0px;margin-bottom:20px;\"><div class=\"fusion-column-wrapper\"><div class=\"imageframe-align-center\"><span class=\"fusion-imageframe imageframe-none imageframe-3\"> <img decoding=\"async\" src=\"https:\/\/inventusgroup.com\/wp-content\/uploads\/2018\/01\/Mobile-phones.jpg\" alt=\"Mobile phones\" class=\"img-responsive\"\/><\/span><\/div><\/div><\/div><div class=\"fusion-one-fifth fusion-layout-column fusion-spacing-yes\" style=\"margin-top:0px;margin-bottom:20px;\"><div class=\"fusion-column-wrapper\"><div class=\"imageframe-align-center\"><span class=\"fusion-imageframe imageframe-none imageframe-4\"> <img decoding=\"async\" src=\"https:\/\/inventusgroup.com\/wp-content\/uploads\/2018\/01\/Networking-equipment.jpg\" alt=\"Networking equipment\" class=\"img-responsive\"\/><\/span><\/div><\/div><\/div><div class=\"fusion-one-fifth fusion-layout-column fusion-column-last fusion-spacing-yes\" style=\"margin-top:0px;margin-bottom:20px;\"><div class=\"fusion-column-wrapper\"><div class=\"imageframe-align-center\"><span class=\"fusion-imageframe imageframe-none imageframe-5\"> <img decoding=\"async\" src=\"https:\/\/inventusgroup.com\/wp-content\/uploads\/2018\/01\/Point-of-sales.jpg\" alt=\"Point of sales\" class=\"img-responsive\"\/><\/span><\/div><\/div><\/div><div class=\"fusion-clearfix\"><\/div><div class=\"fusion-one-full fusion-layout-column fusion-column-last fusion-spacing-yes\" style=\"margin-top:20px.;margin-bottom:20px;\"><div class=\"fusion-column-wrapper\"><h2><\/h2>\n<p><strong>Aufgrund unserer Branchenerfahrung verf\u00fcgen wir \u00fcber ein globales Kundennetzwerk f\u00fcr alle oben genannten Produkttypen, unabh\u00e4ngig vom Hersteller!<\/strong><\/p>\n<h2><strong>Gr\u00fcnde f\u00fcr den Verkauf Ihrer gebrauchten IT-Ausstattung<\/strong><\/h2>\n<p>Erstens ist der Verkauf Ihrer alten IT-Ger\u00e4te f\u00fcr Ihr Unternehmen von Vorteil, da Sie leicht etwas Geld aus Produkten herausholen k\u00f6nnen, die sowieso nicht verwendet werden. Dies kann besonders n\u00fctzlich sein, wenn Ihr Unternehmen ein IT-Upgrade durchl\u00e4uft und in K\u00fcrze gr\u00f6\u00dfere Investitionen in neue IT-Hardware t\u00e4tigen m\u00f6chte.<\/p>\n<p>Zweitens kann es die Organisation Ihres Inventars und Lagers erleichtern, da Sie \u00fcbersch\u00fcssige IT-Ausr\u00fcstung beseitigen und somit mehr Speicherplatz haben.<\/p>\n<p>Zus\u00e4tzlich k\u00f6nnen Sie der Umwelt helfen, indem Sie Ihre gebrauchten IT-Ger\u00e4te verkaufen, da ein anderes Unternehmen noch daran interessiert sein k\u00f6nnte und sie somit wiederverwendet werden. IT-Ausstattung, die noch Wert hat, wird \u00fcberholt und weiterverkauft. Alle anderen Ger\u00e4te, die zu alt sind, um weiterverkauft zu werden, und \/ oder als Schrott eingestuft werden, werden so umweltfreundlich wie m\u00f6glich entsorgt oder recycelt.<\/p>\n<p>Wir sind uns dessen bewusst, dass viele Unternehmen, nur ungern Ihre gebrauchten IT-Ger\u00e4te verkaufen wollen, da auf diesen oft vertrauliche Daten gespeichert sind. Dies sollte jedoch kein Bedenken sein, wenn Sie gebrauchte IT-Ausstattung an Inventus Group verkaufen, da wir Sie auch bei der Datenvernichtung unterst\u00fctzen k\u00f6nnen.<\/p>\n<p>Insgesamt sehen wir ein gro\u00dfes Potenzial im Wiederverkauf funktionaler gebrauchter IT, die Ihr Unternehmen nicht mehr ben\u00f6tigt. Da der IT-Ankauf eine unserer Kernkompetenzen ist, m\u00f6chten wir Sie auch dabei unterst\u00fctzen, die auslaufende IT-Infrastruktur Ihres Unternehmens aufzuwerten. Wir verf\u00fcgen \u00fcber ein starkes globales Netzwerk, das wir sowohl beim Verkauf als auch beim Kauf gebrauchter IT-Ausstattung nutzen. Wir haben daher viele M\u00f6glichkeiten, Ihre funktionsf\u00e4higen gebrauchten IT-Produkte weiterzuverkaufen. <\/p>\n<\/div><\/div><div class=\"fusion-clearfix\"><\/div><div class=\"fusion-three-fifth fusion-layout-column fusion-spacing-yes\" style=\"margin-top:0px;margin-bottom:20px;\"><div class=\"fusion-column-wrapper\"><\/div><\/div><div class=\"fusion-two-fifth fusion-layout-column fusion-column-last fusion-spacing-yes\" style=\"margin-top:0px;margin-bottom:20px;\"><div class=\"fusion-column-wrapper\"><div class=\"fusion-button-wrapper fusion-alignright\"><style type=\"text\/css\" scoped=\"scoped\">.fusion-button.button-1{border-width:1px;color:#ffffff;border-color:#ffffff;}.fusion-button.button-1:hover,.fusion-button.button-1:focus,.fusion-button.button-1:active{border-width:1px;border-color:#785510;color:#785510;}.fusion-button.button-1{background: #949a1a;}.fusion-button.button-1:hover,.button-1:focus,.fusion-button.button-1:active{background: #ffffff;}<\/style><a class=\"fusion-button button-flat button-square button-large button-custom button-1 fusion-animated\" data-animationType=\"fadeInLeft\" data-animationDuration=\"1\" target=\"_self\" href=\"https:\/\/inventusgroup.com\/de\/angebotsanfrage\/\"><i class=\"fa fa-phone button-icon-left\"><\/i><span class=\"fusion-button-text\">Interessiert? &#8211; Erhalten Sie eine Preisliste <\/span><\/a><\/div><\/div><\/div><div class=\"fusion-clearfix\"><\/div>\n","protected":false},"excerpt":{"rendered":"","protected":false},"author":1,"featured_media":0,"parent":0,"menu_order":0,"comment_status":"closed","ping_status":"closed","template":"","meta":{"footnotes":""},"class_list":["post-13645","page","type-page","status-publish","hentry"],"yoast_head":"<!-- This site is optimized with the Yoast SEO plugin v27.0 - https:\/\/yoast.com\/product\/yoast-seo-wordpress\/ -->\n<title>\u2192 Gebrauchte IT-Ausstattung \u2190 Verkaufen Sie Ihre gebrauchte IT Ausstattung<\/title>\n<meta name=\"description\" content=\"Durchl\u00e4uft Ihr Unternehmen ein IT-Upgrade? Wir helfen Ihnen, Ihre gebrauchte IT-Ausstattung zu verkaufen. Wir garantieren 100% Datensicherheit \u2022 \u260e Kontaktieren Sie uns noch heute f\u00fcr ein kostenloses Angebot!\" \/>\n<meta name=\"robots\" content=\"index, follow, max-snippet:-1, max-image-preview:large, max-video-preview:-1\" \/>\n<link rel=\"canonical\" href=\"https:\/\/inventusgroup.com\/de\/gebrauchte-it-ausstattung\/\" \/>\n<meta property=\"og:locale\" content=\"de_DE\" \/>\n<meta property=\"og:type\" content=\"article\" \/>\n<meta property=\"og:title\" content=\"\u2192 Gebrauchte IT-Ausstattung \u2190 Verkaufen Sie Ihre gebrauchte IT Ausstattung\" \/>\n<meta property=\"og:description\" content=\"Durchl\u00e4uft Ihr Unternehmen ein IT-Upgrade? Wir helfen Ihnen, Ihre gebrauchte IT-Ausstattung zu verkaufen. Wir garantieren 100% Datensicherheit \u2022 \u260e Kontaktieren Sie uns noch heute f\u00fcr ein kostenloses Angebot!\" \/>\n<meta property=\"og:url\" content=\"https:\/\/inventusgroup.com\/de\/gebrauchte-it-ausstattung\/\" \/>\n<meta property=\"og:site_name\" content=\"Inventus Group A\/S\" \/>\n<meta property=\"article:modified_time\" content=\"2019-11-11T09:04:49+00:00\" \/>\n<meta property=\"og:image\" content=\"https:\/\/inventusgroup.com\/wp-content\/uploads\/2018\/01\/Storage.jpg\" \/>\n<meta name=\"twitter:card\" content=\"summary_large_image\" \/>\n<meta name=\"twitter:label1\" content=\"Gesch\u00e4tzte Lesezeit\" \/>\n\t<meta name=\"twitter:data1\" content=\"6\u00a0Minuten\" \/>\n<script type=\"application\/ld+json\" class=\"yoast-schema-graph\">{\"@context\":\"https:\/\/schema.org\",\"@graph\":[{\"@type\":\"WebPage\",\"@id\":\"https:\/\/inventusgroup.com\/de\/gebrauchte-it-ausstattung\/\",\"url\":\"https:\/\/inventusgroup.com\/de\/gebrauchte-it-ausstattung\/\",\"name\":\"\u2192 Gebrauchte IT-Ausstattung \u2190 Verkaufen Sie Ihre gebrauchte IT Ausstattung\",\"isPartOf\":{\"@id\":\"https:\/\/inventusgroup.com\/de\/#website\"},\"primaryImageOfPage\":{\"@id\":\"https:\/\/inventusgroup.com\/de\/gebrauchte-it-ausstattung\/#primaryimage\"},\"image\":{\"@id\":\"https:\/\/inventusgroup.com\/de\/gebrauchte-it-ausstattung\/#primaryimage\"},\"thumbnailUrl\":\"https:\/\/inventusgroup.com\/wp-content\/uploads\/2018\/01\/Storage.jpg\",\"datePublished\":\"2019-10-14T08:45:11+00:00\",\"dateModified\":\"2019-11-11T09:04:49+00:00\",\"description\":\"Durchl\u00e4uft Ihr Unternehmen ein IT-Upgrade? Wir helfen Ihnen, Ihre gebrauchte IT-Ausstattung zu verkaufen. Wir garantieren 100% Datensicherheit \u2022 \u260e Kontaktieren Sie uns noch heute f\u00fcr ein kostenloses Angebot!\",\"breadcrumb\":{\"@id\":\"https:\/\/inventusgroup.com\/de\/gebrauchte-it-ausstattung\/#breadcrumb\"},\"inLanguage\":\"de\",\"potentialAction\":[{\"@type\":\"ReadAction\",\"target\":[\"https:\/\/inventusgroup.com\/de\/gebrauchte-it-ausstattung\/\"]}]},{\"@type\":\"ImageObject\",\"inLanguage\":\"de\",\"@id\":\"https:\/\/inventusgroup.com\/de\/gebrauchte-it-ausstattung\/#primaryimage\",\"url\":\"https:\/\/inventusgroup.com\/wp-content\/uploads\/2018\/01\/Storage.jpg\",\"contentUrl\":\"https:\/\/inventusgroup.com\/wp-content\/uploads\/2018\/01\/Storage.jpg\"},{\"@type\":\"BreadcrumbList\",\"@id\":\"https:\/\/inventusgroup.com\/de\/gebrauchte-it-ausstattung\/#breadcrumb\",\"itemListElement\":[{\"@type\":\"ListItem\",\"position\":1,\"name\":\"Startseite\",\"item\":\"https:\/\/inventusgroup.com\/de\/\"},{\"@type\":\"ListItem\",\"position\":2,\"name\":\"Gebrauchte IT-Ausstattung\"}]},{\"@type\":\"WebSite\",\"@id\":\"https:\/\/inventusgroup.com\/de\/#website\",\"url\":\"https:\/\/inventusgroup.com\/de\/\",\"name\":\"Inventus Group A\/S\",\"description\":\"Your IT provider and reseller of used IT Infrastructure equipment\",\"potentialAction\":[{\"@type\":\"SearchAction\",\"target\":{\"@type\":\"EntryPoint\",\"urlTemplate\":\"https:\/\/inventusgroup.com\/de\/?s={search_term_string}\"},\"query-input\":{\"@type\":\"PropertyValueSpecification\",\"valueRequired\":true,\"valueName\":\"search_term_string\"}}],\"inLanguage\":\"de\"}]}<\/script>\n<!-- \/ Yoast SEO plugin. -->","yoast_head_json":{"title":"\u2192 Gebrauchte IT-Ausstattung \u2190 Verkaufen Sie Ihre gebrauchte IT Ausstattung","description":"Durchl\u00e4uft Ihr Unternehmen ein IT-Upgrade? Wir helfen Ihnen, Ihre gebrauchte IT-Ausstattung zu verkaufen. Wir garantieren 100% Datensicherheit \u2022 \u260e Kontaktieren Sie uns noch heute f\u00fcr ein kostenloses Angebot!","robots":{"index":"index","follow":"follow","max-snippet":"max-snippet:-1","max-image-preview":"max-image-preview:large","max-video-preview":"max-video-preview:-1"},"canonical":"https:\/\/inventusgroup.com\/de\/gebrauchte-it-ausstattung\/","og_locale":"de_DE","og_type":"article","og_title":"\u2192 Gebrauchte IT-Ausstattung \u2190 Verkaufen Sie Ihre gebrauchte IT Ausstattung","og_description":"Durchl\u00e4uft Ihr Unternehmen ein IT-Upgrade? Wir helfen Ihnen, Ihre gebrauchte IT-Ausstattung zu verkaufen. Wir garantieren 100% Datensicherheit \u2022 \u260e Kontaktieren Sie uns noch heute f\u00fcr ein kostenloses Angebot!","og_url":"https:\/\/inventusgroup.com\/de\/gebrauchte-it-ausstattung\/","og_site_name":"Inventus Group A\/S","article_modified_time":"2019-11-11T09:04:49+00:00","og_image":[{"url":"https:\/\/inventusgroup.com\/wp-content\/uploads\/2018\/01\/Storage.jpg","type":"","width":"","height":""}],"twitter_card":"summary_large_image","twitter_misc":{"Gesch\u00e4tzte Lesezeit":"6\u00a0Minuten"},"schema":{"@context":"https:\/\/schema.org","@graph":[{"@type":"WebPage","@id":"https:\/\/inventusgroup.com\/de\/gebrauchte-it-ausstattung\/","url":"https:\/\/inventusgroup.com\/de\/gebrauchte-it-ausstattung\/","name":"\u2192 Gebrauchte IT-Ausstattung \u2190 Verkaufen Sie Ihre gebrauchte IT Ausstattung","isPartOf":{"@id":"https:\/\/inventusgroup.com\/de\/#website"},"primaryImageOfPage":{"@id":"https:\/\/inventusgroup.com\/de\/gebrauchte-it-ausstattung\/#primaryimage"},"image":{"@id":"https:\/\/inventusgroup.com\/de\/gebrauchte-it-ausstattung\/#primaryimage"},"thumbnailUrl":"https:\/\/inventusgroup.com\/wp-content\/uploads\/2018\/01\/Storage.jpg","datePublished":"2019-10-14T08:45:11+00:00","dateModified":"2019-11-11T09:04:49+00:00","description":"Durchl\u00e4uft Ihr Unternehmen ein IT-Upgrade? Wir helfen Ihnen, Ihre gebrauchte IT-Ausstattung zu verkaufen. Wir garantieren 100% Datensicherheit \u2022 \u260e Kontaktieren Sie uns noch heute f\u00fcr ein kostenloses Angebot!","breadcrumb":{"@id":"https:\/\/inventusgroup.com\/de\/gebrauchte-it-ausstattung\/#breadcrumb"},"inLanguage":"de","potentialAction":[{"@type":"ReadAction","target":["https:\/\/inventusgroup.com\/de\/gebrauchte-it-ausstattung\/"]}]},{"@type":"ImageObject","inLanguage":"de","@id":"https:\/\/inventusgroup.com\/de\/gebrauchte-it-ausstattung\/#primaryimage","url":"https:\/\/inventusgroup.com\/wp-content\/uploads\/2018\/01\/Storage.jpg","contentUrl":"https:\/\/inventusgroup.com\/wp-content\/uploads\/2018\/01\/Storage.jpg"},{"@type":"BreadcrumbList","@id":"https:\/\/inventusgroup.com\/de\/gebrauchte-it-ausstattung\/#breadcrumb","itemListElement":[{"@type":"ListItem","position":1,"name":"Startseite","item":"https:\/\/inventusgroup.com\/de\/"},{"@type":"ListItem","position":2,"name":"Gebrauchte IT-Ausstattung"}]},{"@type":"WebSite","@id":"https:\/\/inventusgroup.com\/de\/#website","url":"https:\/\/inventusgroup.com\/de\/","name":"Inventus Group A\/S","description":"Your IT provider and reseller of used IT Infrastructure equipment","potentialAction":[{"@type":"SearchAction","target":{"@type":"EntryPoint","urlTemplate":"https:\/\/inventusgroup.com\/de\/?s={search_term_string}"},"query-input":{"@type":"PropertyValueSpecification","valueRequired":true,"valueName":"search_term_string"}}],"inLanguage":"de"}]}},"_links":{"self":[{"href":"https:\/\/inventusgroup.com\/de\/wp-json\/wp\/v2\/pages\/13645","targetHints":{"allow":["GET"]}}],"collection":[{"href":"https:\/\/inventusgroup.com\/de\/wp-json\/wp\/v2\/pages"}],"about":[{"href":"https:\/\/inventusgroup.com\/de\/wp-json\/wp\/v2\/types\/page"}],"author":[{"embeddable":true,"href":"https:\/\/inventusgroup.com\/de\/wp-json\/wp\/v2\/users\/1"}],"replies":[{"embeddable":true,"href":"https:\/\/inventusgroup.com\/de\/wp-json\/wp\/v2\/comments?post=13645"}],"version-history":[{"count":1,"href":"https:\/\/inventusgroup.com\/de\/wp-json\/wp\/v2\/pages\/13645\/revisions"}],"predecessor-version":[{"id":14107,"href":"https:\/\/inventusgroup.com\/de\/wp-json\/wp\/v2\/pages\/13645\/revisions\/14107"}],"wp:attachment":[{"href":"https:\/\/inventusgroup.com\/de\/wp-json\/wp\/v2\/media?parent=13645"}],"curies":[{"name":"wp","href":"https:\/\/api.w.org\/{rel}","templated":true}]}}