{"id":13651,"date":"2019-10-14T11:43:15","date_gmt":"2019-10-14T09:43:15","guid":{"rendered":"https:\/\/inventusgroup.com\/effizienter-und-professioneller-umgang-mit-neuer-und-gebrauchter-it-ausstattung\/"},"modified":"2019-11-01T14:18:45","modified_gmt":"2019-11-01T13:18:45","slug":"effizienter-und-professioneller-umgang-mit-neuer-und-gebrauchter-it-ausstattung","status":"publish","type":"page","link":"https:\/\/inventusgroup.com\/de\/","title":{"rendered":"Effizienter und professioneller Umgang mit neuer und gebrauchter IT-Ausstattung"},"content":{"rendered":"<div class=\"fusion-fullwidth fullwidth-box fusion-fullwidth-1  fusion-parallax-none\" style=\"border-color:#f6f6f6;border-bottom-width: 0px;border-top-width: 0px;border-bottom-style: solid;border-top-style: solid;padding-bottom:0px;padding-left:0px;padding-right:0px;padding-top:0px;background-color:#ffffff;background-position:left top;background-repeat:no-repeat;-webkit-background-size:cover;-moz-background-size:cover;-o-background-size:cover;background-size:cover;\"><style type=\"text\/css\" scoped=\"scoped\">.fusion-fullwidth-1 {\n\t\t\t\t\t\t\tpadding-left: 0px !important;\n\t\t\t\t\t\t\tpadding-right: 0px !important;\n\t\t\t\t\t\t}<\/style><div class=\"fusion-row\"><div class=\"fusion-content-boxes content-boxes columns fusion-columns-3 fusion-content-boxes-1 content-boxes-icon-with-title row content-left company-usps\" style=\"margin-top:0px;margin-bottom:60px;\"><div class=\"fusion-column content-box-column content-box-column-1 col-lg-4 col-md-4 col-sm-4\"><div class=\"col content-wrapper\"><div class=\"icon\"><i style=\"border-color:#e5b23f;background-color:#e5b23f;height:42px;width:42px;line-height:42px;font-size:21px;\" class=\"fa fontawesome-icon fa-bar-chart circle-yes\"><\/i><\/div><div class=\"content-box-content\"><div class=\"heading heading-with-icon icon-left\"><h2 class=\"content-box-heading\" style=\"font-size: 18px;line-height:20px;\">Gebrauchte IT-Ausstattung<\/h2><\/div><div class=\"content-container\">\n<p>Durchl\u00e4uft Ihr Unternehmen ein IT-Upgrade? Lassen Sie uns Ihre gebrauchte IT-Ausstattung verkaufen.<\/p>\n<\/div><\/div><\/div><\/div><div class=\"fusion-column content-box-column content-box-column-2 col-lg-4 col-md-4 col-sm-4\"><div class=\"col content-wrapper\"><div class=\"icon\"><i style=\"border-color:#e5b23f;background-color:#e5b23f;height:42px;width:42px;line-height:42px;font-size:21px;\" class=\"fa fontawesome-icon fa-globe circle-yes\"><\/i><\/div><div class=\"content-box-content\"><div class=\"heading heading-with-icon icon-left\"><h2 class=\"content-box-heading\" style=\"font-size: 18px;line-height:20px;\">Soziale Verantwortung des Unternehmens<\/h2><\/div><div class=\"content-container\">\n<p>Wir glauben, dass jeder eine Rolle in Bezug auf soziale Verantwortung und Nachhaltigkeit spielt.<\/p>\n<\/div><\/div><\/div><\/div><div class=\"fusion-column content-box-column content-box-column-3 col-lg-4 col-md-4 col-sm-4\"><div class=\"col content-wrapper\"><div class=\"icon\"><i style=\"border-color:#e5b23f;background-color:#e5b23f;height:42px;width:42px;line-height:42px;font-size:21px;\" class=\"fa fontawesome-icon fa-cog circle-yes\"><\/i><\/div><div class=\"content-box-content\"><div class=\"heading heading-with-icon icon-left\"><h2 class=\"content-box-heading\" style=\"font-size: 18px;line-height:20px;\">Professioneller Service<\/h2><\/div><div class=\"content-container\">\n<p>Wir halten Sie \u00fcber den gesamten Prozess auf dem Laufenden und bem\u00fchen uns, effektiv und schnell zu arbeiten.<\/p>\n<\/div><\/div><\/div><\/div><div class=\"fusion-clearfix\"><\/div><div class=\"fusion-clearfix\"><\/div><\/div><div class=\"fusion-sep-clear\"><\/div><div class=\"fusion-separator fusion-full-width-sep sep-single\" style=\"border-color:#e0dede;border-top-width:1px;margin-left: auto;margin-right: auto;margin-top:-30px;margin-bottom:30px;\"><\/div><div class=\"fusion-one-half fusion-layout-column fusion-spacing-yes services-section\" style=\"margin-top:0px;margin-bottom:20px;\"><div class=\"fusion-column-wrapper\"><div class=\"fusion-title title fusion-title-size-two\"><h2 class=\"title-heading-left\">\n<p>Gebrauchte IT-Ausstattung<\/p>\n<\/h2><div class=\"title-sep-container\"><div class=\"title-sep sep-double\"><\/div><\/div><\/div><div class=\"fusion-content-boxes content-boxes columns fusion-columns-1 fusion-content-boxes-2 content-boxes-icon-boxed row content-left service-box-item\" style=\"margin-top:0px;margin-bottom:20px;\"><div class=\"fusion-column content-box-column content-box-column-1 col-lg-12 col-md-12 col-sm-12\"><div class=\"col content-wrapper content-wrapper-boxed\"><div style=\"margin-left:-17.5px;top:-67.5px;\" class=\"image\"><img decoding=\"async\" src=\"https:\/\/inventusgroup.com\/wp-content\/uploads\/2017\/12\/sell-used-it-equipment.jpg\" width=\"35\" height=\"35\" alt=\"\" \/><\/div><div class=\"content-box-content\"><div class=\"heading heading-with-icon icon-left\"><h2 class=\"content-box-heading\" style=\"font-size: 18px;line-height:20px;\">Verkaufen Sie gebrauchte IT-Ausstattung<\/h2><\/div><div class=\"content-container\">\n<p>M\u00f6chten Sie Ihre gebrauchten IT-Ger\u00e4te verkaufen? Hier erfahren Sie, wie wir Ihnen helfen k\u00f6nnen.<\/p>\n<p><a href=\"https:\/\/inventusgroup.com\/de\/gebrauchte-it-ausstattung\/\">Mehr erfahren<\/a><\/p>\n<\/div><\/div><\/div><\/div><div class=\"fusion-clearfix\"><\/div><div class=\"fusion-clearfix\"><\/div><\/div><div class=\"fusion-content-boxes content-boxes columns fusion-columns-1 fusion-content-boxes-3 content-boxes-icon-boxed row content-left service-box-item\" style=\"margin-top:0px;margin-bottom:20px;\"><div class=\"fusion-column content-box-column content-box-column-1 col-lg-12 col-md-12 col-sm-12\"><div class=\"col content-wrapper content-wrapper-boxed\"><div style=\"margin-left:-17.5px;top:-67.5px;\" class=\"image\"><img decoding=\"async\" src=\"https:\/\/inventusgroup.com\/wp-content\/uploads\/2017\/12\/it-equipment-disposal.jpg\" width=\"35\" height=\"35\" alt=\"\" \/><\/div><div class=\"content-box-content\"><div class=\"heading heading-with-icon icon-left\"><h2 class=\"content-box-heading\" style=\"font-size: 18px;line-height:20px;\">IT-Entsorgung<\/h2><\/div><div class=\"content-container\">\n<p>Wir k\u00f6nnen Ihnen helfen, Ihre IT-Ger\u00e4te nachhaltig zu entsorgen.<\/p>\n<p><a href=\"https:\/\/inventusgroup.com\/de\/entsorgung-von-it-ausstattung\/\">Mehr erfahren<\/a><\/p>\n<\/div><\/div><\/div><\/div><div class=\"fusion-clearfix\"><\/div><div class=\"fusion-clearfix\"><\/div><\/div><div class=\"fusion-content-boxes content-boxes columns fusion-columns-1 fusion-content-boxes-4 content-boxes-icon-boxed row content-left service-box-item\" style=\"margin-top:0px;margin-bottom:20px;\"><div class=\"fusion-column content-box-column content-box-column-1 col-lg-12 col-md-12 col-sm-12\"><div class=\"col content-wrapper content-wrapper-boxed\"><div style=\"margin-left:-17.5px;top:-67.5px;\" class=\"image\"><img decoding=\"async\" src=\"https:\/\/inventusgroup.com\/wp-content\/uploads\/2017\/12\/data-removal.jpg\" width=\"35\" height=\"35\" alt=\"\" \/><\/div><div class=\"content-box-content\"><div class=\"heading heading-with-icon icon-left\"><h2 class=\"content-box-heading\" style=\"font-size: 18px;line-height:20px;\">Datenvernichtung<\/h2><\/div><div class=\"content-container\">\n<p>Wir sorgen daf\u00fcr, dass Ihre Daten professionell gel\u00f6scht werden und der Verlauf dokumentiert wird.<\/p>\n<p><a href=\"https:\/\/inventusgroup.com\/de\/datenvernichtung\/\">Mehr erfahren<\/a><\/p>\n<\/div><\/div><\/div><\/div><div class=\"fusion-clearfix\"><\/div><div class=\"fusion-clearfix\"><\/div><\/div><\/div><\/div><div class=\"fusion-one-half fusion-layout-column fusion-column-last fusion-spacing-yes services-section\" style=\"margin-top:0px;margin-bottom:20px;\"><div class=\"fusion-column-wrapper\"><div class=\"fusion-title title fusion-title-size-two\"><h2 class=\"title-heading-left\">\n<p>Neue IT-Ausstattung<\/p>\n<\/h2><div class=\"title-sep-container\"><div class=\"title-sep sep-double\"><\/div><\/div><\/div><div class=\"fusion-content-boxes content-boxes columns fusion-columns-1 fusion-content-boxes-5 content-boxes-icon-boxed row content-left service-box-item\" style=\"margin-top:0px;margin-bottom:20px;\"><div class=\"fusion-column content-box-column content-box-column-1 col-lg-12 col-md-12 col-sm-12\"><div class=\"col content-wrapper content-wrapper-boxed\"><div style=\"margin-left:-17.5px;top:-67.5px;\" class=\"image\"><img decoding=\"async\" src=\"https:\/\/inventusgroup.com\/wp-content\/uploads\/2017\/12\/buy-new-it-equipment.jpg\" width=\"35\" height=\"35\" alt=\"\" \/><\/div><div class=\"content-box-content\"><div class=\"heading heading-with-icon icon-left\"><h2 class=\"content-box-heading\" style=\"font-size: 18px;line-height:20px;\">Kaufen Sie neue IT-Ger\u00e4te<\/h2><\/div><div class=\"content-container\">\n<p>Ben\u00f6tigen Sie eine neue IT-Ausstattung? Wir k\u00f6nnen diese schnell f\u00fcr Sie liefern!<\/p>\n<p><a href=\"https:\/\/inventusgroup.com\/de\/neue-it-ausstattung\/\">Mehr erfahren<\/a><\/p>\n<\/div><\/div><\/div><\/div><div class=\"fusion-clearfix\"><\/div><div class=\"fusion-clearfix\"><\/div><\/div><div class=\"fusion-content-boxes content-boxes columns fusion-columns-1 fusion-content-boxes-6 content-boxes-icon-boxed row content-left service-box-item\" style=\"margin-top:0px;margin-bottom:20px;\"><div class=\"fusion-column content-box-column content-box-column-1 col-lg-12 col-md-12 col-sm-12\"><div class=\"col content-wrapper content-wrapper-boxed\"><div style=\"margin-left:-17.5px;top:-67.5px;\" class=\"image\"><img decoding=\"async\" src=\"https:\/\/inventusgroup.com\/wp-content\/uploads\/2017\/12\/ebay-store.jpg\" width=\"35\" height=\"35\" alt=\"\" \/><\/div><div class=\"content-box-content\"><div class=\"heading heading-with-icon icon-left\"><h2 class=\"content-box-heading\" style=\"font-size: 18px;line-height:20px;\">Besuchen Sie unseren eBay Shop<\/h2><\/div><div class=\"content-container\">\n<p>Da wir jeden Tag neue Artikel erhalten, rufen Sie uns bitte an, um den aktuellen Lagerbestand zu erfahren.<\/p>\n<p><a href=\"https:\/\/inventusgroup.com\/de\/ebay-shop\/\">Mehr erfahren<\/a><\/p>\n<\/div><\/div><\/div><\/div><div class=\"fusion-clearfix\"><\/div><div class=\"fusion-clearfix\"><\/div><\/div><div class=\"fusion-content-boxes content-boxes columns fusion-columns-1 fusion-content-boxes-7 content-boxes-icon-boxed row content-left service-box-item\" style=\"margin-top:0px;margin-bottom:20px;\"><div class=\"fusion-column content-box-column content-box-column-1 col-lg-12 col-md-12 col-sm-12\"><div class=\"col content-wrapper content-wrapper-boxed\"><div style=\"margin-left:-17.5px;top:-67.5px;\" class=\"image\"><img decoding=\"async\" src=\"https:\/\/inventusgroup.com\/wp-content\/uploads\/2017\/12\/collaborations.jpg\" width=\"35\" height=\"35\" alt=\"\" \/><\/div><div class=\"content-box-content\"><div class=\"heading heading-with-icon icon-left\"><h2 class=\"content-box-heading\" style=\"font-size: 18px;line-height:20px;\">Kooperationen<\/h2><\/div><div class=\"content-container\">\n<p>Wir arbeiten mit vielen Distributoren und k\u00f6nnen Ihnen deswegen auch neue IT-Ger\u00e4te liefern.<\/p>\n<p><a href=\"https:\/\/inventusgroup.com\/de\/arbeiten-sie-mit-uns-zusammen\/\">Mehr erfahren<\/a><\/p>\n<\/div><\/div><\/div><\/div><div class=\"fusion-clearfix\"><\/div><div class=\"fusion-clearfix\"><\/div><\/div><\/div><\/div><div class=\"fusion-clearfix\"><\/div><\/div><\/div><div class=\"fusion-fullwidth fullwidth-box fusion-fullwidth-2  fusion-parallax-none\" style=\"border-color:#eae9e9;border-bottom-width: 0px;border-top-width: 0px;border-bottom-style: solid;border-top-style: solid;padding-bottom:0px;padding-left:0px;padding-right:0px;padding-top:20px;background-color:#ffffff;background-position:left top;background-repeat:no-repeat;-webkit-background-size:cover;-moz-background-size:cover;-o-background-size:cover;background-size:cover;\"><style type=\"text\/css\" scoped=\"scoped\">.fusion-fullwidth-2 {\n\t\t\t\t\t\t\tpadding-left: 0px !important;\n\t\t\t\t\t\t\tpadding-right: 0px !important;\n\t\t\t\t\t\t}<\/style><div class=\"fusion-row\"><div class=\"fusion-title title fusion-title-size-two\"><h2 class=\"title-heading-left\">\n<\/h2><div class=\"title-sep-container\"><div class=\"title-sep sep-double\" style=\"border-color:#e0dede;\"><\/div><\/div><\/div><div class=\"fusion-one-half fusion-layout-column fusion-spacing-yes\" style=\"margin-top:0px;margin-bottom:20px;\"><div class=\"fusion-column-wrapper\"><h2><\/h2>\n<h2 style=\"text-align: center;\"><strong>Inventus Group <\/strong>Inventus Group wurde 2004 mit dem Ziel gegr\u00fcndet, die <a href=\"https:\/\/inventusgroup.com\/de\/gebrauchte-it-ausstattung\/\">besten IT-Ger\u00e4te<\/a> f\u00fcr ihre Kunden zu beschaffen.<\/h2>\n<h2 style=\"text-align: center;\">Seitdem ist Inventus Group kontinuierlich zu einem globalen Unternehmen herangewachsen, das viele Kunden auf der ganzen Welt unterst\u00fctzt.<\/h2>\n<h4 style=\"text-align: center;\"><a href=\"https:\/\/inventusgroup.com\/de\/uber-uns\/\"><strong>Klicken Sie hier, um mehr \u00fcber Inventus Group zu erfahren! <\/strong><\/a><\/h4>\n<\/div><\/div><div class=\"fusion-one-half fusion-layout-column fusion-column-last fusion-spacing-yes\" style=\"margin-top:0px;margin-bottom:20px;\"><div class=\"fusion-column-wrapper\"><span class=\"fusion-imageframe imageframe-none imageframe-1\"> <img decoding=\"async\" src=\"https:\/\/inventusgroup.com\/wp-content\/uploads\/2019\/09\/Gruppe-2-min-2-cropped.jpg\" class=\"img-responsive\"\/><\/span><\/div><\/div><div class=\"fusion-clearfix\"><\/div><\/div><\/div>\n","protected":false},"excerpt":{"rendered":"","protected":false},"author":1,"featured_media":0,"parent":0,"menu_order":0,"comment_status":"closed","ping_status":"closed","template":"home.php","meta":{"footnotes":""},"class_list":["post-13651","page","type-page","status-publish","hentry"],"yoast_head":"<!-- This site is optimized with the Yoast SEO plugin v27.0 - https:\/\/yoast.com\/product\/yoast-seo-wordpress\/ -->\n<title>\u2192 Verkaufen Sie uns Ihre gebrauchten IT-Ger\u00e4te oder kaufen Sie neu \u2190<\/title>\n<meta name=\"description\" content=\"Verkaufen Sie Ihre gebrauchte IT-Ausstattung an uns \u2714 Kaufen Sie neue IT-Ger\u00e4te \u2714 100% Datensicherheit \u2714 H\u00f6chste Bonit\u00e4t \u2714 Konkurrenzf\u00e4hige Preise \u2714 \u260e Kontaktieren sie uns noch heute!\" \/>\n<meta name=\"robots\" content=\"index, follow, max-snippet:-1, max-image-preview:large, max-video-preview:-1\" \/>\n<link rel=\"canonical\" href=\"https:\/\/inventusgroup.com\/de\/\" \/>\n<meta property=\"og:locale\" content=\"de_DE\" \/>\n<meta property=\"og:type\" content=\"article\" \/>\n<meta property=\"og:title\" content=\"\u2192 Verkaufen Sie uns Ihre gebrauchten IT-Ger\u00e4te oder kaufen Sie neu \u2190\" \/>\n<meta property=\"og:description\" content=\"Verkaufen Sie Ihre gebrauchte IT-Ausstattung an uns \u2714 Kaufen Sie neue IT-Ger\u00e4te \u2714 100% Datensicherheit \u2714 H\u00f6chste Bonit\u00e4t \u2714 Konkurrenzf\u00e4hige Preise \u2714 \u260e Kontaktieren sie uns noch heute!\" \/>\n<meta property=\"og:url\" content=\"https:\/\/inventusgroup.com\/de\/\" \/>\n<meta property=\"og:site_name\" content=\"Inventus Group A\/S\" \/>\n<meta property=\"article:modified_time\" content=\"2019-11-01T13:18:45+00:00\" \/>\n<meta property=\"og:image\" content=\"https:\/\/inventusgroup.com\/wp-content\/uploads\/2019\/09\/Gruppe-2-min-2-cropped.jpg\" \/>\n<meta name=\"twitter:card\" content=\"summary_large_image\" \/>\n<meta name=\"twitter:label1\" content=\"Gesch\u00e4tzte Lesezeit\" \/>\n\t<meta name=\"twitter:data1\" content=\"6\u00a0Minuten\" \/>\n<script type=\"application\/ld+json\" class=\"yoast-schema-graph\">{\"@context\":\"https:\/\/schema.org\",\"@graph\":[{\"@type\":\"WebPage\",\"@id\":\"https:\/\/inventusgroup.com\/de\/\",\"url\":\"https:\/\/inventusgroup.com\/de\/\",\"name\":\"\u2192 Verkaufen Sie uns Ihre gebrauchten IT-Ger\u00e4te oder kaufen Sie neu \u2190\",\"isPartOf\":{\"@id\":\"https:\/\/inventusgroup.com\/de\/#website\"},\"primaryImageOfPage\":{\"@id\":\"https:\/\/inventusgroup.com\/de\/#primaryimage\"},\"image\":{\"@id\":\"https:\/\/inventusgroup.com\/de\/#primaryimage\"},\"thumbnailUrl\":\"https:\/\/inventusgroup.com\/wp-content\/uploads\/2019\/09\/Gruppe-2-min-2-cropped.jpg\",\"datePublished\":\"2019-10-14T09:43:15+00:00\",\"dateModified\":\"2019-11-01T13:18:45+00:00\",\"description\":\"Verkaufen Sie Ihre gebrauchte IT-Ausstattung an uns \u2714 Kaufen Sie neue IT-Ger\u00e4te \u2714 100% Datensicherheit \u2714 H\u00f6chste Bonit\u00e4t \u2714 Konkurrenzf\u00e4hige Preise \u2714 \u260e Kontaktieren sie uns noch heute!\",\"breadcrumb\":{\"@id\":\"https:\/\/inventusgroup.com\/de\/#breadcrumb\"},\"inLanguage\":\"de\",\"potentialAction\":[{\"@type\":\"ReadAction\",\"target\":[\"https:\/\/inventusgroup.com\/de\/\"]}]},{\"@type\":\"ImageObject\",\"inLanguage\":\"de\",\"@id\":\"https:\/\/inventusgroup.com\/de\/#primaryimage\",\"url\":\"https:\/\/inventusgroup.com\/wp-content\/uploads\/2019\/09\/Gruppe-2-min-2-cropped.jpg\",\"contentUrl\":\"https:\/\/inventusgroup.com\/wp-content\/uploads\/2019\/09\/Gruppe-2-min-2-cropped.jpg\"},{\"@type\":\"BreadcrumbList\",\"@id\":\"https:\/\/inventusgroup.com\/de\/#breadcrumb\",\"itemListElement\":[{\"@type\":\"ListItem\",\"position\":1,\"name\":\"Startseite\",\"item\":\"https:\/\/inventusgroup.com\/de\/\"},{\"@type\":\"ListItem\",\"position\":2,\"name\":\"Effizienter und professioneller Umgang mit neuer und gebrauchter IT-Ausstattung\"}]},{\"@type\":\"WebSite\",\"@id\":\"https:\/\/inventusgroup.com\/de\/#website\",\"url\":\"https:\/\/inventusgroup.com\/de\/\",\"name\":\"Inventus Group A\/S\",\"description\":\"Your IT provider and reseller of used IT Infrastructure equipment\",\"potentialAction\":[{\"@type\":\"SearchAction\",\"target\":{\"@type\":\"EntryPoint\",\"urlTemplate\":\"https:\/\/inventusgroup.com\/de\/?s={search_term_string}\"},\"query-input\":{\"@type\":\"PropertyValueSpecification\",\"valueRequired\":true,\"valueName\":\"search_term_string\"}}],\"inLanguage\":\"de\"}]}<\/script>\n<!-- \/ Yoast SEO plugin. -->","yoast_head_json":{"title":"\u2192 Verkaufen Sie uns Ihre gebrauchten IT-Ger\u00e4te oder kaufen Sie neu \u2190","description":"Verkaufen Sie Ihre gebrauchte IT-Ausstattung an uns \u2714 Kaufen Sie neue IT-Ger\u00e4te \u2714 100% Datensicherheit \u2714 H\u00f6chste Bonit\u00e4t \u2714 Konkurrenzf\u00e4hige Preise \u2714 \u260e Kontaktieren sie uns noch heute!","robots":{"index":"index","follow":"follow","max-snippet":"max-snippet:-1","max-image-preview":"max-image-preview:large","max-video-preview":"max-video-preview:-1"},"canonical":"https:\/\/inventusgroup.com\/de\/","og_locale":"de_DE","og_type":"article","og_title":"\u2192 Verkaufen Sie uns Ihre gebrauchten IT-Ger\u00e4te oder kaufen Sie neu \u2190","og_description":"Verkaufen Sie Ihre gebrauchte IT-Ausstattung an uns \u2714 Kaufen Sie neue IT-Ger\u00e4te \u2714 100% Datensicherheit \u2714 H\u00f6chste Bonit\u00e4t \u2714 Konkurrenzf\u00e4hige Preise \u2714 \u260e Kontaktieren sie uns noch heute!","og_url":"https:\/\/inventusgroup.com\/de\/","og_site_name":"Inventus Group A\/S","article_modified_time":"2019-11-01T13:18:45+00:00","og_image":[{"url":"https:\/\/inventusgroup.com\/wp-content\/uploads\/2019\/09\/Gruppe-2-min-2-cropped.jpg","type":"","width":"","height":""}],"twitter_card":"summary_large_image","twitter_misc":{"Gesch\u00e4tzte Lesezeit":"6\u00a0Minuten"},"schema":{"@context":"https:\/\/schema.org","@graph":[{"@type":"WebPage","@id":"https:\/\/inventusgroup.com\/de\/","url":"https:\/\/inventusgroup.com\/de\/","name":"\u2192 Verkaufen Sie uns Ihre gebrauchten IT-Ger\u00e4te oder kaufen Sie neu \u2190","isPartOf":{"@id":"https:\/\/inventusgroup.com\/de\/#website"},"primaryImageOfPage":{"@id":"https:\/\/inventusgroup.com\/de\/#primaryimage"},"image":{"@id":"https:\/\/inventusgroup.com\/de\/#primaryimage"},"thumbnailUrl":"https:\/\/inventusgroup.com\/wp-content\/uploads\/2019\/09\/Gruppe-2-min-2-cropped.jpg","datePublished":"2019-10-14T09:43:15+00:00","dateModified":"2019-11-01T13:18:45+00:00","description":"Verkaufen Sie Ihre gebrauchte IT-Ausstattung an uns \u2714 Kaufen Sie neue IT-Ger\u00e4te \u2714 100% Datensicherheit \u2714 H\u00f6chste Bonit\u00e4t \u2714 Konkurrenzf\u00e4hige Preise \u2714 \u260e Kontaktieren sie uns noch heute!","breadcrumb":{"@id":"https:\/\/inventusgroup.com\/de\/#breadcrumb"},"inLanguage":"de","potentialAction":[{"@type":"ReadAction","target":["https:\/\/inventusgroup.com\/de\/"]}]},{"@type":"ImageObject","inLanguage":"de","@id":"https:\/\/inventusgroup.com\/de\/#primaryimage","url":"https:\/\/inventusgroup.com\/wp-content\/uploads\/2019\/09\/Gruppe-2-min-2-cropped.jpg","contentUrl":"https:\/\/inventusgroup.com\/wp-content\/uploads\/2019\/09\/Gruppe-2-min-2-cropped.jpg"},{"@type":"BreadcrumbList","@id":"https:\/\/inventusgroup.com\/de\/#breadcrumb","itemListElement":[{"@type":"ListItem","position":1,"name":"Startseite","item":"https:\/\/inventusgroup.com\/de\/"},{"@type":"ListItem","position":2,"name":"Effizienter und professioneller Umgang mit neuer und gebrauchter IT-Ausstattung"}]},{"@type":"WebSite","@id":"https:\/\/inventusgroup.com\/de\/#website","url":"https:\/\/inventusgroup.com\/de\/","name":"Inventus Group A\/S","description":"Your IT provider and reseller of used IT Infrastructure equipment","potentialAction":[{"@type":"SearchAction","target":{"@type":"EntryPoint","urlTemplate":"https:\/\/inventusgroup.com\/de\/?s={search_term_string}"},"query-input":{"@type":"PropertyValueSpecification","valueRequired":true,"valueName":"search_term_string"}}],"inLanguage":"de"}]}},"_links":{"self":[{"href":"https:\/\/inventusgroup.com\/de\/wp-json\/wp\/v2\/pages\/13651","targetHints":{"allow":["GET"]}}],"collection":[{"href":"https:\/\/inventusgroup.com\/de\/wp-json\/wp\/v2\/pages"}],"about":[{"href":"https:\/\/inventusgroup.com\/de\/wp-json\/wp\/v2\/types\/page"}],"author":[{"embeddable":true,"href":"https:\/\/inventusgroup.com\/de\/wp-json\/wp\/v2\/users\/1"}],"replies":[{"embeddable":true,"href":"https:\/\/inventusgroup.com\/de\/wp-json\/wp\/v2\/comments?post=13651"}],"version-history":[{"count":1,"href":"https:\/\/inventusgroup.com\/de\/wp-json\/wp\/v2\/pages\/13651\/revisions"}],"predecessor-version":[{"id":14069,"href":"https:\/\/inventusgroup.com\/de\/wp-json\/wp\/v2\/pages\/13651\/revisions\/14069"}],"wp:attachment":[{"href":"https:\/\/inventusgroup.com\/de\/wp-json\/wp\/v2\/media?parent=13651"}],"curies":[{"name":"wp","href":"https:\/\/api.w.org\/{rel}","templated":true}]}}