{"id":13659,"date":"2019-10-15T19:48:21","date_gmt":"2019-10-15T17:48:21","guid":{"rendered":"https:\/\/inventusgroup.com\/neue-it-ausstattung\/"},"modified":"2019-11-07T15:53:47","modified_gmt":"2019-11-07T14:53:47","slug":"neue-it-ausstattung","status":"publish","type":"page","link":"https:\/\/inventusgroup.com\/de\/neue-it-ausstattung\/","title":{"rendered":"Neue IT-Ausstattung"},"content":{"rendered":"<div class=\"fusion-title title fusion-title-size-one\"><h1 class=\"title-heading-left\">\n<p>Neue IT-Ausstattung<\/p>\n<\/h1><div class=\"title-sep-container\"><div class=\"title-sep sep-double\" style=\"border-color:#f18f1c;\"><\/div><\/div><\/div><div class=\"fusion-fullwidth fullwidth-box fusion-fullwidth-1  fusion-parallax-none\" style=\"border-color:#eae9e9;border-bottom-width: 0px;border-top-width: 0px;border-bottom-style: solid;border-top-style: solid;padding-bottom:20px;padding-left:0px;padding-right:0px;padding-top:20px;background-color:#ffffff;background-position:left top;background-repeat:no-repeat;-webkit-background-size:cover;-moz-background-size:cover;-o-background-size:cover;background-size:cover;\"><style type=\"text\/css\" scoped=\"scoped\">.fusion-fullwidth-1 {\n\t\t\t\t\t\t\tpadding-left: 0px !important;\n\t\t\t\t\t\t\tpadding-right: 0px !important;\n\t\t\t\t\t\t}<\/style><div class=\"fusion-row\"><div class=\"fusion-three-fifth fusion-layout-column fusion-spacing-yes\" style=\"margin-top:0px;margin-bottom:20px;\"><div class=\"fusion-column-wrapper\"><h2>Sind Sie auf der Suche nach neuer IT-Ausr\u00fcstung?<\/h2>\n<p>Kein Problem, wir haben Zugang zu und arbeiten mit vielen verschiedenen Herstellern zusammen und k\u00f6nnen daher neue IT-Ger\u00e4te f\u00fcr Sie beschaffen.<\/p>\n<p>Wir k\u00f6nnen Ger\u00e4te f\u00fcr die Speicherung und Sicherung von Daten, sowie Server, Laptops, Desktops und Netzwerkger\u00e4te beschaffen. Z\u00f6gern Sie nicht, uns zu kontaktieren, falls Sie Fragen haben oder eine Preisliste ben\u00f6tigen.<\/p>\n<p>Auf der rechten Seite sehen Sie die Hersteller, mit denen wir in erster Linie zusammenarbeiten, aber wir sind nicht auf diese beschr\u00e4nkt. Kontaktieren sie uns deswegen auch wenn Sie IT-Ausstattung von eine einem Hersteller ben\u00f6tigen der hier nicht aufgef\u00fchrt ist.<\/p>\n<p>Unser Team ist immer bereit, Sie zu unterst\u00fctzen und Ihnen zu helfen, die beste IT-Ausr\u00fcstung f\u00fcr die Anforderungen Ihres Unternehmens zu finden.<\/p>\n<div class=\"fusion-button-wrapper fusion-alignleft\"><style type=\"text\/css\" scoped=\"scoped\">.fusion-button.button-1{border-width:1px;color:#ffffff;border-color:#ffffff;}.fusion-button.button-1:hover,.fusion-button.button-1:focus,.fusion-button.button-1:active{border-width:1px;border-color:#785510;color:#785510;}.fusion-button.button-1{background: #949a1a;}.fusion-button.button-1:hover,.button-1:focus,.fusion-button.button-1:active{background: #ffffff;}<\/style><a class=\"fusion-button button-flat button-square button-large button-custom button-1 fusion-animated\" data-animationType=\"fadeInLeft\" data-animationDuration=\"1\" target=\"_self\" href=\"https:\/\/inventusgroup.com\/de\/angebotsanfrage\/\"><i class=\"fa fa-laptop button-icon-left\"><\/i><span class=\"fusion-button-text\">Kontaktieren Sie uns, um eine Preisliste zu erhalten<\/span><\/a><\/div><\/div><\/div><div class=\"fusion-one-fifth fusion-layout-column fusion-spacing-yes\" style=\"margin-top:0px;margin-bottom:20px;\"><div class=\"fusion-column-wrapper\"><div class=\"imageframe-align-center\"><span class=\"fusion-imageframe imageframe-none imageframe-1\"> <img decoding=\"async\" src=\"https:\/\/inventusgroup.com\/wp-content\/uploads\/2018\/01\/HP.jpg\" alt=\"HP\" class=\"img-responsive\"\/><\/span><\/div><div class=\"fusion-sep-clear\"><\/div><div class=\"fusion-separator fusion-full-width-sep sep-none\" style=\"border-color:#e0dede;margin-left: auto;margin-right: auto;margin-top:7px;margin-bottom:7px;\"><\/div><div class=\"imageframe-align-center\"><span class=\"fusion-imageframe imageframe-none imageframe-2\"> <img decoding=\"async\" src=\"https:\/\/inventusgroup.com\/wp-content\/uploads\/2018\/01\/Lenovo.jpg\" alt=\"Lenovo\" class=\"img-responsive\"\/><\/span><\/div><div class=\"fusion-sep-clear\"><\/div><div class=\"fusion-separator fusion-full-width-sep sep-none\" style=\"border-color:#e0dede;margin-left: auto;margin-right: auto;margin-top:7px;margin-bottom:7px;\"><\/div><div class=\"imageframe-align-center\"><span class=\"fusion-imageframe imageframe-none imageframe-3\"> <img decoding=\"async\" src=\"https:\/\/inventusgroup.com\/wp-content\/uploads\/2018\/01\/APC.jpg\" alt=\"APC\" class=\"img-responsive\"\/><\/span><\/div><\/div><\/div><div class=\"fusion-one-fifth fusion-layout-column fusion-column-last fusion-spacing-yes\" style=\"margin-top:0px;margin-bottom:20px;\"><div class=\"fusion-column-wrapper\"><div class=\"imageframe-align-center\"><span class=\"fusion-imageframe imageframe-none imageframe-4\"> <img decoding=\"async\" src=\"https:\/\/inventusgroup.com\/wp-content\/uploads\/2018\/01\/IBM.jpg\" alt=\"IBM\" class=\"img-responsive\"\/><\/span><\/div><div class=\"fusion-sep-clear\"><\/div><div class=\"fusion-separator fusion-full-width-sep sep-none\" style=\"border-color:#e0dede;margin-left: auto;margin-right: auto;margin-top:7px;margin-bottom:7px;\"><\/div><div class=\"imageframe-align-center\"><span class=\"fusion-imageframe imageframe-none imageframe-5\"> <img decoding=\"async\" src=\"https:\/\/inventusgroup.com\/wp-content\/uploads\/2018\/01\/Cisco.jpg\" alt=\"Cisco\" class=\"img-responsive\"\/><\/span><\/div><div class=\"fusion-sep-clear\"><\/div><div class=\"fusion-separator fusion-full-width-sep sep-none\" style=\"border-color:#e0dede;margin-left: auto;margin-right: auto;margin-top:7px;margin-bottom:7px;\"><\/div><div class=\"imageframe-align-center\"><span class=\"fusion-imageframe imageframe-none imageframe-6\"> <img decoding=\"async\" src=\"https:\/\/inventusgroup.com\/wp-content\/uploads\/2018\/01\/Microsoft.jpg\" alt=\"Microsoft\" class=\"img-responsive\"\/><\/span><\/div><\/div><\/div><div class=\"fusion-clearfix\"><\/div><\/div><\/div>\n","protected":false},"excerpt":{"rendered":"","protected":false},"author":1,"featured_media":0,"parent":0,"menu_order":0,"comment_status":"closed","ping_status":"closed","template":"","meta":{"footnotes":""},"class_list":["post-13659","page","type-page","status-publish","hentry"],"yoast_head":"<!-- This site is optimized with the Yoast SEO plugin v27.0 - https:\/\/yoast.com\/product\/yoast-seo-wordpress\/ -->\n<title>\u2192 Neue IT-Ausstattung \u2190 Ist es Zeit f\u00fcr ein Upgrade Ihrer IT-Ausr\u00fcstung?<\/title>\n<meta name=\"description\" content=\"Suchen Sie nach neuer IT-Ausstattung Wir finden die optimale L\u00f6sung f\u00fcr Ihre IT-Anforderungen. Erhalten Sie ein KOSTENLOSES Angebot f\u00fcr neue IT-Ausstattung \u2022 \u260e - Kontaktieren Sie uns noch heute!\" \/>\n<meta name=\"robots\" content=\"index, follow, max-snippet:-1, max-image-preview:large, max-video-preview:-1\" \/>\n<link rel=\"canonical\" href=\"https:\/\/inventusgroup.com\/de\/neue-it-ausstattung\/\" \/>\n<meta property=\"og:locale\" content=\"de_DE\" \/>\n<meta property=\"og:type\" content=\"article\" \/>\n<meta property=\"og:title\" content=\"\u2192 Neue IT-Ausstattung \u2190 Ist es Zeit f\u00fcr ein Upgrade Ihrer IT-Ausr\u00fcstung?\" \/>\n<meta property=\"og:description\" content=\"Suchen Sie nach neuer IT-Ausstattung Wir finden die optimale L\u00f6sung f\u00fcr Ihre IT-Anforderungen. Erhalten Sie ein KOSTENLOSES Angebot f\u00fcr neue IT-Ausstattung \u2022 \u260e - Kontaktieren Sie uns noch heute!\" \/>\n<meta property=\"og:url\" content=\"https:\/\/inventusgroup.com\/de\/neue-it-ausstattung\/\" \/>\n<meta property=\"og:site_name\" content=\"Inventus Group A\/S\" \/>\n<meta property=\"article:modified_time\" content=\"2019-11-07T14:53:47+00:00\" \/>\n<meta property=\"og:image\" content=\"https:\/\/inventusgroup.com\/wp-content\/uploads\/2018\/01\/HP.jpg\" \/>\n<meta name=\"twitter:card\" content=\"summary_large_image\" \/>\n<meta name=\"twitter:label1\" content=\"Gesch\u00e4tzte Lesezeit\" \/>\n\t<meta name=\"twitter:data1\" content=\"4\u00a0Minuten\" \/>\n<script type=\"application\/ld+json\" class=\"yoast-schema-graph\">{\"@context\":\"https:\/\/schema.org\",\"@graph\":[{\"@type\":\"WebPage\",\"@id\":\"https:\/\/inventusgroup.com\/de\/neue-it-ausstattung\/\",\"url\":\"https:\/\/inventusgroup.com\/de\/neue-it-ausstattung\/\",\"name\":\"\u2192 Neue IT-Ausstattung \u2190 Ist es Zeit f\u00fcr ein Upgrade Ihrer IT-Ausr\u00fcstung?\",\"isPartOf\":{\"@id\":\"https:\/\/inventusgroup.com\/de\/#website\"},\"primaryImageOfPage\":{\"@id\":\"https:\/\/inventusgroup.com\/de\/neue-it-ausstattung\/#primaryimage\"},\"image\":{\"@id\":\"https:\/\/inventusgroup.com\/de\/neue-it-ausstattung\/#primaryimage\"},\"thumbnailUrl\":\"https:\/\/inventusgroup.com\/wp-content\/uploads\/2018\/01\/HP.jpg\",\"datePublished\":\"2019-10-15T17:48:21+00:00\",\"dateModified\":\"2019-11-07T14:53:47+00:00\",\"description\":\"Suchen Sie nach neuer IT-Ausstattung Wir finden die optimale L\u00f6sung f\u00fcr Ihre IT-Anforderungen. Erhalten Sie ein KOSTENLOSES Angebot f\u00fcr neue IT-Ausstattung \u2022 \u260e - Kontaktieren Sie uns noch heute!\",\"breadcrumb\":{\"@id\":\"https:\/\/inventusgroup.com\/de\/neue-it-ausstattung\/#breadcrumb\"},\"inLanguage\":\"de\",\"potentialAction\":[{\"@type\":\"ReadAction\",\"target\":[\"https:\/\/inventusgroup.com\/de\/neue-it-ausstattung\/\"]}]},{\"@type\":\"ImageObject\",\"inLanguage\":\"de\",\"@id\":\"https:\/\/inventusgroup.com\/de\/neue-it-ausstattung\/#primaryimage\",\"url\":\"https:\/\/inventusgroup.com\/wp-content\/uploads\/2018\/01\/HP.jpg\",\"contentUrl\":\"https:\/\/inventusgroup.com\/wp-content\/uploads\/2018\/01\/HP.jpg\"},{\"@type\":\"BreadcrumbList\",\"@id\":\"https:\/\/inventusgroup.com\/de\/neue-it-ausstattung\/#breadcrumb\",\"itemListElement\":[{\"@type\":\"ListItem\",\"position\":1,\"name\":\"Startseite\",\"item\":\"https:\/\/inventusgroup.com\/de\/\"},{\"@type\":\"ListItem\",\"position\":2,\"name\":\"Neue IT-Ausstattung\"}]},{\"@type\":\"WebSite\",\"@id\":\"https:\/\/inventusgroup.com\/de\/#website\",\"url\":\"https:\/\/inventusgroup.com\/de\/\",\"name\":\"Inventus Group A\/S\",\"description\":\"Your IT provider and reseller of used IT Infrastructure equipment\",\"potentialAction\":[{\"@type\":\"SearchAction\",\"target\":{\"@type\":\"EntryPoint\",\"urlTemplate\":\"https:\/\/inventusgroup.com\/de\/?s={search_term_string}\"},\"query-input\":{\"@type\":\"PropertyValueSpecification\",\"valueRequired\":true,\"valueName\":\"search_term_string\"}}],\"inLanguage\":\"de\"}]}<\/script>\n<!-- \/ Yoast SEO plugin. -->","yoast_head_json":{"title":"\u2192 Neue IT-Ausstattung \u2190 Ist es Zeit f\u00fcr ein Upgrade Ihrer IT-Ausr\u00fcstung?","description":"Suchen Sie nach neuer IT-Ausstattung Wir finden die optimale L\u00f6sung f\u00fcr Ihre IT-Anforderungen. Erhalten Sie ein KOSTENLOSES Angebot f\u00fcr neue IT-Ausstattung \u2022 \u260e - Kontaktieren Sie uns noch heute!","robots":{"index":"index","follow":"follow","max-snippet":"max-snippet:-1","max-image-preview":"max-image-preview:large","max-video-preview":"max-video-preview:-1"},"canonical":"https:\/\/inventusgroup.com\/de\/neue-it-ausstattung\/","og_locale":"de_DE","og_type":"article","og_title":"\u2192 Neue IT-Ausstattung \u2190 Ist es Zeit f\u00fcr ein Upgrade Ihrer IT-Ausr\u00fcstung?","og_description":"Suchen Sie nach neuer IT-Ausstattung Wir finden die optimale L\u00f6sung f\u00fcr Ihre IT-Anforderungen. Erhalten Sie ein KOSTENLOSES Angebot f\u00fcr neue IT-Ausstattung \u2022 \u260e - Kontaktieren Sie uns noch heute!","og_url":"https:\/\/inventusgroup.com\/de\/neue-it-ausstattung\/","og_site_name":"Inventus Group A\/S","article_modified_time":"2019-11-07T14:53:47+00:00","og_image":[{"url":"https:\/\/inventusgroup.com\/wp-content\/uploads\/2018\/01\/HP.jpg","type":"","width":"","height":""}],"twitter_card":"summary_large_image","twitter_misc":{"Gesch\u00e4tzte Lesezeit":"4\u00a0Minuten"},"schema":{"@context":"https:\/\/schema.org","@graph":[{"@type":"WebPage","@id":"https:\/\/inventusgroup.com\/de\/neue-it-ausstattung\/","url":"https:\/\/inventusgroup.com\/de\/neue-it-ausstattung\/","name":"\u2192 Neue IT-Ausstattung \u2190 Ist es Zeit f\u00fcr ein Upgrade Ihrer IT-Ausr\u00fcstung?","isPartOf":{"@id":"https:\/\/inventusgroup.com\/de\/#website"},"primaryImageOfPage":{"@id":"https:\/\/inventusgroup.com\/de\/neue-it-ausstattung\/#primaryimage"},"image":{"@id":"https:\/\/inventusgroup.com\/de\/neue-it-ausstattung\/#primaryimage"},"thumbnailUrl":"https:\/\/inventusgroup.com\/wp-content\/uploads\/2018\/01\/HP.jpg","datePublished":"2019-10-15T17:48:21+00:00","dateModified":"2019-11-07T14:53:47+00:00","description":"Suchen Sie nach neuer IT-Ausstattung Wir finden die optimale L\u00f6sung f\u00fcr Ihre IT-Anforderungen. Erhalten Sie ein KOSTENLOSES Angebot f\u00fcr neue IT-Ausstattung \u2022 \u260e - Kontaktieren Sie uns noch heute!","breadcrumb":{"@id":"https:\/\/inventusgroup.com\/de\/neue-it-ausstattung\/#breadcrumb"},"inLanguage":"de","potentialAction":[{"@type":"ReadAction","target":["https:\/\/inventusgroup.com\/de\/neue-it-ausstattung\/"]}]},{"@type":"ImageObject","inLanguage":"de","@id":"https:\/\/inventusgroup.com\/de\/neue-it-ausstattung\/#primaryimage","url":"https:\/\/inventusgroup.com\/wp-content\/uploads\/2018\/01\/HP.jpg","contentUrl":"https:\/\/inventusgroup.com\/wp-content\/uploads\/2018\/01\/HP.jpg"},{"@type":"BreadcrumbList","@id":"https:\/\/inventusgroup.com\/de\/neue-it-ausstattung\/#breadcrumb","itemListElement":[{"@type":"ListItem","position":1,"name":"Startseite","item":"https:\/\/inventusgroup.com\/de\/"},{"@type":"ListItem","position":2,"name":"Neue IT-Ausstattung"}]},{"@type":"WebSite","@id":"https:\/\/inventusgroup.com\/de\/#website","url":"https:\/\/inventusgroup.com\/de\/","name":"Inventus Group A\/S","description":"Your IT provider and reseller of used IT Infrastructure equipment","potentialAction":[{"@type":"SearchAction","target":{"@type":"EntryPoint","urlTemplate":"https:\/\/inventusgroup.com\/de\/?s={search_term_string}"},"query-input":{"@type":"PropertyValueSpecification","valueRequired":true,"valueName":"search_term_string"}}],"inLanguage":"de"}]}},"_links":{"self":[{"href":"https:\/\/inventusgroup.com\/de\/wp-json\/wp\/v2\/pages\/13659","targetHints":{"allow":["GET"]}}],"collection":[{"href":"https:\/\/inventusgroup.com\/de\/wp-json\/wp\/v2\/pages"}],"about":[{"href":"https:\/\/inventusgroup.com\/de\/wp-json\/wp\/v2\/types\/page"}],"author":[{"embeddable":true,"href":"https:\/\/inventusgroup.com\/de\/wp-json\/wp\/v2\/users\/1"}],"replies":[{"embeddable":true,"href":"https:\/\/inventusgroup.com\/de\/wp-json\/wp\/v2\/comments?post=13659"}],"version-history":[{"count":1,"href":"https:\/\/inventusgroup.com\/de\/wp-json\/wp\/v2\/pages\/13659\/revisions"}],"predecessor-version":[{"id":14085,"href":"https:\/\/inventusgroup.com\/de\/wp-json\/wp\/v2\/pages\/13659\/revisions\/14085"}],"wp:attachment":[{"href":"https:\/\/inventusgroup.com\/de\/wp-json\/wp\/v2\/media?parent=13659"}],"curies":[{"name":"wp","href":"https:\/\/api.w.org\/{rel}","templated":true}]}}