{"id":13662,"date":"2019-10-15T19:55:49","date_gmt":"2019-10-15T17:55:49","guid":{"rendered":"https:\/\/inventusgroup.com\/datenvernichtung\/"},"modified":"2019-11-01T11:32:25","modified_gmt":"2019-11-01T10:32:25","slug":"datenvernichtung","status":"publish","type":"page","link":"https:\/\/inventusgroup.com\/de\/datenvernichtung\/","title":{"rendered":"Datenvernichtung"},"content":{"rendered":"<div class=\"fusion-title title fusion-title-size-one\"><h1 class=\"title-heading-left\">\n<p>Datenvernichtung<\/p>\n<\/h1><div class=\"title-sep-container\"><div class=\"title-sep sep-double\" style=\"border-color:#f18f1c;\"><\/div><\/div><\/div><div class=\"fusion-three-fifth fusion-layout-column fusion-spacing-yes\" style=\"margin-top:0px;margin-bottom:20px;\"><div class=\"fusion-column-wrapper\"><h2>Entfernen Sie Daten von all Ihren IT-Ger\u00e4ten<\/h2>\n<p>Vertrauliche Daten k\u00f6nnen f\u00fcr viele Unternehmen eine Herausforderung darstellen, weshalb es f\u00fcr Unternehmen oft schwierig ist, ihre alten IT-Ger\u00e4te zu entsorgen.<\/p>\n<p>Bei Inventus Group k\u00f6nnen wir Sie dabei unterst\u00fctzen, sensible Unternehmensdaten auf sichere Weise von all Ihren alten IT-Ger\u00e4ten zu l\u00f6schen.<\/p>\n<p>Um Ihnen den bestm\u00f6glichen Service bieten zu k\u00f6nnen, arbeiten wir mit der Blancco Technology Group zusammen. Diese ist ein f\u00fchrender Anbieter von sicheren L\u00f6sungen zum L\u00f6schen von Daten ist. Die gesamte Datenvernichtung wird von spezialisiertem Personal durchgef\u00fchrt, um sicherzustellen, dass Ihre sensiblen Daten dauerhaft gel\u00f6scht wurden und der Vorgang richtig dokumentiert wurde. Nach Abschluss des Prozesses erhalten Sie einen Datenl\u00f6schungsbericht f\u00fcr Ihre alte IT-Ausstattung.<\/p>\n<p><span style=\"font-size: inherit;\"><\/p>\n<div class=\"fusion-button-wrapper fusion-alignleft\"><style type=\"text\/css\" scoped=\"scoped\">.fusion-button.button-1{border-width:1px;color:#ffffff;border-color:#ffffff;}.fusion-button.button-1:hover,.fusion-button.button-1:focus,.fusion-button.button-1:active{border-width:1px;border-color:#785510;color:#785510;}.fusion-button.button-1{background: #949a1a;}.fusion-button.button-1:hover,.button-1:focus,.fusion-button.button-1:active{background: #ffffff;}<\/style><a class=\"fusion-button button-flat button-square button-large button-custom button-1 fusion-animated\" data-animationType=\"fadeInLeft\" data-animationDuration=\"1\" target=\"_self\" href=\"https:\/\/inventusgroup.com\/de\/kontakt\/\"><i class=\"fa fa-arrow-right button-icon-left\"><\/i><span class=\"fusion-button-text\">Kontaktieren Sie uns<\/span><\/a><\/div><\/div><\/div><div class=\"fusion-two-fifth fusion-layout-column fusion-column-last fusion-spacing-yes\" style=\"margin-top:0px;margin-bottom:20px;\"><div class=\"fusion-column-wrapper\"><span class=\"fusion-imageframe imageframe-none imageframe-1\"> <\/span><img decoding=\"async\" style=\"font-size: inherit;\" src=\"https:\/\/inventusgroup.com\/wp-content\/uploads\/2018\/01\/Data-removal.jpg\" alt=\"Data removal\" class=\"img-responsive\"\/><span style=\"font-size: inherit;\"><\/span><\/div><\/div><div class=\"fusion-clearfix\"><\/div><\/span><\/p>\n","protected":false},"excerpt":{"rendered":"","protected":false},"author":1,"featured_media":0,"parent":0,"menu_order":0,"comment_status":"closed","ping_status":"closed","template":"","meta":{"footnotes":""},"class_list":["post-13662","page","type-page","status-publish","hentry"],"yoast_head":"<!-- This site is optimized with the Yoast SEO plugin v27.0 - https:\/\/yoast.com\/product\/yoast-seo-wordpress\/ -->\n<title>\u2192 Datenentfernung \u2190 Wir sorgen f\u00fcr sichere Datenvernichtung!<\/title>\n<meta name=\"description\" content=\"Lassen Sie uns vor der Entsorgung alle Daten sicher von Ihren IT-Ger\u00e4ten entfernen. Wir erstellen ein Datenvernichtungszertifikat f\u00fcr jede Bestellung. \u2022 \u260e Kontaktieren Sie uns noch heute!\" \/>\n<meta name=\"robots\" content=\"index, follow, max-snippet:-1, max-image-preview:large, max-video-preview:-1\" \/>\n<link rel=\"canonical\" href=\"https:\/\/inventusgroup.com\/de\/datenvernichtung\/\" \/>\n<meta property=\"og:locale\" content=\"de_DE\" \/>\n<meta property=\"og:type\" content=\"article\" \/>\n<meta property=\"og:title\" content=\"\u2192 Datenentfernung \u2190 Wir sorgen f\u00fcr sichere Datenvernichtung!\" \/>\n<meta property=\"og:description\" content=\"Lassen Sie uns vor der Entsorgung alle Daten sicher von Ihren IT-Ger\u00e4ten entfernen. Wir erstellen ein Datenvernichtungszertifikat f\u00fcr jede Bestellung. \u2022 \u260e Kontaktieren Sie uns noch heute!\" \/>\n<meta property=\"og:url\" content=\"https:\/\/inventusgroup.com\/de\/datenvernichtung\/\" \/>\n<meta property=\"og:site_name\" content=\"Inventus Group A\/S\" \/>\n<meta property=\"article:modified_time\" content=\"2019-11-01T10:32:25+00:00\" \/>\n<meta property=\"og:image\" content=\"https:\/\/inventusgroup.com\/wp-content\/uploads\/2018\/01\/Data-removal.jpg\" \/>\n<meta name=\"twitter:card\" content=\"summary_large_image\" \/>\n<meta name=\"twitter:label1\" content=\"Gesch\u00e4tzte Lesezeit\" \/>\n\t<meta name=\"twitter:data1\" content=\"2\u00a0Minuten\" \/>\n<script type=\"application\/ld+json\" class=\"yoast-schema-graph\">{\"@context\":\"https:\/\/schema.org\",\"@graph\":[{\"@type\":\"WebPage\",\"@id\":\"https:\/\/inventusgroup.com\/de\/datenvernichtung\/\",\"url\":\"https:\/\/inventusgroup.com\/de\/datenvernichtung\/\",\"name\":\"\u2192 Datenentfernung \u2190 Wir sorgen f\u00fcr sichere Datenvernichtung!\",\"isPartOf\":{\"@id\":\"https:\/\/inventusgroup.com\/de\/#website\"},\"primaryImageOfPage\":{\"@id\":\"https:\/\/inventusgroup.com\/de\/datenvernichtung\/#primaryimage\"},\"image\":{\"@id\":\"https:\/\/inventusgroup.com\/de\/datenvernichtung\/#primaryimage\"},\"thumbnailUrl\":\"https:\/\/inventusgroup.com\/wp-content\/uploads\/2018\/01\/Data-removal.jpg\",\"datePublished\":\"2019-10-15T17:55:49+00:00\",\"dateModified\":\"2019-11-01T10:32:25+00:00\",\"description\":\"Lassen Sie uns vor der Entsorgung alle Daten sicher von Ihren IT-Ger\u00e4ten entfernen. Wir erstellen ein Datenvernichtungszertifikat f\u00fcr jede Bestellung. \u2022 \u260e Kontaktieren Sie uns noch heute!\",\"breadcrumb\":{\"@id\":\"https:\/\/inventusgroup.com\/de\/datenvernichtung\/#breadcrumb\"},\"inLanguage\":\"de\",\"potentialAction\":[{\"@type\":\"ReadAction\",\"target\":[\"https:\/\/inventusgroup.com\/de\/datenvernichtung\/\"]}]},{\"@type\":\"ImageObject\",\"inLanguage\":\"de\",\"@id\":\"https:\/\/inventusgroup.com\/de\/datenvernichtung\/#primaryimage\",\"url\":\"https:\/\/inventusgroup.com\/wp-content\/uploads\/2018\/01\/Data-removal.jpg\",\"contentUrl\":\"https:\/\/inventusgroup.com\/wp-content\/uploads\/2018\/01\/Data-removal.jpg\"},{\"@type\":\"BreadcrumbList\",\"@id\":\"https:\/\/inventusgroup.com\/de\/datenvernichtung\/#breadcrumb\",\"itemListElement\":[{\"@type\":\"ListItem\",\"position\":1,\"name\":\"Startseite\",\"item\":\"https:\/\/inventusgroup.com\/de\/\"},{\"@type\":\"ListItem\",\"position\":2,\"name\":\"Datenvernichtung\"}]},{\"@type\":\"WebSite\",\"@id\":\"https:\/\/inventusgroup.com\/de\/#website\",\"url\":\"https:\/\/inventusgroup.com\/de\/\",\"name\":\"Inventus Group A\/S\",\"description\":\"Your IT provider and reseller of used IT Infrastructure equipment\",\"potentialAction\":[{\"@type\":\"SearchAction\",\"target\":{\"@type\":\"EntryPoint\",\"urlTemplate\":\"https:\/\/inventusgroup.com\/de\/?s={search_term_string}\"},\"query-input\":{\"@type\":\"PropertyValueSpecification\",\"valueRequired\":true,\"valueName\":\"search_term_string\"}}],\"inLanguage\":\"de\"}]}<\/script>\n<!-- \/ Yoast SEO plugin. -->","yoast_head_json":{"title":"\u2192 Datenentfernung \u2190 Wir sorgen f\u00fcr sichere Datenvernichtung!","description":"Lassen Sie uns vor der Entsorgung alle Daten sicher von Ihren IT-Ger\u00e4ten entfernen. Wir erstellen ein Datenvernichtungszertifikat f\u00fcr jede Bestellung. \u2022 \u260e Kontaktieren Sie uns noch heute!","robots":{"index":"index","follow":"follow","max-snippet":"max-snippet:-1","max-image-preview":"max-image-preview:large","max-video-preview":"max-video-preview:-1"},"canonical":"https:\/\/inventusgroup.com\/de\/datenvernichtung\/","og_locale":"de_DE","og_type":"article","og_title":"\u2192 Datenentfernung \u2190 Wir sorgen f\u00fcr sichere Datenvernichtung!","og_description":"Lassen Sie uns vor der Entsorgung alle Daten sicher von Ihren IT-Ger\u00e4ten entfernen. Wir erstellen ein Datenvernichtungszertifikat f\u00fcr jede Bestellung. \u2022 \u260e Kontaktieren Sie uns noch heute!","og_url":"https:\/\/inventusgroup.com\/de\/datenvernichtung\/","og_site_name":"Inventus Group A\/S","article_modified_time":"2019-11-01T10:32:25+00:00","og_image":[{"url":"https:\/\/inventusgroup.com\/wp-content\/uploads\/2018\/01\/Data-removal.jpg","type":"","width":"","height":""}],"twitter_card":"summary_large_image","twitter_misc":{"Gesch\u00e4tzte Lesezeit":"2\u00a0Minuten"},"schema":{"@context":"https:\/\/schema.org","@graph":[{"@type":"WebPage","@id":"https:\/\/inventusgroup.com\/de\/datenvernichtung\/","url":"https:\/\/inventusgroup.com\/de\/datenvernichtung\/","name":"\u2192 Datenentfernung \u2190 Wir sorgen f\u00fcr sichere Datenvernichtung!","isPartOf":{"@id":"https:\/\/inventusgroup.com\/de\/#website"},"primaryImageOfPage":{"@id":"https:\/\/inventusgroup.com\/de\/datenvernichtung\/#primaryimage"},"image":{"@id":"https:\/\/inventusgroup.com\/de\/datenvernichtung\/#primaryimage"},"thumbnailUrl":"https:\/\/inventusgroup.com\/wp-content\/uploads\/2018\/01\/Data-removal.jpg","datePublished":"2019-10-15T17:55:49+00:00","dateModified":"2019-11-01T10:32:25+00:00","description":"Lassen Sie uns vor der Entsorgung alle Daten sicher von Ihren IT-Ger\u00e4ten entfernen. Wir erstellen ein Datenvernichtungszertifikat f\u00fcr jede Bestellung. \u2022 \u260e Kontaktieren Sie uns noch heute!","breadcrumb":{"@id":"https:\/\/inventusgroup.com\/de\/datenvernichtung\/#breadcrumb"},"inLanguage":"de","potentialAction":[{"@type":"ReadAction","target":["https:\/\/inventusgroup.com\/de\/datenvernichtung\/"]}]},{"@type":"ImageObject","inLanguage":"de","@id":"https:\/\/inventusgroup.com\/de\/datenvernichtung\/#primaryimage","url":"https:\/\/inventusgroup.com\/wp-content\/uploads\/2018\/01\/Data-removal.jpg","contentUrl":"https:\/\/inventusgroup.com\/wp-content\/uploads\/2018\/01\/Data-removal.jpg"},{"@type":"BreadcrumbList","@id":"https:\/\/inventusgroup.com\/de\/datenvernichtung\/#breadcrumb","itemListElement":[{"@type":"ListItem","position":1,"name":"Startseite","item":"https:\/\/inventusgroup.com\/de\/"},{"@type":"ListItem","position":2,"name":"Datenvernichtung"}]},{"@type":"WebSite","@id":"https:\/\/inventusgroup.com\/de\/#website","url":"https:\/\/inventusgroup.com\/de\/","name":"Inventus Group A\/S","description":"Your IT provider and reseller of used IT Infrastructure equipment","potentialAction":[{"@type":"SearchAction","target":{"@type":"EntryPoint","urlTemplate":"https:\/\/inventusgroup.com\/de\/?s={search_term_string}"},"query-input":{"@type":"PropertyValueSpecification","valueRequired":true,"valueName":"search_term_string"}}],"inLanguage":"de"}]}},"_links":{"self":[{"href":"https:\/\/inventusgroup.com\/de\/wp-json\/wp\/v2\/pages\/13662","targetHints":{"allow":["GET"]}}],"collection":[{"href":"https:\/\/inventusgroup.com\/de\/wp-json\/wp\/v2\/pages"}],"about":[{"href":"https:\/\/inventusgroup.com\/de\/wp-json\/wp\/v2\/types\/page"}],"author":[{"embeddable":true,"href":"https:\/\/inventusgroup.com\/de\/wp-json\/wp\/v2\/users\/1"}],"replies":[{"embeddable":true,"href":"https:\/\/inventusgroup.com\/de\/wp-json\/wp\/v2\/comments?post=13662"}],"version-history":[{"count":1,"href":"https:\/\/inventusgroup.com\/de\/wp-json\/wp\/v2\/pages\/13662\/revisions"}],"predecessor-version":[{"id":14067,"href":"https:\/\/inventusgroup.com\/de\/wp-json\/wp\/v2\/pages\/13662\/revisions\/14067"}],"wp:attachment":[{"href":"https:\/\/inventusgroup.com\/de\/wp-json\/wp\/v2\/media?parent=13662"}],"curies":[{"name":"wp","href":"https:\/\/api.w.org\/{rel}","templated":true}]}}