{"id":13666,"date":"2019-10-15T20:03:13","date_gmt":"2019-10-15T18:03:13","guid":{"rendered":"https:\/\/inventusgroup.com\/entsorgung-von-it-ausstattung\/"},"modified":"2019-11-08T14:01:30","modified_gmt":"2019-11-08T13:01:30","slug":"entsorgung-von-it-ausstattung","status":"publish","type":"page","link":"https:\/\/inventusgroup.com\/de\/entsorgung-von-it-ausstattung\/","title":{"rendered":"Entsorgung von IT-Ausstattung"},"content":{"rendered":"<div class=\"fusion-title title fusion-title-size-one\"><h1 class=\"title-heading-left\">\n<p>Entsorgung von IT-Ausstattung<\/p>\n<\/h1><div class=\"title-sep-container\"><div class=\"title-sep sep-double\" style=\"border-color:#f18f1c;\"><\/div><\/div><\/div><div class=\"fusion-one-third one_third fusion-layout-column fusion-spacing-yes\" style=\"margin-top:0px;margin-bottom:20px;\"><div class=\"fusion-column-wrapper\"><span class=\"fusion-imageframe imageframe-none imageframe-1\"> <img decoding=\"async\" src=\"https:\/\/inventusgroup.com\/wp-content\/uploads\/2018\/01\/CSR.png\" alt=\"CSR - Corporate Social Responsibility\" class=\"img-responsive\"\/><\/span><\/div><\/div><div class=\"fusion-two-third fusion-layout-column fusion-column-last fusion-spacing-yes\" style=\"margin-top:0px;margin-bottom:20px;\"><div class=\"fusion-column-wrapper\"><h2>Haben Sie unbenutzte oder unerw\u00fcnschte IT-Ger\u00e4te?<\/h2>\n<p>Ist Ihr Lager \u00fcberf\u00fcllt mit alter IT-Ausr\u00fcstung, die nur Platz beansprucht? Oder haben Sie vielleicht alte IT-Hardware, die im Keller Ihres Unternehmens nur Staub sammelt und nicht verwendet wird? In diesen F\u00e4llen sollten Sie eine Entsorgung in Betracht ziehen, damit das Altmetall aus diesen Ger\u00e4ten wiederverwendet werden kann!<\/p>\n<p><span data-preserver-spaces=\"true\">Wir wissen, dass es nicht immer einfach ist, Ihre alten IT-Ger\u00e4te zu entsorgen, da IT-Hardware und Ger\u00e4te nicht einfach weggeworfen werden k\u00f6nnen. Wir unterst\u00fctzen Sie daher bei der Sammlung der \u00fcbersch\u00fcssigen IT-Ausr\u00fcstung, egal ob es sich um eine gro\u00dfe oder kleine Menge handelt. .<\/span><\/p>\n<p><span data-preserver-spaces=\"true\">Wir arbeiten nur mit einem der f\u00fchrenden Entsorgungsunternehmen in D\u00e4nemark zusammen, das \u00fcber umweltfreundliche Richtlinien und die richtigen ISO-Standards verf\u00fcgt, die auch unseren eigenen CSR-Richtlinien entsprechen. <\/span><\/p>\n<p><span data-preserver-spaces=\"true\">Wenn Sie Fragen zur Entsorgung von IT-Ger\u00e4ten haben, k\u00f6nnen Sie sich gerne an uns wenden! <\/span><span style=\"font-size: inherit;\"><\/p>\n<div class=\"fusion-button-wrapper fusion-alignleft\"><style type=\"text\/css\" scoped=\"scoped\">.fusion-button.button-1{border-width:1px;color:#ffffff;border-color:#ffffff;}.fusion-button.button-1:hover,.fusion-button.button-1:focus,.fusion-button.button-1:active{border-width:1px;border-color:#785510;color:#785510;}.fusion-button.button-1{background: #949a1a;}.fusion-button.button-1:hover,.button-1:focus,.fusion-button.button-1:active{background: #ffffff;}<\/style><a class=\"fusion-button button-flat button-square button-large button-custom button-1 fusion-animated\" data-animationType=\"fadeInLeft\" data-animationDuration=\"1\" target=\"_self\" href=\"https:\/\/inventusgroup.com\/de\/kontakt\/\"><i class=\"fa fa-phone button-icon-left\"><\/i><span class=\"fusion-button-text\">Angebotsanfrage <\/span><\/a><\/div><\/div><\/div><div class=\"fusion-clearfix\"><\/div><\/span><\/p>\n","protected":false},"excerpt":{"rendered":"","protected":false},"author":1,"featured_media":0,"parent":0,"menu_order":0,"comment_status":"closed","ping_status":"closed","template":"","meta":{"footnotes":""},"class_list":["post-13666","page","type-page","status-publish","hentry"],"yoast_head":"<!-- This site is optimized with the Yoast SEO plugin v27.0 - https:\/\/yoast.com\/product\/yoast-seo-wordpress\/ -->\n<title>\u2192 Entsorgung von IT-Ger\u00e4ten \u2190<\/title>\n<meta name=\"description\" content=\"Suchen Sie nach einer sicheren M\u00f6glichkeit, IT-Ger\u00e4te zu entsorgen oder zu recyceln? Wir k\u00f6nnen Ihnen helfen, Ihre gebrauchte IT-Ausstattung auf eine nachhaltige Weise zu entsorgen. Kontaktieren Sie uns\" \/>\n<meta name=\"robots\" content=\"index, follow, max-snippet:-1, max-image-preview:large, max-video-preview:-1\" \/>\n<link rel=\"canonical\" href=\"https:\/\/inventusgroup.com\/de\/entsorgung-von-it-ausstattung\/\" \/>\n<meta property=\"og:locale\" content=\"de_DE\" \/>\n<meta property=\"og:type\" content=\"article\" \/>\n<meta property=\"og:title\" content=\"\u2192 Entsorgung von IT-Ger\u00e4ten \u2190\" \/>\n<meta property=\"og:description\" content=\"Suchen Sie nach einer sicheren M\u00f6glichkeit, IT-Ger\u00e4te zu entsorgen oder zu recyceln? Wir k\u00f6nnen Ihnen helfen, Ihre gebrauchte IT-Ausstattung auf eine nachhaltige Weise zu entsorgen. Kontaktieren Sie uns\" \/>\n<meta property=\"og:url\" content=\"https:\/\/inventusgroup.com\/de\/entsorgung-von-it-ausstattung\/\" \/>\n<meta property=\"og:site_name\" content=\"Inventus Group A\/S\" \/>\n<meta property=\"article:modified_time\" content=\"2019-11-08T13:01:30+00:00\" \/>\n<meta property=\"og:image\" content=\"https:\/\/inventusgroup.com\/wp-content\/uploads\/2018\/01\/CSR.png\" \/>\n<meta name=\"twitter:card\" content=\"summary_large_image\" \/>\n<meta name=\"twitter:label1\" content=\"Gesch\u00e4tzte Lesezeit\" \/>\n\t<meta name=\"twitter:data1\" content=\"2\u00a0Minuten\" \/>\n<script type=\"application\/ld+json\" class=\"yoast-schema-graph\">{\"@context\":\"https:\/\/schema.org\",\"@graph\":[{\"@type\":\"WebPage\",\"@id\":\"https:\/\/inventusgroup.com\/de\/entsorgung-von-it-ausstattung\/\",\"url\":\"https:\/\/inventusgroup.com\/de\/entsorgung-von-it-ausstattung\/\",\"name\":\"\u2192 Entsorgung von IT-Ger\u00e4ten \u2190\",\"isPartOf\":{\"@id\":\"https:\/\/inventusgroup.com\/de\/#website\"},\"primaryImageOfPage\":{\"@id\":\"https:\/\/inventusgroup.com\/de\/entsorgung-von-it-ausstattung\/#primaryimage\"},\"image\":{\"@id\":\"https:\/\/inventusgroup.com\/de\/entsorgung-von-it-ausstattung\/#primaryimage\"},\"thumbnailUrl\":\"https:\/\/inventusgroup.com\/wp-content\/uploads\/2018\/01\/CSR.png\",\"datePublished\":\"2019-10-15T18:03:13+00:00\",\"dateModified\":\"2019-11-08T13:01:30+00:00\",\"description\":\"Suchen Sie nach einer sicheren M\u00f6glichkeit, IT-Ger\u00e4te zu entsorgen oder zu recyceln? Wir k\u00f6nnen Ihnen helfen, Ihre gebrauchte IT-Ausstattung auf eine nachhaltige Weise zu entsorgen. Kontaktieren Sie uns\",\"breadcrumb\":{\"@id\":\"https:\/\/inventusgroup.com\/de\/entsorgung-von-it-ausstattung\/#breadcrumb\"},\"inLanguage\":\"de\",\"potentialAction\":[{\"@type\":\"ReadAction\",\"target\":[\"https:\/\/inventusgroup.com\/de\/entsorgung-von-it-ausstattung\/\"]}]},{\"@type\":\"ImageObject\",\"inLanguage\":\"de\",\"@id\":\"https:\/\/inventusgroup.com\/de\/entsorgung-von-it-ausstattung\/#primaryimage\",\"url\":\"https:\/\/inventusgroup.com\/wp-content\/uploads\/2018\/01\/CSR.png\",\"contentUrl\":\"https:\/\/inventusgroup.com\/wp-content\/uploads\/2018\/01\/CSR.png\"},{\"@type\":\"BreadcrumbList\",\"@id\":\"https:\/\/inventusgroup.com\/de\/entsorgung-von-it-ausstattung\/#breadcrumb\",\"itemListElement\":[{\"@type\":\"ListItem\",\"position\":1,\"name\":\"Startseite\",\"item\":\"https:\/\/inventusgroup.com\/de\/\"},{\"@type\":\"ListItem\",\"position\":2,\"name\":\"Entsorgung von IT-Ausstattung\"}]},{\"@type\":\"WebSite\",\"@id\":\"https:\/\/inventusgroup.com\/de\/#website\",\"url\":\"https:\/\/inventusgroup.com\/de\/\",\"name\":\"Inventus Group A\/S\",\"description\":\"Your IT provider and reseller of used IT Infrastructure equipment\",\"potentialAction\":[{\"@type\":\"SearchAction\",\"target\":{\"@type\":\"EntryPoint\",\"urlTemplate\":\"https:\/\/inventusgroup.com\/de\/?s={search_term_string}\"},\"query-input\":{\"@type\":\"PropertyValueSpecification\",\"valueRequired\":true,\"valueName\":\"search_term_string\"}}],\"inLanguage\":\"de\"}]}<\/script>\n<!-- \/ Yoast SEO plugin. -->","yoast_head_json":{"title":"\u2192 Entsorgung von IT-Ger\u00e4ten \u2190","description":"Suchen Sie nach einer sicheren M\u00f6glichkeit, IT-Ger\u00e4te zu entsorgen oder zu recyceln? Wir k\u00f6nnen Ihnen helfen, Ihre gebrauchte IT-Ausstattung auf eine nachhaltige Weise zu entsorgen. Kontaktieren Sie uns","robots":{"index":"index","follow":"follow","max-snippet":"max-snippet:-1","max-image-preview":"max-image-preview:large","max-video-preview":"max-video-preview:-1"},"canonical":"https:\/\/inventusgroup.com\/de\/entsorgung-von-it-ausstattung\/","og_locale":"de_DE","og_type":"article","og_title":"\u2192 Entsorgung von IT-Ger\u00e4ten \u2190","og_description":"Suchen Sie nach einer sicheren M\u00f6glichkeit, IT-Ger\u00e4te zu entsorgen oder zu recyceln? Wir k\u00f6nnen Ihnen helfen, Ihre gebrauchte IT-Ausstattung auf eine nachhaltige Weise zu entsorgen. Kontaktieren Sie uns","og_url":"https:\/\/inventusgroup.com\/de\/entsorgung-von-it-ausstattung\/","og_site_name":"Inventus Group A\/S","article_modified_time":"2019-11-08T13:01:30+00:00","og_image":[{"url":"https:\/\/inventusgroup.com\/wp-content\/uploads\/2018\/01\/CSR.png","type":"","width":"","height":""}],"twitter_card":"summary_large_image","twitter_misc":{"Gesch\u00e4tzte Lesezeit":"2\u00a0Minuten"},"schema":{"@context":"https:\/\/schema.org","@graph":[{"@type":"WebPage","@id":"https:\/\/inventusgroup.com\/de\/entsorgung-von-it-ausstattung\/","url":"https:\/\/inventusgroup.com\/de\/entsorgung-von-it-ausstattung\/","name":"\u2192 Entsorgung von IT-Ger\u00e4ten \u2190","isPartOf":{"@id":"https:\/\/inventusgroup.com\/de\/#website"},"primaryImageOfPage":{"@id":"https:\/\/inventusgroup.com\/de\/entsorgung-von-it-ausstattung\/#primaryimage"},"image":{"@id":"https:\/\/inventusgroup.com\/de\/entsorgung-von-it-ausstattung\/#primaryimage"},"thumbnailUrl":"https:\/\/inventusgroup.com\/wp-content\/uploads\/2018\/01\/CSR.png","datePublished":"2019-10-15T18:03:13+00:00","dateModified":"2019-11-08T13:01:30+00:00","description":"Suchen Sie nach einer sicheren M\u00f6glichkeit, IT-Ger\u00e4te zu entsorgen oder zu recyceln? Wir k\u00f6nnen Ihnen helfen, Ihre gebrauchte IT-Ausstattung auf eine nachhaltige Weise zu entsorgen. Kontaktieren Sie uns","breadcrumb":{"@id":"https:\/\/inventusgroup.com\/de\/entsorgung-von-it-ausstattung\/#breadcrumb"},"inLanguage":"de","potentialAction":[{"@type":"ReadAction","target":["https:\/\/inventusgroup.com\/de\/entsorgung-von-it-ausstattung\/"]}]},{"@type":"ImageObject","inLanguage":"de","@id":"https:\/\/inventusgroup.com\/de\/entsorgung-von-it-ausstattung\/#primaryimage","url":"https:\/\/inventusgroup.com\/wp-content\/uploads\/2018\/01\/CSR.png","contentUrl":"https:\/\/inventusgroup.com\/wp-content\/uploads\/2018\/01\/CSR.png"},{"@type":"BreadcrumbList","@id":"https:\/\/inventusgroup.com\/de\/entsorgung-von-it-ausstattung\/#breadcrumb","itemListElement":[{"@type":"ListItem","position":1,"name":"Startseite","item":"https:\/\/inventusgroup.com\/de\/"},{"@type":"ListItem","position":2,"name":"Entsorgung von IT-Ausstattung"}]},{"@type":"WebSite","@id":"https:\/\/inventusgroup.com\/de\/#website","url":"https:\/\/inventusgroup.com\/de\/","name":"Inventus Group A\/S","description":"Your IT provider and reseller of used IT Infrastructure equipment","potentialAction":[{"@type":"SearchAction","target":{"@type":"EntryPoint","urlTemplate":"https:\/\/inventusgroup.com\/de\/?s={search_term_string}"},"query-input":{"@type":"PropertyValueSpecification","valueRequired":true,"valueName":"search_term_string"}}],"inLanguage":"de"}]}},"_links":{"self":[{"href":"https:\/\/inventusgroup.com\/de\/wp-json\/wp\/v2\/pages\/13666","targetHints":{"allow":["GET"]}}],"collection":[{"href":"https:\/\/inventusgroup.com\/de\/wp-json\/wp\/v2\/pages"}],"about":[{"href":"https:\/\/inventusgroup.com\/de\/wp-json\/wp\/v2\/types\/page"}],"author":[{"embeddable":true,"href":"https:\/\/inventusgroup.com\/de\/wp-json\/wp\/v2\/users\/1"}],"replies":[{"embeddable":true,"href":"https:\/\/inventusgroup.com\/de\/wp-json\/wp\/v2\/comments?post=13666"}],"version-history":[{"count":2,"href":"https:\/\/inventusgroup.com\/de\/wp-json\/wp\/v2\/pages\/13666\/revisions"}],"predecessor-version":[{"id":14104,"href":"https:\/\/inventusgroup.com\/de\/wp-json\/wp\/v2\/pages\/13666\/revisions\/14104"}],"wp:attachment":[{"href":"https:\/\/inventusgroup.com\/de\/wp-json\/wp\/v2\/media?parent=13666"}],"curies":[{"name":"wp","href":"https:\/\/api.w.org\/{rel}","templated":true}]}}