{"id":13682,"date":"2019-10-16T11:12:28","date_gmt":"2019-10-16T09:12:28","guid":{"rendered":"https:\/\/inventusgroup.com\/arbeiten-sie-mit-uns-zusammen\/"},"modified":"2019-11-01T11:31:09","modified_gmt":"2019-11-01T10:31:09","slug":"arbeiten-sie-mit-uns-zusammen","status":"publish","type":"page","link":"https:\/\/inventusgroup.com\/de\/arbeiten-sie-mit-uns-zusammen\/","title":{"rendered":"Arbeiten Sie mit uns zusammen"},"content":{"rendered":"<div class=\"fusion-title title fusion-title-size-one\"><h1 class=\"title-heading-left\">\n<p>Arbeiten Sie mit uns zusammen<\/p>\n<\/h1><div class=\"title-sep-container\"><div class=\"title-sep sep-double\" style=\"border-color:#f18f1c;\"><\/div><\/div><\/div><div class=\"fusion-one-full fusion-layout-column fusion-column-last fusion-spacing-yes\" style=\"margin-top:0px;margin-bottom:20px;\"><div class=\"fusion-column-wrapper\"><p>Wenn Sie mit Inventus Group beim Verkauf Ihrer gebrauchten IT-Ausstattung zusammenarbeiten, erhalten Sie garantiert einen professionellen und zuverl\u00e4ssigen Gesch\u00e4ftspartner. Wir sch\u00e4tzen unsere Beziehung zu unseren Kunden und bem\u00fchen uns stets um einen erstklassigen Service zu bieten.<\/p>\n<\/div><\/div><div class=\"fusion-clearfix\"><\/div><div class=\"fusion-one-third one_third fusion-layout-column fusion-spacing-yes\" style=\"margin-top:0px;margin-bottom:50px;\"><div class=\"fusion-column-wrapper\" style=\"border:2px solid #e0dede;padding: 30px 0;\"><div class=\"imageframe-align-center\"><span class=\"fusion-imageframe imageframe-none imageframe-1\"> <img decoding=\"async\" src=\"https:\/\/inventusgroup.com\/wp-content\/uploads\/2017\/12\/phase-1.png\" alt=\"\" class=\"img-responsive\"\/><\/span><\/div><\/div><\/div><div class=\"fusion-two-third fusion-layout-column fusion-column-last fusion-spacing-yes\" style=\"margin-top:0px;margin-bottom:20px;\"><div class=\"fusion-column-wrapper\"><h2>Phase 1 | Abkl\u00e4rung &amp; Partnerschaftsvertrag<\/h2>\n<p>Im ersten Schritt m\u00fcssen wir feststellen, ob Ihre gebrauchte IT-Ausstattung f\u00fcr den Weiterverkauf geeignet ist. Wenn Ihre Ger\u00e4te f\u00fcr den Weiterverkauf geeignet sind, schlie\u00dfen wir eine formelle Vereinbarung und Inventus Group A \/ S findet einen potenziellen K\u00e4ufer f\u00fcr Ihre IT-Ausstattung.<\/p>\n<\/div><\/div><div class=\"fusion-clearfix\"><\/div><div class=\"fusion-sep-clear\"><\/div><div class=\"fusion-separator fusion-full-width-sep sep-single\" style=\"border-color:#e0dede;border-top-width:1px;margin-left: auto;margin-right: auto;margin-top:px;margin-bottom:50px;\"><\/div><div class=\"fusion-one-third one_third fusion-layout-column fusion-spacing-yes\" style=\"margin-top:0px;margin-bottom:50px;\"><div class=\"fusion-column-wrapper\" style=\"border:2px solid #e0dede;padding:30px 0;\"><div class=\"imageframe-align-center\"><span class=\"fusion-imageframe imageframe-none imageframe-2\"> <img decoding=\"async\" src=\"https:\/\/inventusgroup.com\/wp-content\/uploads\/2017\/12\/phase-2-1.png\" alt=\"\" class=\"img-responsive\"\/><\/span><\/div><\/div><\/div><div class=\"fusion-two-third fusion-layout-column fusion-column-last fusion-spacing-yes\" style=\"margin-top:0px;margin-bottom:20px;\"><div class=\"fusion-column-wrapper\"><h2>Phase 2 | Registrierung &amp; Test &#8211; Datenvernichtung &#8211; Dokumentation<\/h2>\n<p>Wenn wir einen K\u00e4ufer gefunden haben, vereinbaren wir den Preis, die Versandkosten und den Abholtermin. Wir stimmen den Bedingungen auch dann zu, wenn Ihre IT-Ausr\u00fcstung aus irgendeinem Grund nicht funktionsf\u00e4hig ist oder kosmetische Sch\u00e4den aufweist. Sobald die Vereinbarung getroffen ist, holen wir Ihre IT-Ausstattung ab.<\/p>\n<h4><\/h4>\n<\/div><\/div><div class=\"fusion-clearfix\"><\/div><div class=\"fusion-sep-clear\"><\/div><div class=\"fusion-separator fusion-full-width-sep sep-single\" style=\"border-color:#e0dede;border-top-width:1px;margin-left: auto;margin-right: auto;margin-top:px;margin-bottom:50px;\"><\/div><div class=\"fusion-one-third one_third fusion-layout-column fusion-spacing-yes\" style=\"margin-top:0px;margin-bottom:50px;\"><div class=\"fusion-column-wrapper\" style=\"border:2px solid #e0dede;padding:30px 0;\"><div class=\"imageframe-align-center\"><span class=\"fusion-imageframe imageframe-none imageframe-3\"> <img decoding=\"async\" src=\"https:\/\/inventusgroup.com\/wp-content\/uploads\/2017\/12\/phase-3.png\" alt=\"\" class=\"img-responsive\"\/><\/span><\/div><\/div><\/div><div class=\"fusion-two-third fusion-layout-column fusion-column-last fusion-spacing-yes\" style=\"margin-top:0px;margin-bottom:20px;\"><div class=\"fusion-column-wrapper\"><h2>Phase 3 | Entsorgung nicht funktionsf\u00e4higer Ger\u00e4te<\/h2>\n<p>Wenn die gebrauchte IT-Ausstattung in unserem Lager ankommt, registrieren und testen wir diese. Wenn Sie Ihre Daten nicht gel\u00f6scht haben, werden wir alle Daten auf den Ger\u00e4ten sicher l\u00f6schen und gegen eine zus\u00e4tzliche Geb\u00fchr einen Dokumentationsbericht f\u00fcr die Datenl\u00f6schung erstellen.<\/p>\n<p>Wenn die IT-Ausstattung oder Teile davon aus irgendeinem Grund nicht funktionsf\u00e4hig sind, werden diese auf nachhaltige Weise und mit minimaler Auswirkung auf die Umwelt entsorgt.<\/p>\n<\/div><\/div><div class=\"fusion-clearfix\"><\/div><div class=\"fusion-sep-clear\"><\/div><div class=\"fusion-separator fusion-full-width-sep sep-single\" style=\"border-color:#e0dede;border-top-width:1px;margin-left: auto;margin-right: auto;margin-top:px;margin-bottom:50px;\"><\/div><div class=\"fusion-one-third one_third fusion-layout-column fusion-spacing-yes\" style=\"margin-top:0px;margin-bottom:50px;\"><div class=\"fusion-column-wrapper\" style=\"border:2px solid #e0dede;padding:30px 0;\"><div class=\"imageframe-align-center\"><span class=\"fusion-imageframe imageframe-none imageframe-4\"> <img decoding=\"async\" src=\"https:\/\/inventusgroup.com\/wp-content\/uploads\/2017\/12\/phase-4.png\" alt=\"\" class=\"img-responsive\"\/><\/span><\/div><\/div><\/div><div class=\"fusion-two-third fusion-layout-column fusion-column-last fusion-spacing-yes\" style=\"margin-top:0px;margin-bottom:20px;\"><div class=\"fusion-column-wrapper\"><h2>Phase 4 | Wiederverkauf von funktionaler IT-Ausstattung<\/h2>\n<p>Die gereinigte gebrauchte IT-Ausr\u00fcstung wird dann an den Endk\u00e4ufer versandt, welcher dann eine kurze Zeitspanne hat, um zu pr\u00fcfen, ob alles in Ordnung ist. . <\/p>\n<\/div><\/div><div class=\"fusion-clearfix\"><\/div><div class=\"fusion-sep-clear\"><\/div><div class=\"fusion-separator fusion-full-width-sep sep-single\" style=\"border-color:#e0dede;border-top-width:1px;margin-left: auto;margin-right: auto;margin-top:px;margin-bottom:50px;\"><\/div><div class=\"fusion-one-third one_third fusion-layout-column fusion-spacing-yes\" style=\"margin-top:0px;margin-bottom:50px;\"><div class=\"fusion-column-wrapper\" style=\"border:2px solid #e0dede;padding:30px 0;\"><div class=\"imageframe-align-center\"><span class=\"fusion-imageframe imageframe-none imageframe-5\"> <img decoding=\"async\" src=\"https:\/\/inventusgroup.com\/wp-content\/uploads\/2017\/12\/phase-5.png\" alt=\"\" class=\"img-responsive\"\/><\/span><\/div><\/div><\/div><div class=\"fusion-two-third fusion-layout-column fusion-column-last fusion-spacing-yes\" style=\"margin-top:0px;margin-bottom:20px;\"><div class=\"fusion-column-wrapper\"><h2>Phase 5 | Abrechnung<\/h2>\n<p>Die letzte Phase ist die Vertragsabschlie\u00dfung. Dies bedeutet, dass wir unsere Vereinbarung Schritt f\u00fcr Schritt durchgehen werden, um sicherzustellen, dass alles genaustens eingehalten wurde. <\/p>\n<div class=\"fusion-button-wrapper fusion-alignright\"><style type=\"text\/css\" scoped=\"scoped\">.fusion-button.button-1{border-width:1px;color:#ffffff;border-color:#ffffff;}.fusion-button.button-1:hover,.fusion-button.button-1:focus,.fusion-button.button-1:active{border-width:1px;border-color:#785510;color:#785510;}.fusion-button.button-1{background: #949a1a;}.fusion-button.button-1:hover,.button-1:focus,.fusion-button.button-1:active{background: #ffffff;}<\/style><a class=\"fusion-button button-flat button-square button-large button-custom button-1 fusion-animated\" data-animationType=\"fadeInLeft\" data-animationDuration=\"1\" target=\"_self\" href=\"https:\/\/inventusgroup.com\/de\/kontakt\/\"><i class=\"fa fa-arrow-circle-right button-icon-left\"><\/i><span class=\"fusion-button-text\">Kontaktieren Sie uns f\u00fcr weitere Informationen!<\/span><\/a><\/div><\/div><\/div><div class=\"fusion-clearfix\"><\/div>\n","protected":false},"excerpt":{"rendered":"","protected":false},"author":1,"featured_media":0,"parent":0,"menu_order":0,"comment_status":"closed","ping_status":"closed","template":"","meta":{"footnotes":""},"class_list":["post-13682","page","type-page","status-publish","hentry"],"yoast_head":"<!-- This site is optimized with the Yoast SEO plugin v27.0 - https:\/\/yoast.com\/product\/yoast-seo-wordpress\/ -->\n<title>\u2192 Arbeiten Sie mit uns zusammen \u2190<\/title>\n<meta name=\"description\" content=\"Die Vorteile einer Zusammenarbeit mit Inventus Group: Konkurrenzf\u00e4hige Preise \u2714 Professionelle Beratung \u2714 P\u00fcnktliche Lieferung \u2714 Hochwertige Verpackung \u2714 \u260e Kontaktieren Sie uns noch heute!\" \/>\n<meta name=\"robots\" content=\"index, follow, max-snippet:-1, max-image-preview:large, max-video-preview:-1\" \/>\n<link rel=\"canonical\" href=\"https:\/\/inventusgroup.com\/de\/arbeiten-sie-mit-uns-zusammen\/\" \/>\n<meta property=\"og:locale\" content=\"de_DE\" \/>\n<meta property=\"og:type\" content=\"article\" \/>\n<meta property=\"og:title\" content=\"\u2192 Arbeiten Sie mit uns zusammen \u2190\" \/>\n<meta property=\"og:description\" content=\"Die Vorteile einer Zusammenarbeit mit Inventus Group: Konkurrenzf\u00e4hige Preise \u2714 Professionelle Beratung \u2714 P\u00fcnktliche Lieferung \u2714 Hochwertige Verpackung \u2714 \u260e Kontaktieren Sie uns noch heute!\" \/>\n<meta property=\"og:url\" content=\"https:\/\/inventusgroup.com\/de\/arbeiten-sie-mit-uns-zusammen\/\" \/>\n<meta property=\"og:site_name\" content=\"Inventus Group A\/S\" \/>\n<meta property=\"article:modified_time\" content=\"2019-11-01T10:31:09+00:00\" \/>\n<meta property=\"og:image\" content=\"https:\/\/inventusgroup.com\/wp-content\/uploads\/2017\/12\/phase-1.png\" \/>\n<meta name=\"twitter:card\" content=\"summary_large_image\" \/>\n<meta name=\"twitter:label1\" content=\"Gesch\u00e4tzte Lesezeit\" \/>\n\t<meta name=\"twitter:data1\" content=\"6\u00a0Minuten\" \/>\n<script type=\"application\/ld+json\" class=\"yoast-schema-graph\">{\"@context\":\"https:\/\/schema.org\",\"@graph\":[{\"@type\":\"WebPage\",\"@id\":\"https:\/\/inventusgroup.com\/de\/arbeiten-sie-mit-uns-zusammen\/\",\"url\":\"https:\/\/inventusgroup.com\/de\/arbeiten-sie-mit-uns-zusammen\/\",\"name\":\"\u2192 Arbeiten Sie mit uns zusammen \u2190\",\"isPartOf\":{\"@id\":\"https:\/\/inventusgroup.com\/de\/#website\"},\"primaryImageOfPage\":{\"@id\":\"https:\/\/inventusgroup.com\/de\/arbeiten-sie-mit-uns-zusammen\/#primaryimage\"},\"image\":{\"@id\":\"https:\/\/inventusgroup.com\/de\/arbeiten-sie-mit-uns-zusammen\/#primaryimage\"},\"thumbnailUrl\":\"https:\/\/inventusgroup.com\/wp-content\/uploads\/2017\/12\/phase-1.png\",\"datePublished\":\"2019-10-16T09:12:28+00:00\",\"dateModified\":\"2019-11-01T10:31:09+00:00\",\"description\":\"Die Vorteile einer Zusammenarbeit mit Inventus Group: Konkurrenzf\u00e4hige Preise \u2714 Professionelle Beratung \u2714 P\u00fcnktliche Lieferung \u2714 Hochwertige Verpackung \u2714 \u260e Kontaktieren Sie uns noch heute!\",\"breadcrumb\":{\"@id\":\"https:\/\/inventusgroup.com\/de\/arbeiten-sie-mit-uns-zusammen\/#breadcrumb\"},\"inLanguage\":\"de\",\"potentialAction\":[{\"@type\":\"ReadAction\",\"target\":[\"https:\/\/inventusgroup.com\/de\/arbeiten-sie-mit-uns-zusammen\/\"]}]},{\"@type\":\"ImageObject\",\"inLanguage\":\"de\",\"@id\":\"https:\/\/inventusgroup.com\/de\/arbeiten-sie-mit-uns-zusammen\/#primaryimage\",\"url\":\"https:\/\/inventusgroup.com\/wp-content\/uploads\/2017\/12\/phase-1.png\",\"contentUrl\":\"https:\/\/inventusgroup.com\/wp-content\/uploads\/2017\/12\/phase-1.png\"},{\"@type\":\"BreadcrumbList\",\"@id\":\"https:\/\/inventusgroup.com\/de\/arbeiten-sie-mit-uns-zusammen\/#breadcrumb\",\"itemListElement\":[{\"@type\":\"ListItem\",\"position\":1,\"name\":\"Startseite\",\"item\":\"https:\/\/inventusgroup.com\/de\/\"},{\"@type\":\"ListItem\",\"position\":2,\"name\":\"Arbeiten Sie mit uns zusammen\"}]},{\"@type\":\"WebSite\",\"@id\":\"https:\/\/inventusgroup.com\/de\/#website\",\"url\":\"https:\/\/inventusgroup.com\/de\/\",\"name\":\"Inventus Group A\/S\",\"description\":\"Your IT provider and reseller of used IT Infrastructure equipment\",\"potentialAction\":[{\"@type\":\"SearchAction\",\"target\":{\"@type\":\"EntryPoint\",\"urlTemplate\":\"https:\/\/inventusgroup.com\/de\/?s={search_term_string}\"},\"query-input\":{\"@type\":\"PropertyValueSpecification\",\"valueRequired\":true,\"valueName\":\"search_term_string\"}}],\"inLanguage\":\"de\"}]}<\/script>\n<!-- \/ Yoast SEO plugin. -->","yoast_head_json":{"title":"\u2192 Arbeiten Sie mit uns zusammen \u2190","description":"Die Vorteile einer Zusammenarbeit mit Inventus Group: Konkurrenzf\u00e4hige Preise \u2714 Professionelle Beratung \u2714 P\u00fcnktliche Lieferung \u2714 Hochwertige Verpackung \u2714 \u260e Kontaktieren Sie uns noch heute!","robots":{"index":"index","follow":"follow","max-snippet":"max-snippet:-1","max-image-preview":"max-image-preview:large","max-video-preview":"max-video-preview:-1"},"canonical":"https:\/\/inventusgroup.com\/de\/arbeiten-sie-mit-uns-zusammen\/","og_locale":"de_DE","og_type":"article","og_title":"\u2192 Arbeiten Sie mit uns zusammen \u2190","og_description":"Die Vorteile einer Zusammenarbeit mit Inventus Group: Konkurrenzf\u00e4hige Preise \u2714 Professionelle Beratung \u2714 P\u00fcnktliche Lieferung \u2714 Hochwertige Verpackung \u2714 \u260e Kontaktieren Sie uns noch heute!","og_url":"https:\/\/inventusgroup.com\/de\/arbeiten-sie-mit-uns-zusammen\/","og_site_name":"Inventus Group A\/S","article_modified_time":"2019-11-01T10:31:09+00:00","og_image":[{"url":"https:\/\/inventusgroup.com\/wp-content\/uploads\/2017\/12\/phase-1.png","type":"","width":"","height":""}],"twitter_card":"summary_large_image","twitter_misc":{"Gesch\u00e4tzte Lesezeit":"6\u00a0Minuten"},"schema":{"@context":"https:\/\/schema.org","@graph":[{"@type":"WebPage","@id":"https:\/\/inventusgroup.com\/de\/arbeiten-sie-mit-uns-zusammen\/","url":"https:\/\/inventusgroup.com\/de\/arbeiten-sie-mit-uns-zusammen\/","name":"\u2192 Arbeiten Sie mit uns zusammen \u2190","isPartOf":{"@id":"https:\/\/inventusgroup.com\/de\/#website"},"primaryImageOfPage":{"@id":"https:\/\/inventusgroup.com\/de\/arbeiten-sie-mit-uns-zusammen\/#primaryimage"},"image":{"@id":"https:\/\/inventusgroup.com\/de\/arbeiten-sie-mit-uns-zusammen\/#primaryimage"},"thumbnailUrl":"https:\/\/inventusgroup.com\/wp-content\/uploads\/2017\/12\/phase-1.png","datePublished":"2019-10-16T09:12:28+00:00","dateModified":"2019-11-01T10:31:09+00:00","description":"Die Vorteile einer Zusammenarbeit mit Inventus Group: Konkurrenzf\u00e4hige Preise \u2714 Professionelle Beratung \u2714 P\u00fcnktliche Lieferung \u2714 Hochwertige Verpackung \u2714 \u260e Kontaktieren Sie uns noch heute!","breadcrumb":{"@id":"https:\/\/inventusgroup.com\/de\/arbeiten-sie-mit-uns-zusammen\/#breadcrumb"},"inLanguage":"de","potentialAction":[{"@type":"ReadAction","target":["https:\/\/inventusgroup.com\/de\/arbeiten-sie-mit-uns-zusammen\/"]}]},{"@type":"ImageObject","inLanguage":"de","@id":"https:\/\/inventusgroup.com\/de\/arbeiten-sie-mit-uns-zusammen\/#primaryimage","url":"https:\/\/inventusgroup.com\/wp-content\/uploads\/2017\/12\/phase-1.png","contentUrl":"https:\/\/inventusgroup.com\/wp-content\/uploads\/2017\/12\/phase-1.png"},{"@type":"BreadcrumbList","@id":"https:\/\/inventusgroup.com\/de\/arbeiten-sie-mit-uns-zusammen\/#breadcrumb","itemListElement":[{"@type":"ListItem","position":1,"name":"Startseite","item":"https:\/\/inventusgroup.com\/de\/"},{"@type":"ListItem","position":2,"name":"Arbeiten Sie mit uns zusammen"}]},{"@type":"WebSite","@id":"https:\/\/inventusgroup.com\/de\/#website","url":"https:\/\/inventusgroup.com\/de\/","name":"Inventus Group A\/S","description":"Your IT provider and reseller of used IT Infrastructure equipment","potentialAction":[{"@type":"SearchAction","target":{"@type":"EntryPoint","urlTemplate":"https:\/\/inventusgroup.com\/de\/?s={search_term_string}"},"query-input":{"@type":"PropertyValueSpecification","valueRequired":true,"valueName":"search_term_string"}}],"inLanguage":"de"}]}},"_links":{"self":[{"href":"https:\/\/inventusgroup.com\/de\/wp-json\/wp\/v2\/pages\/13682","targetHints":{"allow":["GET"]}}],"collection":[{"href":"https:\/\/inventusgroup.com\/de\/wp-json\/wp\/v2\/pages"}],"about":[{"href":"https:\/\/inventusgroup.com\/de\/wp-json\/wp\/v2\/types\/page"}],"author":[{"embeddable":true,"href":"https:\/\/inventusgroup.com\/de\/wp-json\/wp\/v2\/users\/1"}],"replies":[{"embeddable":true,"href":"https:\/\/inventusgroup.com\/de\/wp-json\/wp\/v2\/comments?post=13682"}],"version-history":[{"count":1,"href":"https:\/\/inventusgroup.com\/de\/wp-json\/wp\/v2\/pages\/13682\/revisions"}],"predecessor-version":[{"id":14066,"href":"https:\/\/inventusgroup.com\/de\/wp-json\/wp\/v2\/pages\/13682\/revisions\/14066"}],"wp:attachment":[{"href":"https:\/\/inventusgroup.com\/de\/wp-json\/wp\/v2\/media?parent=13682"}],"curies":[{"name":"wp","href":"https:\/\/api.w.org\/{rel}","templated":true}]}}