{"id":13707,"date":"2019-10-18T10:25:56","date_gmt":"2019-10-18T08:25:56","guid":{"rendered":"https:\/\/inventusgroup.com\/unser-team\/"},"modified":"2025-01-22T09:16:52","modified_gmt":"2025-01-22T08:16:52","slug":"unser-team","status":"publish","type":"page","link":"https:\/\/inventusgroup.com\/de\/unser-team\/","title":{"rendered":"Unser Team"},"content":{"rendered":"<div class=\"fusion-title title fusion-title-size-one\"><h1 class=\"title-heading-left\">\n<p>Meet the team<\/p>\n<\/h1><div class=\"title-sep-container\"><div class=\"title-sep sep-double\" style=\"border-color:#f18f1c;\"><\/div><\/div><\/div><div class=\"fusion-fullwidth fullwidth-box fusion-fullwidth-1  fusion-parallax-none\" style=\"border-color:#eae9e9;border-bottom-width: 0px;border-top-width: 0px;border-bottom-style: solid;border-top-style: solid;padding-bottom:20px;padding-left:0px;padding-right:0px;padding-top:20px;background-color:#ffffff;background-position:left top;background-repeat:no-repeat;-webkit-background-size:cover;-moz-background-size:cover;-o-background-size:cover;background-size:cover;\"><style type=\"text\/css\" scoped=\"scoped\">.fusion-fullwidth-1 {\n\t\t\t\t\t\t\tpadding-left: 0px !important;\n\t\t\t\t\t\t\tpadding-right: 0px !important;\n\t\t\t\t\t\t}<\/style><div class=\"fusion-row\"><p>Inventus Group wurde 2004 von Mikkel Linneberg und Jesper Mikkelsen gegr\u00fcndet. Obwohl sie die Chefs sind, ist unser Team eher eine Familie! 2012 bauten wir unser eigenes Firmengeb\u00e4ude Inventus House, das uns die M\u00f6glichkeit gab, mehr Platz im Lager und im B\u00fcro f\u00fcr unsere neuen Kollegen zu haben.<\/p>\n<p>Line ist seit mehr als 10 Jahren, f\u00fcr die Buchf\u00fchrung zust\u00e4ndig. Wenn Sie Fragen zu Ihren Rechnungen haben, rufen Sie sie an. Daniel und William sind seit 2014 bei Inventus Group. Sie verf\u00fcgen \u00fcber insgesamt 20 Jahre Erfahrung im d\u00e4nischen Einzelhandel, und brachten neue Ideen in das Team und haben so zu unserem weiteren Wachstum beigetragen. Sie lernten die Branche schnell kennen und sammeln weiterhin Erfahrungen. Seit Juli 2019 sind sie auch ein Teil der Gesch\u00e4ftsf\u00fchrung! Unser neuester Mitarbeiter ist Carlos, der \u00fcber Erfahrung in der Lagerverwaltung und Lieferkette verf\u00fcgt. Er sorgt daf\u00fcr, dass unser Lager auf dem neuesten Stand ist und Ihre Bestellung perfekt verpackt ist.<\/p>\n<p>Wir haben unterschiedliche F\u00e4higkeiten, Interessen und Erfahrungen, aber wir haben einen Weg gefunden, sie zu kombinieren, um unser Gesch\u00e4ft und unsere Beziehung zu unseren Partnern zu maximieren. Im Folgenden finden Sie unsere Kontaktdaten. Rufen Sie uns an oder schreiben Sie uns eine E-Mail, wenn Sie die gebrauchte IT-Ausr\u00fcstung verkaufen oder kaufen m\u00f6chten.<\/p>\n<div class=\"fusion-one-third one_third fusion-layout-column fusion-spacing-yes\" style=\"margin-top:0px;margin-bottom:20px;\"><div class=\"fusion-column-wrapper\"><div class=\"fusion-person person\"><div class=\"person-shortcode-image-wrapper\"><div class=\"person-imgage-container\"><img decoding=\"async\" class=\"person-img img-responsive\" style=\"border:2px solid #f18f1c;\" src=\"https:\/\/inventusgroup.com\/wp-content\/uploads\/2020\/10\/Mikkel-min-5.jpg\" alt=\"Mikkel Linneberg\" \/><\/div><\/div><div class=\"person-desc\"><div class=\"person-author\"><div class=\"person-author-wrapper\"><span class=\"person-name\">Mikkel Linneberg<\/span><span class=\"person-title\">Sales Manager, Partner<\/span><\/div><\/div><div class=\"person-content fusion-clearfix\">Phone: +45 87 400 200<br \/>\nE-mail: <a href=\"mailto:mli@inventusgroup.com\">mli@inventusgroup.com<\/a><\/div><\/div><\/div><\/div><\/div><div class=\"fusion-one-third one_third fusion-layout-column fusion-spacing-yes\" style=\"margin-top:0px;margin-bottom:20px;\"><div class=\"fusion-column-wrapper\"><div class=\"fusion-person person\"><div class=\"person-shortcode-image-wrapper\"><div class=\"person-imgage-container\"><img decoding=\"async\" class=\"person-img img-responsive\" style=\"border:2px solid #f18f1c;\" src=\"https:\/\/inventusgroup.com\/wp-content\/uploads\/2020\/10\/Daniel-min-5.jpg\" alt=\"Daniel Buje\" \/><\/div><\/div><div class=\"person-desc\"><div class=\"person-author\"><div class=\"person-author-wrapper\"><span class=\"person-name\">Daniel Buje<\/span><span class=\"person-title\">Senior Account Executive, Partner<\/span><\/div><\/div><div class=\"person-content fusion-clearfix\">Phone: +45 87 400 200<br \/>\nE-mail: <a href=\"mailto:dbu@inventusgroup.com\">dbu@inventusgroup.com<\/a><\/div><\/div><\/div><\/div><\/div><div class=\"fusion-one-third one_third fusion-layout-column fusion-column-last fusion-spacing-yes\" style=\"margin-top:0px;margin-bottom:20px;\"><div class=\"fusion-column-wrapper\"><div class=\"fusion-person person\"><div class=\"person-shortcode-image-wrapper\"><div class=\"person-imgage-container\"><img decoding=\"async\" class=\"person-img img-responsive\" style=\"border:2px solid #f18f1c;\" src=\"https:\/\/inventusgroup.com\/wp-content\/uploads\/2020\/10\/Line-min-5.jpg\" alt=\"Line Rostgaard J\u00f8rgensen\" \/><\/div><\/div><div class=\"person-desc\"><div class=\"person-author\"><div class=\"person-author-wrapper\"><span class=\"person-name\">Line Rostgaard J\u00f8rgensen<\/span><span class=\"person-title\">Accounts Payable &amp; Receivable, Finance<\/span><\/div><\/div><div class=\"person-content fusion-clearfix\">Phone: +45 87 400 200<br \/>\nE-mail: <a href=\"mailto:lrj@inventusgroup.com\">lrj@inventusgroup.com<\/a><\/div><\/div><\/div><\/div><\/div><div class=\"fusion-clearfix\"><\/div><div class=\"fusion-one-third one_third fusion-layout-column fusion-spacing-yes\" style=\"margin-top:0px;margin-bottom:20px;\"><div class=\"fusion-column-wrapper\"><div class=\"fusion-person person\"><div class=\"person-shortcode-image-wrapper\"><div class=\"person-imgage-container\" style=\"-webkit-border-radius:0px;-moz-border-radius:0px;border-radius:0px;\"><img decoding=\"async\" class=\"person-img img-responsive\" style=\"-webkit-border-radius:0px;-moz-border-radius:0px;border-radius:0px;border:2px solid #f18f1c;\" src=\"https:\/\/inventusgroup.com\/wp-content\/uploads\/2020\/10\/Carlos-5.jpg\" alt=\"Carlos Winther\" \/><\/div><\/div><div class=\"person-desc\"><div class=\"person-author\"><div class=\"person-author-wrapper\"><span class=\"person-name\">Carlos Winther<\/span><span class=\"person-title\">Logistics &amp; Warehouse<\/span><\/div><\/div><div class=\"person-content fusion-clearfix\">Phone: +45 87 400 200<br \/>\nE-mail: <a href=\"mailto:logistics@inventusgroup.com\">logistics@inventusgroup.com<\/a><\/div><\/div><\/div><\/div><\/div><div class=\"fusion-one-third one_third fusion-layout-column fusion-column-last fusion-spacing-yes\" style=\"margin-top:0px;margin-bottom:20px;\"><div class=\"fusion-column-wrapper\"><div class=\"fusion-person person\"><div class=\"person-shortcode-image-wrapper\"><div class=\"person-imgage-container\" style=\"-webkit-border-radius:0px;-moz-border-radius:0px;border-radius:0px;\"><img decoding=\"async\" class=\"person-img img-responsive\" style=\"-webkit-border-radius:0px;-moz-border-radius:0px;border-radius:0px;border:2px solid #f18f1c;\" src=\"https:\/\/inventusgroup.com\/wp-content\/uploads\/2021\/02\/Tamara-Cikotic-300x200.jpg\" alt=\"Tamara Cikotic\" \/><\/div><\/div><div class=\"person-desc\"><div class=\"person-author\"><div class=\"person-author-wrapper\"><span class=\"person-name\">Tamara Cikotic<\/span><span class=\"person-title\">Senior Account Executive<\/span><\/div><\/div><div class=\"person-content fusion-clearfix\">Phone: +45 87 400 200<br \/>\nE-mail: <a href=\"mailto:tci@inventusgroup.com\">tci@inventusgroup.com<\/a><\/div><\/div><\/div><\/div><\/div><div class=\"fusion-clearfix\"><\/div><\/div><\/div>\n","protected":false},"excerpt":{"rendered":"","protected":false},"author":1,"featured_media":0,"parent":0,"menu_order":0,"comment_status":"closed","ping_status":"closed","template":"","meta":{"footnotes":""},"class_list":["post-13707","page","type-page","status-publish","hentry"],"yoast_head":"<!-- This site is optimized with the Yoast SEO plugin v27.0 - https:\/\/yoast.com\/product\/yoast-seo-wordpress\/ -->\n<title>\u2192 Unser engagiertes Team \u2190 Inventus Group A \/ S<\/title>\n<meta name=\"description\" content=\"Treffen Sie das Team, das Ihnen bei allen Fragen zur IT-Ausr\u00fcstung behilflich sein kann. Egal ob Sie IT-Ausstattung kaufen oder verkaufen wollen, wir k\u00f6nnen Ihnen behilflich sein. .\" \/>\n<meta name=\"robots\" content=\"index, follow, max-snippet:-1, max-image-preview:large, max-video-preview:-1\" \/>\n<link rel=\"canonical\" href=\"https:\/\/inventusgroup.com\/de\/unser-team\/\" \/>\n<meta property=\"og:locale\" content=\"de_DE\" \/>\n<meta property=\"og:type\" content=\"article\" \/>\n<meta property=\"og:title\" content=\"\u2192 Unser engagiertes Team \u2190 Inventus Group A \/ S\" \/>\n<meta property=\"og:description\" content=\"Treffen Sie das Team, das Ihnen bei allen Fragen zur IT-Ausr\u00fcstung behilflich sein kann. Egal ob Sie IT-Ausstattung kaufen oder verkaufen wollen, wir k\u00f6nnen Ihnen behilflich sein. .\" \/>\n<meta property=\"og:url\" content=\"https:\/\/inventusgroup.com\/de\/unser-team\/\" \/>\n<meta property=\"og:site_name\" content=\"Inventus Group A\/S\" \/>\n<meta property=\"article:modified_time\" content=\"2025-01-22T08:16:52+00:00\" \/>\n<meta name=\"twitter:card\" content=\"summary_large_image\" \/>\n<meta name=\"twitter:label1\" content=\"Gesch\u00e4tzte Lesezeit\" \/>\n\t<meta name=\"twitter:data1\" content=\"5\u00a0Minuten\" \/>\n<script type=\"application\/ld+json\" class=\"yoast-schema-graph\">{\"@context\":\"https:\/\/schema.org\",\"@graph\":[{\"@type\":\"WebPage\",\"@id\":\"https:\/\/inventusgroup.com\/de\/unser-team\/\",\"url\":\"https:\/\/inventusgroup.com\/de\/unser-team\/\",\"name\":\"\u2192 Unser engagiertes Team \u2190 Inventus Group A \/ S\",\"isPartOf\":{\"@id\":\"https:\/\/inventusgroup.com\/de\/#website\"},\"datePublished\":\"2019-10-18T08:25:56+00:00\",\"dateModified\":\"2025-01-22T08:16:52+00:00\",\"description\":\"Treffen Sie das Team, das Ihnen bei allen Fragen zur IT-Ausr\u00fcstung behilflich sein kann. Egal ob Sie IT-Ausstattung kaufen oder verkaufen wollen, wir k\u00f6nnen Ihnen behilflich sein. .\",\"breadcrumb\":{\"@id\":\"https:\/\/inventusgroup.com\/de\/unser-team\/#breadcrumb\"},\"inLanguage\":\"de\",\"potentialAction\":[{\"@type\":\"ReadAction\",\"target\":[\"https:\/\/inventusgroup.com\/de\/unser-team\/\"]}]},{\"@type\":\"BreadcrumbList\",\"@id\":\"https:\/\/inventusgroup.com\/de\/unser-team\/#breadcrumb\",\"itemListElement\":[{\"@type\":\"ListItem\",\"position\":1,\"name\":\"Startseite\",\"item\":\"https:\/\/inventusgroup.com\/de\/\"},{\"@type\":\"ListItem\",\"position\":2,\"name\":\"Unser Team\"}]},{\"@type\":\"WebSite\",\"@id\":\"https:\/\/inventusgroup.com\/de\/#website\",\"url\":\"https:\/\/inventusgroup.com\/de\/\",\"name\":\"Inventus Group A\/S\",\"description\":\"Your IT provider and reseller of used IT Infrastructure equipment\",\"potentialAction\":[{\"@type\":\"SearchAction\",\"target\":{\"@type\":\"EntryPoint\",\"urlTemplate\":\"https:\/\/inventusgroup.com\/de\/?s={search_term_string}\"},\"query-input\":{\"@type\":\"PropertyValueSpecification\",\"valueRequired\":true,\"valueName\":\"search_term_string\"}}],\"inLanguage\":\"de\"}]}<\/script>\n<!-- \/ Yoast SEO plugin. -->","yoast_head_json":{"title":"\u2192 Unser engagiertes Team \u2190 Inventus Group A \/ S","description":"Treffen Sie das Team, das Ihnen bei allen Fragen zur IT-Ausr\u00fcstung behilflich sein kann. Egal ob Sie IT-Ausstattung kaufen oder verkaufen wollen, wir k\u00f6nnen Ihnen behilflich sein. .","robots":{"index":"index","follow":"follow","max-snippet":"max-snippet:-1","max-image-preview":"max-image-preview:large","max-video-preview":"max-video-preview:-1"},"canonical":"https:\/\/inventusgroup.com\/de\/unser-team\/","og_locale":"de_DE","og_type":"article","og_title":"\u2192 Unser engagiertes Team \u2190 Inventus Group A \/ S","og_description":"Treffen Sie das Team, das Ihnen bei allen Fragen zur IT-Ausr\u00fcstung behilflich sein kann. Egal ob Sie IT-Ausstattung kaufen oder verkaufen wollen, wir k\u00f6nnen Ihnen behilflich sein. .","og_url":"https:\/\/inventusgroup.com\/de\/unser-team\/","og_site_name":"Inventus Group A\/S","article_modified_time":"2025-01-22T08:16:52+00:00","twitter_card":"summary_large_image","twitter_misc":{"Gesch\u00e4tzte Lesezeit":"5\u00a0Minuten"},"schema":{"@context":"https:\/\/schema.org","@graph":[{"@type":"WebPage","@id":"https:\/\/inventusgroup.com\/de\/unser-team\/","url":"https:\/\/inventusgroup.com\/de\/unser-team\/","name":"\u2192 Unser engagiertes Team \u2190 Inventus Group A \/ S","isPartOf":{"@id":"https:\/\/inventusgroup.com\/de\/#website"},"datePublished":"2019-10-18T08:25:56+00:00","dateModified":"2025-01-22T08:16:52+00:00","description":"Treffen Sie das Team, das Ihnen bei allen Fragen zur IT-Ausr\u00fcstung behilflich sein kann. Egal ob Sie IT-Ausstattung kaufen oder verkaufen wollen, wir k\u00f6nnen Ihnen behilflich sein. .","breadcrumb":{"@id":"https:\/\/inventusgroup.com\/de\/unser-team\/#breadcrumb"},"inLanguage":"de","potentialAction":[{"@type":"ReadAction","target":["https:\/\/inventusgroup.com\/de\/unser-team\/"]}]},{"@type":"BreadcrumbList","@id":"https:\/\/inventusgroup.com\/de\/unser-team\/#breadcrumb","itemListElement":[{"@type":"ListItem","position":1,"name":"Startseite","item":"https:\/\/inventusgroup.com\/de\/"},{"@type":"ListItem","position":2,"name":"Unser Team"}]},{"@type":"WebSite","@id":"https:\/\/inventusgroup.com\/de\/#website","url":"https:\/\/inventusgroup.com\/de\/","name":"Inventus Group A\/S","description":"Your IT provider and reseller of used IT Infrastructure equipment","potentialAction":[{"@type":"SearchAction","target":{"@type":"EntryPoint","urlTemplate":"https:\/\/inventusgroup.com\/de\/?s={search_term_string}"},"query-input":{"@type":"PropertyValueSpecification","valueRequired":true,"valueName":"search_term_string"}}],"inLanguage":"de"}]}},"_links":{"self":[{"href":"https:\/\/inventusgroup.com\/de\/wp-json\/wp\/v2\/pages\/13707","targetHints":{"allow":["GET"]}}],"collection":[{"href":"https:\/\/inventusgroup.com\/de\/wp-json\/wp\/v2\/pages"}],"about":[{"href":"https:\/\/inventusgroup.com\/de\/wp-json\/wp\/v2\/types\/page"}],"author":[{"embeddable":true,"href":"https:\/\/inventusgroup.com\/de\/wp-json\/wp\/v2\/users\/1"}],"replies":[{"embeddable":true,"href":"https:\/\/inventusgroup.com\/de\/wp-json\/wp\/v2\/comments?post=13707"}],"version-history":[{"count":7,"href":"https:\/\/inventusgroup.com\/de\/wp-json\/wp\/v2\/pages\/13707\/revisions"}],"predecessor-version":[{"id":14796,"href":"https:\/\/inventusgroup.com\/de\/wp-json\/wp\/v2\/pages\/13707\/revisions\/14796"}],"wp:attachment":[{"href":"https:\/\/inventusgroup.com\/de\/wp-json\/wp\/v2\/media?parent=13707"}],"curies":[{"name":"wp","href":"https:\/\/api.w.org\/{rel}","templated":true}]}}