{"id":14074,"date":"2019-11-05T10:12:54","date_gmt":"2019-11-05T09:12:54","guid":{"rendered":"https:\/\/inventusgroup.com\/angebotsanfrage\/"},"modified":"2019-11-07T09:26:37","modified_gmt":"2019-11-07T08:26:37","slug":"angebotsanfrage","status":"publish","type":"page","link":"https:\/\/inventusgroup.com\/de\/angebotsanfrage\/","title":{"rendered":"Angebotsanfrage"},"content":{"rendered":"<div class=\"fusion-title title fusion-title-size-one\"><h1 class=\"title-heading-left\">\n<p>Angebotsanfrage<\/p>\n<\/h1><div class=\"title-sep-container\"><div class=\"title-sep sep-double\" style=\"border-color:#f18f1c;\"><\/div><\/div><\/div>\n\n\n\n<p>Sind Sie auf der Suche nach neuer oder gebrauchter IT Ausstattung und ben\u00f6tigen eine Preisliste? Um uns per E-Mail zu kontaktieren, f\u00fcllen Sie bitte die erforderlichen Felder aus. Wir bem\u00fchen uns, Anfragen innerhalb von 24 Stunden zu beantworten. <\/p>\n<div class=\"fusion-sep-clear\"><\/div><div class=\"fusion-separator fusion-full-width-sep sep-none\" style=\"border-color:#e0dede;margin-left: auto;margin-right: auto;margin-top:20px;\"><\/div><div class=\"fusion-fullwidth fullwidth-box fusion-fullwidth-1  fusion-parallax-none\" style=\"border-color:#eae9e9;border-bottom-width: 0px;border-top-width: 0px;border-bottom-style: solid;border-top-style: solid;padding-bottom:20px;padding-left:0px;padding-right:0px;padding-top:20px;background-color:#ffffff;background-position:left top;background-repeat:no-repeat;-webkit-background-size:cover;-moz-background-size:cover;-o-background-size:cover;background-size:cover;\"><style type=\"text\/css\" scoped=\"scoped\">.fusion-fullwidth-1 {\n\t\t\t\t\t\t\tpadding-left: 0px !important;\n\t\t\t\t\t\t\tpadding-right: 0px !important;\n\t\t\t\t\t\t}<\/style><div class=\"fusion-row\"> \n<div class=\"wpcf7 no-js\" id=\"wpcf7-f14108-o1\" lang=\"de-DE\" dir=\"ltr\" data-wpcf7-id=\"14108\">\n<div class=\"screen-reader-response\"><p role=\"status\" aria-live=\"polite\" aria-atomic=\"true\"><\/p> <ul><\/ul><\/div>\n<form action=\"\/de\/wp-json\/wp\/v2\/pages\/14074#wpcf7-f14108-o1\" method=\"post\" class=\"wpcf7-form init\" aria-label=\"Kontaktformular\" novalidate=\"novalidate\" data-status=\"init\">\n<fieldset class=\"hidden-fields-container\"><input type=\"hidden\" name=\"_wpcf7\" value=\"14108\" \/><input type=\"hidden\" name=\"_wpcf7_version\" value=\"6.1.5\" \/><input type=\"hidden\" name=\"_wpcf7_locale\" value=\"de_DE\" \/><input type=\"hidden\" name=\"_wpcf7_unit_tag\" value=\"wpcf7-f14108-o1\" \/><input type=\"hidden\" name=\"_wpcf7_container_post\" value=\"0\" \/><input type=\"hidden\" name=\"_wpcf7_posted_data_hash\" value=\"\" \/><input type=\"hidden\" name=\"_wpcf7_recaptcha_response\" value=\"\" \/>\n<\/fieldset>\n<p>Name\n<\/p>\n<p><span class=\"wpcf7-form-control-wrap\" data-name=\"your-name\"><input size=\"40\" maxlength=\"400\" class=\"wpcf7-form-control wpcf7-text wpcf7-validates-as-required\" aria-required=\"true\" aria-invalid=\"false\" value=\"\" type=\"text\" name=\"your-name\" \/><\/span>\n<\/p>\n<p>E-mail\n<\/p>\n<p><span class=\"wpcf7-form-control-wrap\" data-name=\"your-email\"><input size=\"40\" maxlength=\"400\" class=\"wpcf7-form-control wpcf7-email wpcf7-validates-as-required wpcf7-text wpcf7-validates-as-email\" aria-required=\"true\" aria-invalid=\"false\" value=\"\" type=\"email\" name=\"your-email\" \/><\/span>\n<\/p>\n<p>Betreff\n<\/p>\n<p><span class=\"wpcf7-form-control-wrap\" data-name=\"your-subject\"><input size=\"40\" maxlength=\"400\" class=\"wpcf7-form-control wpcf7-text\" aria-invalid=\"false\" value=\"\" type=\"text\" name=\"your-subject\" \/><\/span>\n<\/p>\n<p>Ihre Nachricht\n<\/p>\n<p><span class=\"wpcf7-form-control-wrap\" data-name=\"your-message\"><textarea cols=\"40\" rows=\"10\" maxlength=\"2000\" class=\"wpcf7-form-control wpcf7-textarea\" aria-invalid=\"false\" name=\"your-message\"><\/textarea><\/span>\n<\/p>\n<p><input class=\"wpcf7-form-control wpcf7-submit has-spinner\" type=\"submit\" value=\"Nachricht absenden\" \/>\n<\/p><div class=\"wpcf7-response-output\" aria-hidden=\"true\"><\/div>\n<\/form>\n<\/div>\n\r\n<script type=\"text\/javascript\">\r\ndocument.addEventListener( 'wpcf7submit', function( event ) {\r\n\t\tvar base_url = jQuery('.fusion-logo a').attr('href');\r\n\t    location = base_url+'\/contact-success\/';\r\n}, false );\r\n<\/script><\/div><\/div> <\/p>\n","protected":false},"excerpt":{"rendered":"","protected":false},"author":1,"featured_media":0,"parent":0,"menu_order":0,"comment_status":"closed","ping_status":"closed","template":"","meta":{"footnotes":""},"class_list":["post-14074","page","type-page","status-publish","hentry"],"yoast_head":"<!-- This site is optimized with the Yoast SEO plugin v27.0 - https:\/\/yoast.com\/product\/yoast-seo-wordpress\/ -->\n<title>Angebotsanfrage - Inventus Group A\/S<\/title>\n<meta name=\"robots\" content=\"index, follow, max-snippet:-1, max-image-preview:large, max-video-preview:-1\" \/>\n<link rel=\"canonical\" href=\"https:\/\/inventusgroup.com\/de\/angebotsanfrage\/\" \/>\n<meta property=\"og:locale\" content=\"de_DE\" \/>\n<meta property=\"og:type\" content=\"article\" \/>\n<meta property=\"og:title\" content=\"Angebotsanfrage - Inventus Group A\/S\" \/>\n<meta property=\"og:url\" content=\"https:\/\/inventusgroup.com\/de\/angebotsanfrage\/\" \/>\n<meta property=\"og:site_name\" content=\"Inventus Group A\/S\" \/>\n<meta property=\"article:modified_time\" content=\"2019-11-07T08:26:37+00:00\" \/>\n<meta name=\"twitter:card\" content=\"summary_large_image\" \/>\n<meta name=\"twitter:label1\" content=\"Gesch\u00e4tzte Lesezeit\" \/>\n\t<meta name=\"twitter:data1\" content=\"1\u00a0Minute\" \/>\n<script type=\"application\/ld+json\" class=\"yoast-schema-graph\">{\"@context\":\"https:\/\/schema.org\",\"@graph\":[{\"@type\":\"WebPage\",\"@id\":\"https:\/\/inventusgroup.com\/de\/angebotsanfrage\/\",\"url\":\"https:\/\/inventusgroup.com\/de\/angebotsanfrage\/\",\"name\":\"Angebotsanfrage - Inventus Group A\/S\",\"isPartOf\":{\"@id\":\"https:\/\/inventusgroup.com\/de\/#website\"},\"datePublished\":\"2019-11-05T09:12:54+00:00\",\"dateModified\":\"2019-11-07T08:26:37+00:00\",\"breadcrumb\":{\"@id\":\"https:\/\/inventusgroup.com\/de\/angebotsanfrage\/#breadcrumb\"},\"inLanguage\":\"de\",\"potentialAction\":[{\"@type\":\"ReadAction\",\"target\":[\"https:\/\/inventusgroup.com\/de\/angebotsanfrage\/\"]}]},{\"@type\":\"BreadcrumbList\",\"@id\":\"https:\/\/inventusgroup.com\/de\/angebotsanfrage\/#breadcrumb\",\"itemListElement\":[{\"@type\":\"ListItem\",\"position\":1,\"name\":\"Startseite\",\"item\":\"https:\/\/inventusgroup.com\/de\/\"},{\"@type\":\"ListItem\",\"position\":2,\"name\":\"Angebotsanfrage\"}]},{\"@type\":\"WebSite\",\"@id\":\"https:\/\/inventusgroup.com\/de\/#website\",\"url\":\"https:\/\/inventusgroup.com\/de\/\",\"name\":\"Inventus Group A\/S\",\"description\":\"Your IT provider and reseller of used IT Infrastructure equipment\",\"potentialAction\":[{\"@type\":\"SearchAction\",\"target\":{\"@type\":\"EntryPoint\",\"urlTemplate\":\"https:\/\/inventusgroup.com\/de\/?s={search_term_string}\"},\"query-input\":{\"@type\":\"PropertyValueSpecification\",\"valueRequired\":true,\"valueName\":\"search_term_string\"}}],\"inLanguage\":\"de\"}]}<\/script>\n<!-- \/ Yoast SEO plugin. -->","yoast_head_json":{"title":"Angebotsanfrage - Inventus Group A\/S","robots":{"index":"index","follow":"follow","max-snippet":"max-snippet:-1","max-image-preview":"max-image-preview:large","max-video-preview":"max-video-preview:-1"},"canonical":"https:\/\/inventusgroup.com\/de\/angebotsanfrage\/","og_locale":"de_DE","og_type":"article","og_title":"Angebotsanfrage - Inventus Group A\/S","og_url":"https:\/\/inventusgroup.com\/de\/angebotsanfrage\/","og_site_name":"Inventus Group A\/S","article_modified_time":"2019-11-07T08:26:37+00:00","twitter_card":"summary_large_image","twitter_misc":{"Gesch\u00e4tzte Lesezeit":"1\u00a0Minute"},"schema":{"@context":"https:\/\/schema.org","@graph":[{"@type":"WebPage","@id":"https:\/\/inventusgroup.com\/de\/angebotsanfrage\/","url":"https:\/\/inventusgroup.com\/de\/angebotsanfrage\/","name":"Angebotsanfrage - Inventus Group A\/S","isPartOf":{"@id":"https:\/\/inventusgroup.com\/de\/#website"},"datePublished":"2019-11-05T09:12:54+00:00","dateModified":"2019-11-07T08:26:37+00:00","breadcrumb":{"@id":"https:\/\/inventusgroup.com\/de\/angebotsanfrage\/#breadcrumb"},"inLanguage":"de","potentialAction":[{"@type":"ReadAction","target":["https:\/\/inventusgroup.com\/de\/angebotsanfrage\/"]}]},{"@type":"BreadcrumbList","@id":"https:\/\/inventusgroup.com\/de\/angebotsanfrage\/#breadcrumb","itemListElement":[{"@type":"ListItem","position":1,"name":"Startseite","item":"https:\/\/inventusgroup.com\/de\/"},{"@type":"ListItem","position":2,"name":"Angebotsanfrage"}]},{"@type":"WebSite","@id":"https:\/\/inventusgroup.com\/de\/#website","url":"https:\/\/inventusgroup.com\/de\/","name":"Inventus Group A\/S","description":"Your IT provider and reseller of used IT Infrastructure equipment","potentialAction":[{"@type":"SearchAction","target":{"@type":"EntryPoint","urlTemplate":"https:\/\/inventusgroup.com\/de\/?s={search_term_string}"},"query-input":{"@type":"PropertyValueSpecification","valueRequired":true,"valueName":"search_term_string"}}],"inLanguage":"de"}]}},"_links":{"self":[{"href":"https:\/\/inventusgroup.com\/de\/wp-json\/wp\/v2\/pages\/14074","targetHints":{"allow":["GET"]}}],"collection":[{"href":"https:\/\/inventusgroup.com\/de\/wp-json\/wp\/v2\/pages"}],"about":[{"href":"https:\/\/inventusgroup.com\/de\/wp-json\/wp\/v2\/types\/page"}],"author":[{"embeddable":true,"href":"https:\/\/inventusgroup.com\/de\/wp-json\/wp\/v2\/users\/1"}],"replies":[{"embeddable":true,"href":"https:\/\/inventusgroup.com\/de\/wp-json\/wp\/v2\/comments?post=14074"}],"version-history":[{"count":1,"href":"https:\/\/inventusgroup.com\/de\/wp-json\/wp\/v2\/pages\/14074\/revisions"}],"predecessor-version":[{"id":14097,"href":"https:\/\/inventusgroup.com\/de\/wp-json\/wp\/v2\/pages\/14074\/revisions\/14097"}],"wp:attachment":[{"href":"https:\/\/inventusgroup.com\/de\/wp-json\/wp\/v2\/media?parent=14074"}],"curies":[{"name":"wp","href":"https:\/\/api.w.org\/{rel}","templated":true}]}}