{"id":14191,"date":"2019-12-10T11:34:00","date_gmt":"2019-12-10T10:34:00","guid":{"rendered":"https:\/\/inventusgroup.com\/datenschutz\/"},"modified":"2019-12-10T11:50:18","modified_gmt":"2019-12-10T10:50:18","slug":"datenschutz","status":"publish","type":"page","link":"https:\/\/inventusgroup.com\/de\/datenschutz\/","title":{"rendered":"Datenschutz"},"content":{"rendered":"<div class=\"fusion-one-full fusion-layout-column fusion-column-last fusion-spacing-yes\" style=\"margin-top:0px;margin-bottom:20px;\"><div class=\"fusion-column-wrapper\"><div class=\"fusion-title title fusion-title-size-one\"><h1 class=\"title-heading-left\">\n<p>Datenschutz<\/p>\n<\/h1><div class=\"title-sep-container\"><div class=\"title-sep sep-double\" style=\"border-color:#f18f1c;\"><\/div><\/div><\/div><\/div><\/div><div class=\"fusion-clearfix\"><\/div><div class=\"fusion-one-full fusion-layout-column fusion-column-last fusion-spacing-yes\" style=\"margin-top:0px;margin-bottom:20px;\"><div class=\"fusion-column-wrapper\"><p>Wir legen Wert auf den Schutz personenbezogener Daten und legen auch gro\u00dfen Wert auf den Schutz Ihrer Privatsph\u00e4re. Diese Datenschutzerkl\u00e4rung erl\u00e4utert, wie wir als Datenverantwortlicher mit personenbezogenen Daten von potenziellen Kunden und Kunden gem\u00e4\u00df (EU) 2016\/279, der Allgemeinen Datenschutzverordnung (GDPR), umgehen. Diese Richtlinie gilt in Situationen, in denen Inventus Group A \/ S personenbezogene Daten behandelt, die auf unserer Website und in unseren Newslettern erfasst wurden. Durch die Nutzung unserer Website und unseres Newsletters erkl\u00e4ren Sie sich damit einverstanden, dass Ihre pers\u00f6nlichen Daten gem\u00e4\u00df dieser Datenschutzrichtlinie verarbeitet werden.<\/p>\n<p><strong>Was sind personenbezogene Daten?<\/strong><br \/>\nPersonenbezogene Daten sind alle Informationen, die zur Identifizierung einer Person verwendet werden k\u00f6nnen &#8211; z. Name, Adresse, Telefonnummer, E-Mail-Adresse, Identifikationsnummer.<\/p>\n<p><strong>Erhebung personenbezogener Daten<\/strong><br \/>\nBei den von Ihnen angegebenen personenbezogenen Daten handelt es sich um Daten, die Sie uns aktiv zur Verf\u00fcgung stellen, indem Sie:<\/p>\n<ul>\n<li>Formulare ausf\u00fcllen<\/li>\n<li>Produkte bestellen<\/li>\n<li>Unsere Dienstleistungen nutzen<\/li>\n<li>Sich f\u00fcr Veranstaltungen anmelden<\/li>\n<li>Bewerbungen einreichen<\/li>\n<li>Etc.<\/li>\n<\/ul>\n<p>Wir sammeln Daten dar\u00fcber, wie Besucher unsere Newsletter und Website nutzen &#8211; \u00fcber IP-Adresse, Browsereinstellungen, Betriebssysteme usw. Diese Informationen werden zur Entwicklung unserer Newsletter, Website-Funktionen und Inhalte im Allgemeinen verwendet.<\/p>\n<p><strong>Verarbeitung personenbezogener Daten<\/strong><br \/>\nDie Informationen, die wir von Ihnen sammeln, k\u00f6nnen f\u00fcr einen der folgenden Zwecke verwendet werden:<\/p>\n<ul>\n<li>Um Ihnen einen pers\u00f6nlicheren Service anzubieten<\/li>\n<li>Zur Verbesserung und Optimierung unsere Website<\/li>\n<li>Zum Verbessern unseres Kundenservices<\/li>\n<li>Zur Lieferung der Waren und Dienstleistungen, die Sie bei uns gekauft haben<\/li>\n<li>Zur Verbesserung unsere Kommunikation Mit der von Ihnen angegebenen E-Mail-Adresse k\u00f6nnen Sie Informationen und Aktualisierungen zu Ihrer Bestellung, Unternehmensnachrichten, Aktualisierungen und Informationen zu \u00e4hnlichen Produkten und Dienstleistungen erhalten Sie k\u00f6nnen den Newsletter jederzeit abbestellen, indem Sie uns von dieser E-Mail aus oder, falls zutreffend, \u00fcber die Schaltfl\u00e4che unten in der E-Mail antworten.<\/li>\n<\/ul>\n<p><strong>Empf\u00e4nger der pers\u00f6nlichen Daten<\/strong><br \/>\nWir k\u00f6nnen Ihre personenbezogenen Daten an alle Unternehmen unserer Gruppe (d. h. Holdinggesellschaften und Tochtergesellschaften) weitergeben, soweit dies f\u00fcr die in dieser Datenschutzerkl\u00e4rung genannten Zwecke angemessenerweise erforderlich ist.<\/p>\n<p>Wir verkaufen, handeln oder geben Ihre pers\u00f6nlichen Daten nicht an Dritte weiter. Ausgenommen hiervon sind vertrauensw\u00fcrdige Dritte, die uns dabei helfen, unsere Website zu betreiben, Gesch\u00e4fte zu betreiben, die von Ihnen bestellten Waren zu liefern oder Dienstleistungen zu erbringen, sofern diese Parteien damit einverstanden sind, die Informationen vertraulich zu behandeln und sie nicht f\u00fcr andere, nicht vereinbarte Zwecke zu verwenden. M\u00f6glicherweise geben wir Ihre personenbezogenen Daten auch dann weiter, wenn wir die gesetzlichen Anforderungen erf\u00fcllen, die Richtlinien der Website einhalten oder die Rechte, das Eigentum oder die Sicherheit unserer oder anderer Personen sch\u00fctzen m\u00fcssen. Auf der Website erfasste nicht personenbezogene Daten \u00fcber Besucher k\u00f6nnen jedoch Dritten f\u00fcr Marketing, Werbung oder andere Zwecke zur Verf\u00fcgung gestellt werden.<\/p>\n<p>Wir haben Vereinbarungen mit Drittanbietern geschlossen, um die Website-Besucher besser sehen zu k\u00f6nnen. Diese Dienstleister d\u00fcrfen die Informationen, die sie in unserem Namen sammeln, nur dazu verwenden, uns beim Betrieb und bei der Verbesserung unseres Gesch\u00e4fts zu unterst\u00fctzen. Wenn Ihre personenbezogenen Daten mit anderen Empf\u00e4ngern als in dieser Datenschutzrichtlinie angegeben weitergegeben werden, werden wir Sie zum Zeitpunkt der Erfassung Ihrer personenbezogenen Daten und der Einholung Ihrer Zustimmung \u00fcber diese Weitergabe informieren.<\/p>\n<p><strong>Cookies<\/strong><br \/>\nCookies sind kleine Dateien, die eine Website oder ein Dienstanbieter \u00fcber den Browser an die Festplatte Ihres Computers sendet (sofern Sie dies zulassen) und die dazu f\u00fchren, dass die Website Ihren Browser erkennt und bestimmte Informationen abrufen und speichern kann. Wir verwenden Cookies, um einige wesentliche Funktionen auszuf\u00fchren und das Nutzererlebnis zu verbessern sowie Statistiken \u00fcber den Verkehr und die Kommunikation auf der Website zu erstellen.<\/p>\n<p>Cookies werden zu Kommunikationszwecken verwendet, um die Kommunikation mit unseren Kunden zu verbessern und die Website zu analysieren. Cookies teilen uns mit, wo die Nutzer unserer Website waren, helfen uns, unsere Werbe- und Marketingaktivit\u00e4ten sowie die Suchergebnisse \u00fcber Internet-Suchmaschinen zu messen und auszurichten, und geben uns Informationen \u00fcber unsere Nutzer, damit wir unsere Onlinedienste weiterentwickeln k\u00f6nnen. Wenn Sie Cookies in Ihrem Browser aktiviert haben, k\u00f6nnen Ihre Cookie-Informationen verwendet werden, um unsere Kommunikation mit Ihnen \u00fcber E-Mails, Newsletter und dergleichen zu verbessern.<\/p>\n<p>Sie k\u00f6nnen Cookies in Ihrem Browser deaktivieren und \/ oder gespeicherte Cookies in Ihrem Browser l\u00f6schen. Beachten Sie, dass das Blockieren von Cookies die Funktionalit\u00e4t der Website beeintr\u00e4chtigen kann.<\/p>\n<p><strong>Wie lange werden Ihre Daten gespeichert?<\/strong><br \/>\nWir speichern Ihre personenbezogenen Daten nur so lange, wie dies f\u00fcr den Zweck relevant ist, f\u00fcr den sie urspr\u00fcnglich erfasst wurden.<\/p>\n<p><strong>Pers\u00f6nliche Rechte<\/strong><br \/>\nSie haben das Recht, einen Bericht dar\u00fcber anzufordern, \u00fcber welche pers\u00f6nlichen Informationen wir \u00fcber Sie verf\u00fcgen, indem Sie einen sogenannten Registrierungsauszug anfordern. Sie haben auch das Recht zu verlangen, dass falsche Informationen \u00fcber Sie korrigiert werden, sowie die M\u00f6glichkeit, die Entfernung Ihrer pers\u00f6nlichen Informationen anzufordern. Sie haben das Recht, Ihre Einwilligung zur Verarbeitung und Nutzung Ihrer personenbezogenen Daten f\u00fcr Direktmarketingzwecke zu widerrufen. Um eine Anfrage einzureichen, kontaktieren Sie uns bitte f\u00fcr weitere Informationen. Sie haben das Recht, eventuelle Beschwerden \u00fcber die Verarbeitung Ihrer personenbezogenen Daten bei der nationalen Aufsichtsbeh\u00f6rde einzureichen.<\/p>\n<p><strong>\u00dcberweisung in ein Drittland<\/strong><br \/>\nInformationen, die wir beim Besuch unserer Website sammeln, k\u00f6nnen zwischen allen L\u00e4ndern, in denen wir t\u00e4tig sind, gespeichert, verarbeitet und \u00fcbertragen werden, um die Informationen gem\u00e4\u00df den Datenschutzbestimmungen zu verwenden.<\/p>\n<p><strong>Links zu Dritten<\/strong><br \/>\nWir k\u00f6nnen nach eigenem Ermessen Produkte von Drittanbietern auf unserer Website ver\u00f6ffentlichen oder anbieten. Diese Produkte von Drittanbietern haben ihre eigenen, unabh\u00e4ngigen Datenschutzrichtlinien. Wir \u00fcbernehmen daher keine Verantwortung f\u00fcr den Inhalt und die Aktivit\u00e4ten dieser verlinkten Websites.<\/p>\n<p><strong>\u00c4nderungen der Datenschutzbestimmungen<\/strong><br \/>\nWir behalten uns das Recht vor, diese Datenschutzrichtlinie jederzeit zu aktualisieren oder zu \u00e4ndern. Sie sollten daher diese Seite besuchen, um die neueste Version zu erhalten.<\/p>\n<p><strong>Kontaktieren Sie uns<\/strong><br \/>\nKontaktieren Sie uns, falls Sie Fragen zu dieser Datenschutzrichtlinie oder zu unserer Verarbeitung personenbezogener Daten haben oder uns bez\u00fcglich Ihrer personenbezogenen Daten kontaktieren m\u00f6chten, wenden Sie sich bitte an <a href=\"mailto:info@inventusgroup.com\">info@inventusgroup.com<\/a><\/p>\n<\/div><\/div><div class=\"fusion-clearfix\"><\/div><div class=\"fusion-one-full fusion-layout-column fusion-column-last fusion-spacing-yes\" style=\"margin-top:0px;margin-bottom:20px;\"><div class=\"fusion-column-wrapper\"><\/div><\/div><div class=\"fusion-clearfix\"><\/div>\n","protected":false},"excerpt":{"rendered":"","protected":false},"author":1,"featured_media":0,"parent":0,"menu_order":0,"comment_status":"closed","ping_status":"closed","template":"","meta":{"footnotes":""},"class_list":["post-14191","page","type-page","status-publish","hentry"],"yoast_head":"<!-- This site is optimized with the Yoast SEO plugin v27.0 - https:\/\/yoast.com\/product\/yoast-seo-wordpress\/ -->\n<title>\u2192 Der Schutz Ihrer Privatsph\u00e4re ist uns wichtig \u2190 Inventus Group A\/S<\/title>\n<meta name=\"description\" content=\"Der Schutz Ihrer Privatsph\u00e4re ist uns wichtig. Wir halten uns an die DS-GVO und respektieren Ihre privaten Daten!\" \/>\n<meta name=\"robots\" content=\"index, follow, max-snippet:-1, max-image-preview:large, max-video-preview:-1\" \/>\n<link rel=\"canonical\" href=\"https:\/\/inventusgroup.com\/de\/datenschutz\/\" \/>\n<meta property=\"og:locale\" content=\"de_DE\" \/>\n<meta property=\"og:type\" content=\"article\" \/>\n<meta property=\"og:title\" content=\"\u2192 Der Schutz Ihrer Privatsph\u00e4re ist uns wichtig \u2190 Inventus Group A\/S\" \/>\n<meta property=\"og:description\" content=\"Der Schutz Ihrer Privatsph\u00e4re ist uns wichtig. Wir halten uns an die DS-GVO und respektieren Ihre privaten Daten!\" \/>\n<meta property=\"og:url\" content=\"https:\/\/inventusgroup.com\/de\/datenschutz\/\" \/>\n<meta property=\"og:site_name\" content=\"Inventus Group A\/S\" \/>\n<meta property=\"article:modified_time\" content=\"2019-12-10T10:50:18+00:00\" \/>\n<meta name=\"twitter:card\" content=\"summary_large_image\" \/>\n<meta name=\"twitter:label1\" content=\"Gesch\u00e4tzte Lesezeit\" \/>\n\t<meta name=\"twitter:data1\" content=\"6\u00a0Minuten\" \/>\n<script type=\"application\/ld+json\" class=\"yoast-schema-graph\">{\"@context\":\"https:\/\/schema.org\",\"@graph\":[{\"@type\":\"WebPage\",\"@id\":\"https:\/\/inventusgroup.com\/de\/datenschutz\/\",\"url\":\"https:\/\/inventusgroup.com\/de\/datenschutz\/\",\"name\":\"\u2192 Der Schutz Ihrer Privatsph\u00e4re ist uns wichtig \u2190 Inventus Group A\/S\",\"isPartOf\":{\"@id\":\"https:\/\/inventusgroup.com\/de\/#website\"},\"datePublished\":\"2019-12-10T10:34:00+00:00\",\"dateModified\":\"2019-12-10T10:50:18+00:00\",\"description\":\"Der Schutz Ihrer Privatsph\u00e4re ist uns wichtig. Wir halten uns an die DS-GVO und respektieren Ihre privaten Daten!\",\"breadcrumb\":{\"@id\":\"https:\/\/inventusgroup.com\/de\/datenschutz\/#breadcrumb\"},\"inLanguage\":\"de\",\"potentialAction\":[{\"@type\":\"ReadAction\",\"target\":[\"https:\/\/inventusgroup.com\/de\/datenschutz\/\"]}]},{\"@type\":\"BreadcrumbList\",\"@id\":\"https:\/\/inventusgroup.com\/de\/datenschutz\/#breadcrumb\",\"itemListElement\":[{\"@type\":\"ListItem\",\"position\":1,\"name\":\"Startseite\",\"item\":\"https:\/\/inventusgroup.com\/de\/\"},{\"@type\":\"ListItem\",\"position\":2,\"name\":\"Datenschutz\"}]},{\"@type\":\"WebSite\",\"@id\":\"https:\/\/inventusgroup.com\/de\/#website\",\"url\":\"https:\/\/inventusgroup.com\/de\/\",\"name\":\"Inventus Group A\/S\",\"description\":\"Your IT provider and reseller of used IT Infrastructure equipment\",\"potentialAction\":[{\"@type\":\"SearchAction\",\"target\":{\"@type\":\"EntryPoint\",\"urlTemplate\":\"https:\/\/inventusgroup.com\/de\/?s={search_term_string}\"},\"query-input\":{\"@type\":\"PropertyValueSpecification\",\"valueRequired\":true,\"valueName\":\"search_term_string\"}}],\"inLanguage\":\"de\"}]}<\/script>\n<!-- \/ Yoast SEO plugin. -->","yoast_head_json":{"title":"\u2192 Der Schutz Ihrer Privatsph\u00e4re ist uns wichtig \u2190 Inventus Group A\/S","description":"Der Schutz Ihrer Privatsph\u00e4re ist uns wichtig. Wir halten uns an die DS-GVO und respektieren Ihre privaten Daten!","robots":{"index":"index","follow":"follow","max-snippet":"max-snippet:-1","max-image-preview":"max-image-preview:large","max-video-preview":"max-video-preview:-1"},"canonical":"https:\/\/inventusgroup.com\/de\/datenschutz\/","og_locale":"de_DE","og_type":"article","og_title":"\u2192 Der Schutz Ihrer Privatsph\u00e4re ist uns wichtig \u2190 Inventus Group A\/S","og_description":"Der Schutz Ihrer Privatsph\u00e4re ist uns wichtig. Wir halten uns an die DS-GVO und respektieren Ihre privaten Daten!","og_url":"https:\/\/inventusgroup.com\/de\/datenschutz\/","og_site_name":"Inventus Group A\/S","article_modified_time":"2019-12-10T10:50:18+00:00","twitter_card":"summary_large_image","twitter_misc":{"Gesch\u00e4tzte Lesezeit":"6\u00a0Minuten"},"schema":{"@context":"https:\/\/schema.org","@graph":[{"@type":"WebPage","@id":"https:\/\/inventusgroup.com\/de\/datenschutz\/","url":"https:\/\/inventusgroup.com\/de\/datenschutz\/","name":"\u2192 Der Schutz Ihrer Privatsph\u00e4re ist uns wichtig \u2190 Inventus Group A\/S","isPartOf":{"@id":"https:\/\/inventusgroup.com\/de\/#website"},"datePublished":"2019-12-10T10:34:00+00:00","dateModified":"2019-12-10T10:50:18+00:00","description":"Der Schutz Ihrer Privatsph\u00e4re ist uns wichtig. Wir halten uns an die DS-GVO und respektieren Ihre privaten Daten!","breadcrumb":{"@id":"https:\/\/inventusgroup.com\/de\/datenschutz\/#breadcrumb"},"inLanguage":"de","potentialAction":[{"@type":"ReadAction","target":["https:\/\/inventusgroup.com\/de\/datenschutz\/"]}]},{"@type":"BreadcrumbList","@id":"https:\/\/inventusgroup.com\/de\/datenschutz\/#breadcrumb","itemListElement":[{"@type":"ListItem","position":1,"name":"Startseite","item":"https:\/\/inventusgroup.com\/de\/"},{"@type":"ListItem","position":2,"name":"Datenschutz"}]},{"@type":"WebSite","@id":"https:\/\/inventusgroup.com\/de\/#website","url":"https:\/\/inventusgroup.com\/de\/","name":"Inventus Group A\/S","description":"Your IT provider and reseller of used IT Infrastructure equipment","potentialAction":[{"@type":"SearchAction","target":{"@type":"EntryPoint","urlTemplate":"https:\/\/inventusgroup.com\/de\/?s={search_term_string}"},"query-input":{"@type":"PropertyValueSpecification","valueRequired":true,"valueName":"search_term_string"}}],"inLanguage":"de"}]}},"_links":{"self":[{"href":"https:\/\/inventusgroup.com\/de\/wp-json\/wp\/v2\/pages\/14191","targetHints":{"allow":["GET"]}}],"collection":[{"href":"https:\/\/inventusgroup.com\/de\/wp-json\/wp\/v2\/pages"}],"about":[{"href":"https:\/\/inventusgroup.com\/de\/wp-json\/wp\/v2\/types\/page"}],"author":[{"embeddable":true,"href":"https:\/\/inventusgroup.com\/de\/wp-json\/wp\/v2\/users\/1"}],"replies":[{"embeddable":true,"href":"https:\/\/inventusgroup.com\/de\/wp-json\/wp\/v2\/comments?post=14191"}],"version-history":[{"count":1,"href":"https:\/\/inventusgroup.com\/de\/wp-json\/wp\/v2\/pages\/14191\/revisions"}],"predecessor-version":[{"id":14194,"href":"https:\/\/inventusgroup.com\/de\/wp-json\/wp\/v2\/pages\/14191\/revisions\/14194"}],"wp:attachment":[{"href":"https:\/\/inventusgroup.com\/de\/wp-json\/wp\/v2\/media?parent=14191"}],"curies":[{"name":"wp","href":"https:\/\/api.w.org\/{rel}","templated":true}]}}